{"id":2977,"date":"2025-09-25T09:39:25","date_gmt":"2025-09-25T01:39:25","guid":{"rendered":"https:\/\/dongoufilter.com\/product\/pgh-filtro-prensa-lavadora\/"},"modified":"2025-11-03T15:34:20","modified_gmt":"2025-11-03T07:34:20","slug":"pgh-filtro-prensa-lavadora","status":"publish","type":"product","link":"https:\/\/dongoufilter.com\/pt-pt\/produto\/pgh-filtro-prensa-lavadora\/","title":{"rendered":"PGH Filtro-Prensa Lavadora"},"content":{"rendered":"\t\t<div data-elementor-type=\"product-post\" data-elementor-id=\"2977\" class=\"elementor elementor-2977 elementor-432\" data-elementor-post-type=\"product\">\n\t\t\t\t<div class=\"elementor-element elementor-element-aae1603 e-con-full e-flex e-con e-parent\" data-id=\"aae1603\" data-element_type=\"container\" data-e-type=\"container\">\n\t\t<div class=\"elementor-element elementor-element-8c14ebd e-grid e-con-full e-con e-child\" data-id=\"8c14ebd\" data-element_type=\"container\" data-e-type=\"container\">\n\t\t\t\t<div class=\"elementor-element elementor-element-623f9a8 elementor-position-top elementor-widget elementor-widget-image-box\" data-id=\"623f9a8\" data-element_type=\"widget\" data-e-type=\"widget\" data-widget_type=\"image-box.default\">\n\t\t\t\t\t<div class=\"elementor-image-box-wrapper\"><figure class=\"elementor-image-box-img\"><img decoding=\"async\" width=\"200\" height=\"200\" src=\"https:\/\/dongoufilter.com\/wp-content\/uploads\/2025\/09\/Sealed-filter-press-system.png\" class=\"attachment-full size-full wp-image-2983\" alt=\"\" srcset=\"https:\/\/dongoufilter.com\/wp-content\/uploads\/2025\/09\/Sealed-filter-press-system.png 200w, https:\/\/dongoufilter.com\/wp-content\/uploads\/2025\/09\/Sealed-filter-press-system-150x150.png 150w, https:\/\/dongoufilter.com\/wp-content\/uploads\/2025\/09\/Sealed-filter-press-system-100x100.png 100w\" sizes=\"(max-width: 200px) 100vw, 200px\" \/><\/figure><div class=\"elementor-image-box-content\"><h3 class=\"elementor-image-box-title\">Sistema de filtro-prensa selado<\/h3><p class=\"elementor-image-box-description\">A opera\u00e7\u00e3o totalmente fechada garante um ambiente de produ\u00e7\u00e3o mais limpo e seguro.<\/p><\/div><\/div>\t\t\t\t<\/div>\n\t\t\t\t<div class=\"elementor-element elementor-element-d40dc87 elementor-position-top elementor-widget elementor-widget-image-box\" data-id=\"d40dc87\" data-element_type=\"widget\" data-e-type=\"widget\" data-widget_type=\"image-box.default\">\n\t\t\t\t\t<div class=\"elementor-image-box-wrapper\"><figure class=\"elementor-image-box-img\"><img decoding=\"async\" width=\"200\" height=\"200\" src=\"https:\/\/dongoufilter.com\/wp-content\/uploads\/2025\/09\/Positive-pressure.png\" class=\"attachment-full size-full wp-image-2982\" alt=\"\" srcset=\"https:\/\/dongoufilter.com\/wp-content\/uploads\/2025\/09\/Positive-pressure.png 200w, https:\/\/dongoufilter.com\/wp-content\/uploads\/2025\/09\/Positive-pressure-150x150.png 150w, https:\/\/dongoufilter.com\/wp-content\/uploads\/2025\/09\/Positive-pressure-100x100.png 100w\" sizes=\"(max-width: 200px) 100vw, 200px\" \/><\/figure><div class=\"elementor-image-box-content\"><h3 class=\"elementor-image-box-title\">Desidrata\u00e7\u00e3o por press\u00e3o positiva e descarga autom\u00e1tica de res\u00edduos<\/h3><p class=\"elementor-image-box-description\">A abertura autom\u00e1tica da tampa e a descarga pneum\u00e1tica reduzem a movimenta\u00e7\u00e3o manual e melhoram a seguran\u00e7a.<\/p><\/div><\/div>\t\t\t\t<\/div>\n\t\t\t\t<div class=\"elementor-element elementor-element-ed1e88b elementor-position-top elementor-widget elementor-widget-image-box\" data-id=\"ed1e88b\" data-element_type=\"widget\" data-e-type=\"widget\" data-widget_type=\"image-box.default\">\n\t\t\t\t\t<div class=\"elementor-image-box-wrapper\"><figure class=\"elementor-image-box-img\"><img decoding=\"async\" width=\"200\" height=\"200\" src=\"https:\/\/dongoufilter.com\/wp-content\/uploads\/2025\/09\/Multi-unit.png\" class=\"attachment-full size-full wp-image-2981\" alt=\"\" srcset=\"https:\/\/dongoufilter.com\/wp-content\/uploads\/2025\/09\/Multi-unit.png 200w, https:\/\/dongoufilter.com\/wp-content\/uploads\/2025\/09\/Multi-unit-150x150.png 150w, https:\/\/dongoufilter.com\/wp-content\/uploads\/2025\/09\/Multi-unit-100x100.png 100w\" sizes=\"(max-width: 200px) 100vw, 200px\" \/><\/figure><div class=\"elementor-image-box-content\"><h3 class=\"elementor-image-box-title\">Sincroniza\u00e7\u00e3o de v\u00e1rias unidades<\/h3><p class=\"elementor-image-box-description\">Permite produ\u00e7\u00e3o cont\u00ednua e maior efici\u00eancia do fluxo de trabalho para lavagem e clarifica\u00e7\u00e3o de chorume em grande escala.<\/p><\/div><\/div>\t\t\t\t<\/div>\n\t\t\t\t<div class=\"elementor-element elementor-element-36ae5e1 elementor-position-top elementor-widget elementor-widget-image-box\" data-id=\"36ae5e1\" data-element_type=\"widget\" data-e-type=\"widget\" data-widget_type=\"image-box.default\">\n\t\t\t\t\t<div class=\"elementor-image-box-wrapper\"><figure class=\"elementor-image-box-img\"><img loading=\"lazy\" decoding=\"async\" width=\"200\" height=\"200\" src=\"https:\/\/dongoufilter.com\/wp-content\/uploads\/2025\/09\/Large-filtration-area.png\" class=\"attachment-full size-full wp-image-2980\" alt=\"\" srcset=\"https:\/\/dongoufilter.com\/wp-content\/uploads\/2025\/09\/Large-filtration-area.png 200w, https:\/\/dongoufilter.com\/wp-content\/uploads\/2025\/09\/Large-filtration-area-150x150.png 150w, https:\/\/dongoufilter.com\/wp-content\/uploads\/2025\/09\/Large-filtration-area-100x100.png 100w\" sizes=\"(max-width: 200px) 100vw, 200px\" \/><\/figure><div class=\"elementor-image-box-content\"><h3 class=\"elementor-image-box-title\">Grande \u00e1rea de filtra\u00e7\u00e3o<\/h3><p class=\"elementor-image-box-description\">Unidade \u00fanica at\u00e9 500 m\u00b2, com m\u00f3dulos auxiliares opcionais para rendimento adicional.\n<\/p><\/div><\/div>\t\t\t\t<\/div>\n\t\t\t\t<div class=\"elementor-element elementor-element-9a886c8 elementor-position-top elementor-widget elementor-widget-image-box\" data-id=\"9a886c8\" data-element_type=\"widget\" data-e-type=\"widget\" data-widget_type=\"image-box.default\">\n\t\t\t\t\t<div class=\"elementor-image-box-wrapper\"><figure class=\"elementor-image-box-img\"><img loading=\"lazy\" decoding=\"async\" width=\"200\" height=\"200\" src=\"https:\/\/dongoufilter.com\/wp-content\/uploads\/2025\/09\/Flexible-contact.png\" class=\"attachment-full size-full wp-image-2979\" alt=\"\" srcset=\"https:\/\/dongoufilter.com\/wp-content\/uploads\/2025\/09\/Flexible-contact.png 200w, https:\/\/dongoufilter.com\/wp-content\/uploads\/2025\/09\/Flexible-contact-150x150.png 150w, https:\/\/dongoufilter.com\/wp-content\/uploads\/2025\/09\/Flexible-contact-100x100.png 100w\" sizes=\"(max-width: 200px) 100vw, 200px\" \/><\/figure><div class=\"elementor-image-box-content\"><h3 class=\"elementor-image-box-title\">Op\u00e7\u00f5es flex\u00edveis de material de contato<\/h3><p class=\"elementor-image-box-description\">Pe\u00e7as molhadas dispon\u00edveis em forro de pl\u00e1stico, a\u00e7o inoxid\u00e1vel ou tit\u00e2nio para se adequar a diferentes pastas qu\u00edmicas.<\/p><\/div><\/div>\t\t\t\t<\/div>\n\t\t\t\t<\/div>\n\t\t<div class=\"elementor-element elementor-element-ce17757 e-con-full e-flex e-con e-child\" data-id=\"ce17757\" data-element_type=\"container\" data-e-type=\"container\" data-settings=\"{&quot;background_background&quot;:&quot;classic&quot;}\">\n\t\t\t\t<div class=\"elementor-element elementor-element-36229c2 elementor-widget elementor-widget-heading\" data-id=\"36229c2\" data-element_type=\"widget\" data-e-type=\"widget\" data-widget_type=\"heading.default\">\n\t\t\t\t\t<h2 class=\"elementor-heading-title elementor-size-default\">Desempenho do processo<\/h2>\t\t\t\t<\/div>\n\t\t\t\t<\/div>\n\t\t<div class=\"elementor-element elementor-element-2e6c8fa e-con-full e-flex e-con e-child\" data-id=\"2e6c8fa\" data-element_type=\"container\" data-e-type=\"container\">\n\t\t<div class=\"elementor-element elementor-element-3ec0904 e-con-full e-flex e-con e-child\" data-id=\"3ec0904\" data-element_type=\"container\" data-e-type=\"container\">\n\t\t\t\t<div class=\"elementor-element elementor-element-4eb6feb elementor-widget elementor-widget-image\" data-id=\"4eb6feb\" data-element_type=\"widget\" data-e-type=\"widget\" data-widget_type=\"image.default\">\n\t\t\t\t\t\t\t\t\t\t\t\t\t\t\t<img loading=\"lazy\" decoding=\"async\" width=\"1083\" height=\"736\" src=\"https:\/\/dongoufilter.com\/wp-content\/uploads\/2025\/09\/PGH\u6d41\u7a0b\u56fe\u82f1\u6587.png\" class=\"attachment-full size-full wp-image-2221\" alt=\"\" srcset=\"https:\/\/dongoufilter.com\/wp-content\/uploads\/2025\/09\/PGH\u6d41\u7a0b\u56fe\u82f1\u6587.png 1083w, https:\/\/dongoufilter.com\/wp-content\/uploads\/2025\/09\/PGH\u6d41\u7a0b\u56fe\u82f1\u6587-300x204.png 300w, https:\/\/dongoufilter.com\/wp-content\/uploads\/2025\/09\/PGH\u6d41\u7a0b\u56fe\u82f1\u6587-1024x696.png 1024w, https:\/\/dongoufilter.com\/wp-content\/uploads\/2025\/09\/PGH\u6d41\u7a0b\u56fe\u82f1\u6587-768x522.png 768w, https:\/\/dongoufilter.com\/wp-content\/uploads\/2025\/09\/PGH\u6d41\u7a0b\u56fe\u82f1\u6587-600x408.png 600w\" sizes=\"(max-width: 1083px) 100vw, 1083px\" \/>\t\t\t\t\t\t\t\t\t\t\t\t\t\t\t<\/div>\n\t\t\t\t<\/div>\n\t\t<div class=\"elementor-element elementor-element-b5b8998 e-con-full e-flex e-con e-child\" data-id=\"b5b8998\" data-element_type=\"container\" data-e-type=\"container\">\n\t\t\t\t<div class=\"elementor-element elementor-element-bf3f888 elementor-widget elementor-widget-text-editor\" data-id=\"bf3f888\" data-element_type=\"widget\" data-e-type=\"widget\" data-widget_type=\"text-editor.default\">\n\t\t\t\t\t\t\t\t\t<p>Clarifica\u00e7\u00e3o do chorume com bolo molhado aceit\u00e1vel: Ideal onde a clareza do filtrado \u00e9 o principal requisito, incluindo descolora\u00e7\u00e3o de carv\u00e3o ativado e lavagem qu\u00edmica a granel.<\/p><p>Qualidade consistente do lote: As zonas de filtra\u00e7\u00e3o auxiliares capturam o licor residual, garantindo que cada lote seja descarregado sem contamina\u00e7\u00e3o cruzada.<\/p><p>Opera\u00e7\u00e3o cont\u00ednua de grande volume: a sincroniza\u00e7\u00e3o de v\u00e1rias unidades suporta processos industriais de alto rendimento, reduzindo o tempo de inatividade nas ind\u00fastrias qu\u00edmica, aliment\u00edcia e ambiental.<\/p><p>Manuseamento eficiente de cristais e part\u00edculas finas: Mant\u00e9m a estabilidade da suspens\u00e3o enquanto filtra as impurezas, especialmente eficaz para clarifica\u00e7\u00e3o de solu\u00e7\u00f5es cristalinas e p\u00f3s finos.<\/p><p>Confiabilidade industrial comprovada: Extensivamente aplicada em produtos qu\u00edmicos finos, produtos farmac\u00eauticos, aditivos alimentares e tratamento de \u00e1guas residuais, onde o filtrado clarificado e o rendimento est\u00e1vel s\u00e3o cr\u00edticos.<\/p>\t\t\t\t\t\t\t\t<\/div>\n\t\t\t\t<\/div>\n\t\t\t\t<\/div>\n\t\t<div class=\"elementor-element elementor-element-e17ca3d e-con-full e-flex e-con e-child\" data-id=\"e17ca3d\" data-element_type=\"container\" data-e-type=\"container\" data-settings=\"{&quot;background_background&quot;:&quot;classic&quot;}\">\n\t\t\t\t<div class=\"elementor-element elementor-element-5fc2e40 elementor-widget elementor-widget-heading\" data-id=\"5fc2e40\" data-element_type=\"widget\" data-e-type=\"widget\" data-widget_type=\"heading.default\">\n\t\t\t\t\t<h2 class=\"elementor-heading-title elementor-size-default\">Especifica\u00e7\u00f5es de refer\u00eancia  <\/h2>\t\t\t\t<\/div>\n\t\t\t\t<\/div>\n\t\t<div class=\"elementor-element elementor-element-cf0274e e-con-full e-flex e-con e-child\" data-id=\"cf0274e\" data-element_type=\"container\" data-e-type=\"container\">\n\t\t\t\t<div class=\"elementor-element elementor-element-e0fa36e elementor-widget elementor-widget-text-editor\" data-id=\"e0fa36e\" data-element_type=\"widget\" data-e-type=\"widget\" data-widget_type=\"text-editor.default\">\n\t\t\t\t\t\t\t\t\t<div class=\"table-wrapper\"><table><tbody><tr><td>Modelo<\/td><td>PGH-1<\/td><td>PGH-2<\/td><td>PGH-3<\/td><td>PGH-5<\/td><td>PGH-10<\/td><td>PGH-20<\/td><td>PGH-30<\/td><td>PGH-40<\/td><td>PGH-60<\/td><td>PGH-100<\/td><\/tr><tr><td>\u00c1rea de Filtra\u00e7\u00e3o (m\u00b2)<\/td><td>1<\/td><td>2<\/td><td>3<\/td><td>5<\/td><td>10<\/td><td>20<\/td><td>30<\/td><td>40<\/td><td>60<\/td><td>100<\/td><\/tr><tr><td>Capacidade (t\/h)<\/td><td colspan=\"10\">Determinada a partir de dados experimentais do chorume espec\u00edfico<\/td><\/tr><tr><td>Press\u00e3o de funcionamento (MPa)<\/td><td colspan=\"10\">\u22640.25<\/td><\/tr><tr><td>Temperatura de opera\u00e7\u00e3o (\u00b0C)<\/td> <td colspan=\"10\">\u2264100<\/td><\/tr><tr><td>Di\u00e2metro do vaso (mm)<\/td><td>\u03c6300<\/td><td>\u03c6300<\/td><td>\u03c6400<\/td><td>\u03c6550<\/td><td>\u03c6800<\/td><td>\u03c6900<\/td><td>\u03c61200 \/ \u03c61000<\/td><td>\u03c61400 \/ \u03c61500<\/td><td>\u03c61600 \/ \u03c61400<\/td><td>\u03c62000<\/td><\/tr><tr><td>Altura do vaso (mm)<\/td><td>1730<\/td><td>2030<\/td><td>2500<\/td><td>2530<\/td><td>3050<\/td><td>3440<\/td><td>3840 \/ 2480<\/td><td>4100 \/ 3800<\/td><td>4880<\/td><td>5330<\/td><\/tr><tr><td>Entrada\/Sa\u00edda (mm)<\/td><td>DN25\/DN25<\/td><td>DN40\/DN40<\/td><td>DN40\/DN40<\/td><td>DN40\/DN50<\/td><td>DN50\/DN65<\/td><td>DN65\/DN65<\/td><td>DN50\/DN65<\/td><td>DN65\/DN65<\/td><td>DN65\/DN65<\/td><td>DN80\/DN80<\/td><\/tr><tr><td>Porta de descarga (mm)<\/td><td>\u03c6300<\/td><td>\u03c6300<\/td><td>\u03c6400<\/td><td>\u03c6550<\/td><td>\u03c6800<\/td><td>\u03c6800<\/td><td>\u03c61200 \/ \u03c61000<\/td><td>\u03c61400 \/ \u03c61000<\/td><td>\u03c61600 \/ \u03c61400<\/td><td>\u03c61400 \/ \u03c61600<\/td><\/tr><tr><td>Volume da embarca\u00e7\u00e3o (m\u00b3)<\/td><td>\u22640,1<\/td><td>0.079<\/td><td>0.17<\/td><td>0.321<\/td><td>0.86<\/td><td>1.25<\/td><td>2.38 \/ 1.38<\/td><td>2.8 \/ 2.4<\/td><td>5.6<\/td><td>13.3<\/td><\/tr><\/tbody><\/table><\/div>\t\t\t\t\t\t\t\t<\/div>\n\t\t\t\t<\/div>\n\t\t\t\t<\/div>\n\t\t\t\t<\/div>\n\t\t","protected":false},"excerpt":{"rendered":"<p>A lavadora de filtros-prensas PGH \u00e9 projetada para processos de filtra\u00e7\u00e3o e lavagem de polpa de alto teor s\u00f3lido onde a baixa secura do bolo \u00e9 aceit\u00e1vel. Com um sistema de filtro-prensa selado e opera\u00e7\u00e3o totalmente automatizada, minimiza a interven\u00e7\u00e3o manual enquanto garante um ambiente de produ\u00e7\u00e3o limpo e seguro. O modelo PGH \u00e9 amplamente aplicado em qu\u00edmica fina, produtos farmac\u00eauticos, processamento de alimentos e ind\u00fastrias ambientais, oferecendo desempenho confi\u00e1vel em lavagem e clarifica\u00e7\u00e3o combinada de chorume.  <\/p>\n","protected":false},"featured_media":470,"template":"","meta":{"_acf_changed":false},"product_brand":[],"product_cat":[47],"product_tag":[],"class_list":{"0":"post-2977","1":"product","2":"type-product","3":"status-publish","4":"has-post-thumbnail","6":"product_cat-sem-categoria","8":"first","9":"instock","10":"shipping-taxable","11":"product-type-simple"},"acf":[],"_links":{"self":[{"href":"https:\/\/dongoufilter.com\/pt-pt\/wp-json\/wp\/v2\/product\/2977","targetHints":{"allow":["GET"]}}],"collection":[{"href":"https:\/\/dongoufilter.com\/pt-pt\/wp-json\/wp\/v2\/product"}],"about":[{"href":"https:\/\/dongoufilter.com\/pt-pt\/wp-json\/wp\/v2\/types\/product"}],"version-history":[{"count":1,"href":"https:\/\/dongoufilter.com\/pt-pt\/wp-json\/wp\/v2\/product\/2977\/revisions"}],"predecessor-version":[{"id":2984,"href":"https:\/\/dongoufilter.com\/pt-pt\/wp-json\/wp\/v2\/product\/2977\/revisions\/2984"}],"wp:featuredmedia":[{"embeddable":true,"href":"https:\/\/dongoufilter.com\/pt-pt\/wp-json\/wp\/v2\/media\/470"}],"wp:attachment":[{"href":"https:\/\/dongoufilter.com\/pt-pt\/wp-json\/wp\/v2\/media?parent=2977"}],"wp:term":[{"taxonomy":"product_brand","embeddable":true,"href":"https:\/\/dongoufilter.com\/pt-pt\/wp-json\/wp\/v2\/product_brand?post=2977"},{"taxonomy":"product_cat","embeddable":true,"href":"https:\/\/dongoufilter.com\/pt-pt\/wp-json\/wp\/v2\/product_cat?post=2977"},{"taxonomy":"product_tag","embeddable":true,"href":"https:\/\/dongoufilter.com\/pt-pt\/wp-json\/wp\/v2\/product_tag?post=2977"}],"curies":[{"name":"wp","href":"https:\/\/api.w.org\/{rel}","templated":true}]}}