{"id":2532,"date":"2025-09-25T09:39:25","date_gmt":"2025-09-25T01:39:25","guid":{"rendered":"https:\/\/dongoufilter.com\/product\/pgpx-filtro-prensa-lavadora\/"},"modified":"2025-11-26T10:43:04","modified_gmt":"2025-11-26T02:43:04","slug":"pgpx-filtro-prensa-lavadora","status":"publish","type":"product","link":"https:\/\/dongoufilter.com\/pt-pt\/produto\/pgpx-filtro-prensa-lavadora\/","title":{"rendered":"PGPX Filtro-Prensa Lavadora"},"content":{"rendered":"\t\t<div data-elementor-type=\"product-post\" data-elementor-id=\"2532\" class=\"elementor elementor-2532 elementor-431\" data-elementor-post-type=\"product\">\n\t\t\t\t<div class=\"elementor-element elementor-element-508ca7f e-con-full e-flex e-con e-parent\" data-id=\"508ca7f\" data-element_type=\"container\" data-e-type=\"container\">\n\t\t<div class=\"elementor-element elementor-element-8b1e1e5 e-grid e-con-full e-con e-child\" data-id=\"8b1e1e5\" data-element_type=\"container\" data-e-type=\"container\">\n\t\t\t\t<div class=\"elementor-element elementor-element-86e508b elementor-position-top elementor-widget elementor-widget-image-box\" data-id=\"86e508b\" data-element_type=\"widget\" data-e-type=\"widget\" data-widget_type=\"image-box.default\">\n\t\t\t\t\t<div class=\"elementor-image-box-wrapper\"><figure class=\"elementor-image-box-img\"><img decoding=\"async\" width=\"200\" height=\"200\" src=\"https:\/\/dongoufilter.com\/wp-content\/uploads\/2025\/09\/Agitated-washing-design.png\" class=\"attachment-full size-full wp-image-2534\" alt=\"\" srcset=\"https:\/\/dongoufilter.com\/wp-content\/uploads\/2025\/09\/Agitated-washing-design.png 200w, https:\/\/dongoufilter.com\/wp-content\/uploads\/2025\/09\/Agitated-washing-design-150x150.png 150w, https:\/\/dongoufilter.com\/wp-content\/uploads\/2025\/09\/Agitated-washing-design-100x100.png 100w\" sizes=\"(max-width: 200px) 100vw, 200px\" \/><\/figure><div class=\"elementor-image-box-content\"><h3 class=\"elementor-image-box-title\">Design de lavagem agitada<\/h3><p class=\"elementor-image-box-description\">  O agitador integrado proporciona uma lavagem uniforme, reduzindo o consumo de solventes de lavagem e melhorando a remo\u00e7\u00e3o de impurezas.\n<\/p><\/div><\/div>\t\t\t\t<\/div>\n\t\t\t\t<div class=\"elementor-element elementor-element-c918078 elementor-position-top elementor-widget elementor-widget-image-box\" data-id=\"c918078\" data-element_type=\"widget\" data-e-type=\"widget\" data-widget_type=\"image-box.default\">\n\t\t\t\t\t<div class=\"elementor-image-box-wrapper\"><figure class=\"elementor-image-box-img\"><img decoding=\"async\" width=\"200\" height=\"200\" src=\"https:\/\/dongoufilter.com\/wp-content\/uploads\/2025\/09\/Quick-opening.png\" class=\"attachment-full size-full wp-image-2539\" alt=\"\" srcset=\"https:\/\/dongoufilter.com\/wp-content\/uploads\/2025\/09\/Quick-opening.png 200w, https:\/\/dongoufilter.com\/wp-content\/uploads\/2025\/09\/Quick-opening-150x150.png 150w, https:\/\/dongoufilter.com\/wp-content\/uploads\/2025\/09\/Quick-opening-100x100.png 100w\" sizes=\"(max-width: 200px) 100vw, 200px\" \/><\/figure><div class=\"elementor-image-box-content\"><h3 class=\"elementor-image-box-title\">Descarga de fundo de abertura r\u00e1pida com elementos microporosos<\/h3><p class=\"elementor-image-box-description\">Garante uma descarga sem res\u00edduos, evitando a contamina\u00e7\u00e3o cruzada dos lotes.<\/p><\/div><\/div>\t\t\t\t<\/div>\n\t\t\t\t<div class=\"elementor-element elementor-element-15079cb elementor-position-top elementor-widget elementor-widget-image-box\" data-id=\"15079cb\" data-element_type=\"widget\" data-e-type=\"widget\" data-widget_type=\"image-box.default\">\n\t\t\t\t\t<div class=\"elementor-image-box-wrapper\"><figure class=\"elementor-image-box-img\"><img decoding=\"async\" width=\"200\" height=\"200\" src=\"https:\/\/dongoufilter.com\/wp-content\/uploads\/2025\/09\/Pressure-drying.png\" class=\"attachment-full size-full wp-image-2538\" alt=\"\" srcset=\"https:\/\/dongoufilter.com\/wp-content\/uploads\/2025\/09\/Pressure-drying.png 200w, https:\/\/dongoufilter.com\/wp-content\/uploads\/2025\/09\/Pressure-drying-150x150.png 150w, https:\/\/dongoufilter.com\/wp-content\/uploads\/2025\/09\/Pressure-drying-100x100.png 100w\" sizes=\"(max-width: 200px) 100vw, 200px\" \/><\/figure><div class=\"elementor-image-box-content\"><h3 class=\"elementor-image-box-title\">Capacidade de secagem por press\u00e3o  <\/h3><p class=\"elementor-image-box-description\">A secagem por press\u00e3o positiva e os ciclos de sopro controlados alcan\u00e7am maior secura do bolo do que os m\u00e9todos convencionais.\n<\/p><\/div><\/div>\t\t\t\t<\/div>\n\t\t\t\t<div class=\"elementor-element elementor-element-a77e68f elementor-position-top elementor-widget elementor-widget-image-box\" data-id=\"a77e68f\" data-element_type=\"widget\" data-e-type=\"widget\" data-widget_type=\"image-box.default\">\n\t\t\t\t\t<div class=\"elementor-image-box-wrapper\"><figure class=\"elementor-image-box-img\"><img loading=\"lazy\" decoding=\"async\" width=\"200\" height=\"200\" src=\"https:\/\/dongoufilter.com\/wp-content\/uploads\/2025\/09\/Large-filtration-area-1.png\" class=\"attachment-full size-full wp-image-2537\" alt=\"\" srcset=\"https:\/\/dongoufilter.com\/wp-content\/uploads\/2025\/09\/Large-filtration-area-1.png 200w, https:\/\/dongoufilter.com\/wp-content\/uploads\/2025\/09\/Large-filtration-area-1-150x150.png 150w, https:\/\/dongoufilter.com\/wp-content\/uploads\/2025\/09\/Large-filtration-area-1-100x100.png 100w\" sizes=\"(max-width: 200px) 100vw, 200px\" \/><\/figure><div class=\"elementor-image-box-content\"><h3 class=\"elementor-image-box-title\">Grande \u00e1rea de filtra\u00e7\u00e3o  <\/h3><p class=\"elementor-image-box-description\">\u00c1rea unit\u00e1ria at\u00e9 200 m\u00b2; Di\u00e2metro da porta de abertura r\u00e1pida at\u00e9 2 m para uma descarga eficiente do bolo.\n<\/p><\/div><\/div>\t\t\t\t<\/div>\n\t\t\t\t<div class=\"elementor-element elementor-element-94c49c4 elementor-position-top elementor-widget elementor-widget-image-box\" data-id=\"94c49c4\" data-element_type=\"widget\" data-e-type=\"widget\" data-widget_type=\"image-box.default\">\n\t\t\t\t\t<div class=\"elementor-image-box-wrapper\"><figure class=\"elementor-image-box-img\"><img loading=\"lazy\" decoding=\"async\" width=\"200\" height=\"200\" src=\"https:\/\/dongoufilter.com\/wp-content\/uploads\/2025\/09\/Flexible-material.png\" class=\"attachment-full size-full wp-image-2535\" alt=\"\" srcset=\"https:\/\/dongoufilter.com\/wp-content\/uploads\/2025\/09\/Flexible-material.png 200w, https:\/\/dongoufilter.com\/wp-content\/uploads\/2025\/09\/Flexible-material-150x150.png 150w, https:\/\/dongoufilter.com\/wp-content\/uploads\/2025\/09\/Flexible-material-100x100.png 100w\" sizes=\"(max-width: 200px) 100vw, 200px\" \/><\/figure><div class=\"elementor-image-box-content\"><h3 class=\"elementor-image-box-title\">Op\u00e7\u00f5es flex\u00edveis de materiais  <\/h3><p class=\"elementor-image-box-description\">Pe\u00e7as molhadas dispon\u00edveis em forro pl\u00e1stico, a\u00e7o inoxid\u00e1vel ou tit\u00e2nio para atender a v\u00e1rias condi\u00e7\u00f5es de chorume.<\/p><\/div><\/div>\t\t\t\t<\/div>\n\t\t\t\t<div class=\"elementor-element elementor-element-44cec2e elementor-position-top elementor-widget elementor-widget-image-box\" data-id=\"44cec2e\" data-element_type=\"widget\" data-e-type=\"widget\" data-widget_type=\"image-box.default\">\n\t\t\t\t\t<div class=\"elementor-image-box-wrapper\"><figure class=\"elementor-image-box-img\"><img loading=\"lazy\" decoding=\"async\" width=\"200\" height=\"200\" src=\"https:\/\/dongoufilter.com\/wp-content\/uploads\/2025\/09\/Fully-automated-operation.png\" class=\"attachment-full size-full wp-image-2536\" alt=\"\" srcset=\"https:\/\/dongoufilter.com\/wp-content\/uploads\/2025\/09\/Fully-automated-operation.png 200w, https:\/\/dongoufilter.com\/wp-content\/uploads\/2025\/09\/Fully-automated-operation-150x150.png 150w, https:\/\/dongoufilter.com\/wp-content\/uploads\/2025\/09\/Fully-automated-operation-100x100.png 100w\" sizes=\"(max-width: 200px) 100vw, 200px\" \/><\/figure><div class=\"elementor-image-box-content\"><h3 class=\"elementor-image-box-title\">Opera\u00e7\u00e3o totalmente automatizada  <\/h3><p class=\"elementor-image-box-description\">Filtra\u00e7\u00e3o selada, lavagem por agita\u00e7\u00e3o, secagem por press\u00e3o, descarga de abertura da tampa e sincroniza\u00e7\u00e3o de v\u00e1rias unidades.<\/p><\/div><\/div>\t\t\t\t<\/div>\n\t\t\t\t<\/div>\n\t\t<div class=\"elementor-element elementor-element-094addb e-con-full e-flex e-con e-child\" data-id=\"094addb\" data-element_type=\"container\" data-e-type=\"container\" data-settings=\"{&quot;background_background&quot;:&quot;classic&quot;}\">\n\t\t\t\t<div class=\"elementor-element elementor-element-8857018 elementor-widget elementor-widget-heading\" data-id=\"8857018\" data-element_type=\"widget\" data-e-type=\"widget\" data-widget_type=\"heading.default\">\n\t\t\t\t\t<h2 class=\"elementor-heading-title elementor-size-default\">Desempenho do processo<\/h2>\t\t\t\t<\/div>\n\t\t\t\t<\/div>\n\t\t<div class=\"elementor-element elementor-element-e5810ac e-con-full e-flex e-con e-child\" data-id=\"e5810ac\" data-element_type=\"container\" data-e-type=\"container\">\n\t\t<div class=\"elementor-element elementor-element-30add6b e-con-full e-flex e-con e-child\" data-id=\"30add6b\" data-element_type=\"container\" data-e-type=\"container\">\n\t\t\t\t<div class=\"elementor-element elementor-element-46ea4b2 elementor-widget elementor-widget-image\" data-id=\"46ea4b2\" data-element_type=\"widget\" data-e-type=\"widget\" data-widget_type=\"image.default\">\n\t\t\t\t\t\t\t\t\t\t\t\t\t\t\t<img loading=\"lazy\" decoding=\"async\" width=\"1073\" height=\"913\" src=\"https:\/\/dongoufilter.com\/wp-content\/uploads\/2025\/09\/PGPX\u6d41\u7a0b\u56fe\u82f1\u6587.png\" class=\"attachment-full size-full wp-image-2540\" alt=\"\" srcset=\"https:\/\/dongoufilter.com\/wp-content\/uploads\/2025\/09\/PGPX\u6d41\u7a0b\u56fe\u82f1\u6587.png 1073w, https:\/\/dongoufilter.com\/wp-content\/uploads\/2025\/09\/PGPX\u6d41\u7a0b\u56fe\u82f1\u6587-300x255.png 300w, https:\/\/dongoufilter.com\/wp-content\/uploads\/2025\/09\/PGPX\u6d41\u7a0b\u56fe\u82f1\u6587-1024x871.png 1024w, https:\/\/dongoufilter.com\/wp-content\/uploads\/2025\/09\/PGPX\u6d41\u7a0b\u56fe\u82f1\u6587-768x653.png 768w, https:\/\/dongoufilter.com\/wp-content\/uploads\/2025\/09\/PGPX\u6d41\u7a0b\u56fe\u82f1\u6587-600x511.png 600w\" sizes=\"(max-width: 1073px) 100vw, 1073px\" \/>\t\t\t\t\t\t\t\t\t\t\t\t\t\t\t<\/div>\n\t\t\t\t<\/div>\n\t\t<div class=\"elementor-element elementor-element-03d912e e-con-full e-flex e-con e-child\" data-id=\"03d912e\" data-element_type=\"container\" data-e-type=\"container\">\n\t\t\t\t<div class=\"elementor-element elementor-element-bb1c45f elementor-widget elementor-widget-text-editor\" data-id=\"bb1c45f\" data-element_type=\"widget\" data-e-type=\"widget\" data-widget_type=\"text-editor.default\">\n\t\t\t\t\t\t\t\t\t<p>Alta secura de bolos para manuseio a jusante: Combina lavagem e secagem sob press\u00e3o para fornecer bolos com baixo teor de umidade, reduzindo os custos de secagem a jusante e melhorando a efici\u00eancia do transporte.<\/p><p>Descarga sem res\u00edduos: O fundo de abertura r\u00e1pida com design microporoso garante a remo\u00e7\u00e3o completa de l\u00edquidos, eliminando riscos de lotes cruzados em ind\u00fastrias regulamentadas.<\/p><p>Efici\u00eancia de lavagem uniforme: O agitador garante que o l\u00edquido de lavagem penetre uniformemente no bolo, produzindo produtos cristalinos de alta pureza com uso reduzido de solventes.<\/p><p>Precis\u00e3o com p\u00f3s ultrafinos: processa p\u00f3s sens\u00edveis enquanto alcan\u00e7a alta secura e preserva a integridade das part\u00edculas, ideal para produtos qu\u00edmicos especiais e APIs.<\/p><p>Confi\u00e1vel na produ\u00e7\u00e3o de alto valor: Amplamente utilizado em produtos qu\u00edmicos finos, APIs, aditivos alimentares e p\u00f3s especiais, onde o controle rigoroso de lotes e o manuseio de bolos secos s\u00e3o necess\u00e1rios.<\/p>\t\t\t\t\t\t\t\t<\/div>\n\t\t\t\t<\/div>\n\t\t\t\t<\/div>\n\t\t\t\t<\/div>\n\t\t\t\t<\/div>\n\t\t","protected":false},"excerpt":{"rendered":"<p>A lavadora de filtros PGPX \u00e9 constru\u00edda especificamente para lavagem de chorume, filtra\u00e7\u00e3o e secagem por press\u00e3o, onde a alta secura do bolo e a separa\u00e7\u00e3o rigorosa de lotes s\u00e3o cr\u00edticas. Apresentando um agitador integrado e descarga inferior de abertura r\u00e1pida com elementos microporosos, o PGPX alcan\u00e7a uma descarga livre de res\u00edduos enquanto oferece um desempenho de lavagem superior. \u00c9 amplamente adotado em qu\u00edmica fina, IFAs farmac\u00eauticos, aditivos alimentares e p\u00f3s especiais, onde a qualidade do produto e o controle rigoroso do processo s\u00e3o essenciais.  <\/p>\n","protected":false},"featured_media":4927,"template":"","meta":{"_acf_changed":false},"product_brand":[],"product_cat":[47],"product_tag":[],"class_list":{"0":"post-2532","1":"product","2":"type-product","3":"status-publish","4":"has-post-thumbnail","6":"product_cat-sem-categoria","8":"first","9":"instock","10":"shipping-taxable","11":"product-type-simple"},"acf":[],"_links":{"self":[{"href":"https:\/\/dongoufilter.com\/pt-pt\/wp-json\/wp\/v2\/product\/2532","targetHints":{"allow":["GET"]}}],"collection":[{"href":"https:\/\/dongoufilter.com\/pt-pt\/wp-json\/wp\/v2\/product"}],"about":[{"href":"https:\/\/dongoufilter.com\/pt-pt\/wp-json\/wp\/v2\/types\/product"}],"version-history":[{"count":2,"href":"https:\/\/dongoufilter.com\/pt-pt\/wp-json\/wp\/v2\/product\/2532\/revisions"}],"predecessor-version":[{"id":3979,"href":"https:\/\/dongoufilter.com\/pt-pt\/wp-json\/wp\/v2\/product\/2532\/revisions\/3979"}],"wp:featuredmedia":[{"embeddable":true,"href":"https:\/\/dongoufilter.com\/pt-pt\/wp-json\/wp\/v2\/media\/4927"}],"wp:attachment":[{"href":"https:\/\/dongoufilter.com\/pt-pt\/wp-json\/wp\/v2\/media?parent=2532"}],"wp:term":[{"taxonomy":"product_brand","embeddable":true,"href":"https:\/\/dongoufilter.com\/pt-pt\/wp-json\/wp\/v2\/product_brand?post=2532"},{"taxonomy":"product_cat","embeddable":true,"href":"https:\/\/dongoufilter.com\/pt-pt\/wp-json\/wp\/v2\/product_cat?post=2532"},{"taxonomy":"product_tag","embeddable":true,"href":"https:\/\/dongoufilter.com\/pt-pt\/wp-json\/wp\/v2\/product_tag?post=2532"}],"curies":[{"name":"wp","href":"https:\/\/api.w.org\/{rel}","templated":true}]}}