{"id":2496,"date":"2025-09-25T09:39:25","date_gmt":"2025-09-25T01:39:25","guid":{"rendered":"https:\/\/dongoufilter.com\/product\/filtro-pgrii-clarification\/"},"modified":"2025-11-10T16:06:45","modified_gmt":"2025-11-10T08:06:45","slug":"filtro-pgrii-clarification","status":"publish","type":"product","link":"https:\/\/dongoufilter.com\/pt-pt\/produto\/filtro-pgrii-clarification\/","title":{"rendered":"Filtro PGRII.Clarification"},"content":{"rendered":"\t\t<div data-elementor-type=\"product-post\" data-elementor-id=\"2496\" class=\"elementor elementor-2496 elementor-433\" data-elementor-post-type=\"product\">\n\t\t\t\t<div class=\"elementor-element elementor-element-33d4205 e-con-full e-flex e-con e-parent\" data-id=\"33d4205\" data-element_type=\"container\" data-e-type=\"container\">\n\t\t<div class=\"elementor-element elementor-element-147479d e-grid e-con-full e-con e-child\" data-id=\"147479d\" data-element_type=\"container\" data-e-type=\"container\">\n\t\t\t\t<div class=\"elementor-element elementor-element-8c6e9f5 elementor-position-top elementor-widget elementor-widget-image-box\" data-id=\"8c6e9f5\" data-element_type=\"widget\" data-e-type=\"widget\" data-widget_type=\"image-box.default\">\n\t\t\t\t\t<div class=\"elementor-image-box-wrapper\"><figure class=\"elementor-image-box-img\"><img decoding=\"async\" width=\"200\" height=\"200\" src=\"https:\/\/dongoufilter.com\/wp-content\/uploads\/2025\/09\/Tool-Free.png\" class=\"attachment-full size-full wp-image-2504\" alt=\"\" srcset=\"https:\/\/dongoufilter.com\/wp-content\/uploads\/2025\/09\/Tool-Free.png 200w, https:\/\/dongoufilter.com\/wp-content\/uploads\/2025\/09\/Tool-Free-150x150.png 150w, https:\/\/dongoufilter.com\/wp-content\/uploads\/2025\/09\/Tool-Free-100x100.png 100w\" sizes=\"(max-width: 200px) 100vw, 200px\" \/><\/figure><div class=\"elementor-image-box-content\"><h3 class=\"elementor-image-box-title\">Regenera\u00e7\u00e3o sem ferramentas<\/h3><p class=\"elementor-image-box-description\">Substitui a retrolavagem de ar comprimido tradicional por um sistema de abertura mec\u00e2nica simples, minimizando a manuten\u00e7\u00e3o e o tempo de inatividade.<\/p><\/div><\/div>\t\t\t\t<\/div>\n\t\t\t\t<div class=\"elementor-element elementor-element-ca349ea elementor-position-top elementor-widget elementor-widget-image-box\" data-id=\"ca349ea\" data-element_type=\"widget\" data-e-type=\"widget\" data-widget_type=\"image-box.default\">\n\t\t\t\t\t<div class=\"elementor-image-box-wrapper\"><figure class=\"elementor-image-box-img\"><img decoding=\"async\" width=\"200\" height=\"200\" src=\"https:\/\/dongoufilter.com\/wp-content\/uploads\/2025\/09\/Enhanced-Upper-Chamber.png\" class=\"attachment-full size-full wp-image-2500\" alt=\"\" srcset=\"https:\/\/dongoufilter.com\/wp-content\/uploads\/2025\/09\/Enhanced-Upper-Chamber.png 200w, https:\/\/dongoufilter.com\/wp-content\/uploads\/2025\/09\/Enhanced-Upper-Chamber-150x150.png 150w, https:\/\/dongoufilter.com\/wp-content\/uploads\/2025\/09\/Enhanced-Upper-Chamber-100x100.png 100w\" sizes=\"(max-width: 200px) 100vw, 200px\" \/><\/figure><div class=\"elementor-image-box-content\"><h3 class=\"elementor-image-box-title\">C\u00e2mara Superior melhorada<\/h3><p class=\"elementor-image-box-description\">Design modificado com aberturas otimizadas para melhor din\u00e2mica de fluxo e acesso mais f\u00e1cil.<\/p><\/div><\/div>\t\t\t\t<\/div>\n\t\t\t\t<div class=\"elementor-element elementor-element-d5d7ab2 elementor-position-top elementor-widget elementor-widget-image-box\" data-id=\"d5d7ab2\" data-element_type=\"widget\" data-e-type=\"widget\" data-widget_type=\"image-box.default\">\n\t\t\t\t\t<div class=\"elementor-image-box-wrapper\"><figure class=\"elementor-image-box-img\"><img decoding=\"async\" width=\"200\" height=\"200\" src=\"https:\/\/dongoufilter.com\/wp-content\/uploads\/2025\/09\/Expanded-Filtrate-Reservoir.png\" class=\"attachment-full size-full wp-image-2501\" alt=\"\" srcset=\"https:\/\/dongoufilter.com\/wp-content\/uploads\/2025\/09\/Expanded-Filtrate-Reservoir.png 200w, https:\/\/dongoufilter.com\/wp-content\/uploads\/2025\/09\/Expanded-Filtrate-Reservoir-150x150.png 150w, https:\/\/dongoufilter.com\/wp-content\/uploads\/2025\/09\/Expanded-Filtrate-Reservoir-100x100.png 100w\" sizes=\"(max-width: 200px) 100vw, 200px\" \/><\/figure><div class=\"elementor-image-box-content\"><h3 class=\"elementor-image-box-title\">Reservat\u00f3rio de Filtrado Expandido<\/h3><p class=\"elementor-image-box-description\">Maior capacidade para lidar com volumes maiores, suportando execu\u00e7\u00f5es em lote estendidas sem interrup\u00e7\u00f5es.<\/p><\/div><\/div>\t\t\t\t<\/div>\n\t\t\t\t<div class=\"elementor-element elementor-element-9851630 elementor-position-top elementor-widget elementor-widget-image-box\" data-id=\"9851630\" data-element_type=\"widget\" data-e-type=\"widget\" data-widget_type=\"image-box.default\">\n\t\t\t\t\t<div class=\"elementor-image-box-wrapper\"><figure class=\"elementor-image-box-img\"><img loading=\"lazy\" decoding=\"async\" width=\"200\" height=\"200\" src=\"https:\/\/dongoufilter.com\/wp-content\/uploads\/2025\/09\/Optimized-Valve-Configuration.png\" class=\"attachment-full size-full wp-image-2502\" alt=\"\" srcset=\"https:\/\/dongoufilter.com\/wp-content\/uploads\/2025\/09\/Optimized-Valve-Configuration.png 200w, https:\/\/dongoufilter.com\/wp-content\/uploads\/2025\/09\/Optimized-Valve-Configuration-150x150.png 150w, https:\/\/dongoufilter.com\/wp-content\/uploads\/2025\/09\/Optimized-Valve-Configuration-100x100.png 100w\" sizes=\"(max-width: 200px) 100vw, 200px\" \/><\/figure><div class=\"elementor-image-box-content\"><h3 class=\"elementor-image-box-title\">Configura\u00e7\u00e3o otimizada da v\u00e1lvula<\/h3><p class=\"elementor-image-box-description\">Controles simplificados para ajustes precisos e automatizados, aumentando a efici\u00eancia do sistema.<\/p><\/div><\/div>\t\t\t\t<\/div>\n\t\t\t\t<div class=\"elementor-element elementor-element-f9abe16 elementor-position-top elementor-widget elementor-widget-image-box\" data-id=\"f9abe16\" data-element_type=\"widget\" data-e-type=\"widget\" data-widget_type=\"image-box.default\">\n\t\t\t\t\t<div class=\"elementor-image-box-wrapper\"><figure class=\"elementor-image-box-img\"><img loading=\"lazy\" decoding=\"async\" width=\"200\" height=\"200\" src=\"https:\/\/dongoufilter.com\/wp-content\/uploads\/2025\/09\/Scalable-Capacity.png\" class=\"attachment-full size-full wp-image-2503\" alt=\"\" srcset=\"https:\/\/dongoufilter.com\/wp-content\/uploads\/2025\/09\/Scalable-Capacity.png 200w, https:\/\/dongoufilter.com\/wp-content\/uploads\/2025\/09\/Scalable-Capacity-150x150.png 150w, https:\/\/dongoufilter.com\/wp-content\/uploads\/2025\/09\/Scalable-Capacity-100x100.png 100w\" sizes=\"(max-width: 200px) 100vw, 200px\" \/><\/figure><div class=\"elementor-image-box-content\"><h3 class=\"elementor-image-box-title\">Capacidade escal\u00e1vel<\/h3><p class=\"elementor-image-box-description\">At\u00e9 500\u33a1 de \u00e1rea de filtra\u00e7\u00e3o por unidade; Montagens de skid multi-set para implanta\u00e7\u00e3o flex\u00edvel e modular.<\/p><\/div><\/div>\t\t\t\t<\/div>\n\t\t\t\t<div class=\"elementor-element elementor-element-b43048d elementor-position-top elementor-widget elementor-widget-image-box\" data-id=\"b43048d\" data-element_type=\"widget\" data-e-type=\"widget\" data-widget_type=\"image-box.default\">\n\t\t\t\t\t<div class=\"elementor-image-box-wrapper\"><figure class=\"elementor-image-box-img\"><img loading=\"lazy\" decoding=\"async\" width=\"200\" height=\"200\" src=\"https:\/\/dongoufilter.com\/wp-content\/uploads\/2025\/09\/corrosion-resistant.png\" class=\"attachment-full size-full wp-image-2499\" alt=\"\" srcset=\"https:\/\/dongoufilter.com\/wp-content\/uploads\/2025\/09\/corrosion-resistant.png 200w, https:\/\/dongoufilter.com\/wp-content\/uploads\/2025\/09\/corrosion-resistant-150x150.png 150w, https:\/\/dongoufilter.com\/wp-content\/uploads\/2025\/09\/corrosion-resistant-100x100.png 100w\" sizes=\"(max-width: 200px) 100vw, 200px\" \/><\/figure><div class=\"elementor-image-box-content\"><h3 class=\"elementor-image-box-title\">Constru\u00e7\u00e3o resistente \u00e0 corros\u00e3o<\/h3><p class=\"elementor-image-box-description\">V\u00e1rias op\u00e7\u00f5es de revestimento para superf\u00edcies de contato, garantindo longevidade em fluxos corrosivos.<\/p><\/div><\/div>\t\t\t\t<\/div>\n\t\t\t\t<\/div>\n\t\t<div class=\"elementor-element elementor-element-d21fb16 e-con-full e-flex e-con e-child\" data-id=\"d21fb16\" data-element_type=\"container\" data-e-type=\"container\" data-settings=\"{&quot;background_background&quot;:&quot;classic&quot;}\">\n\t\t\t\t<div class=\"elementor-element elementor-element-d8b207e elementor-widget elementor-widget-heading\" data-id=\"d8b207e\" data-element_type=\"widget\" data-e-type=\"widget\" data-widget_type=\"heading.default\">\n\t\t\t\t\t<h2 class=\"elementor-heading-title elementor-size-default\">Desempenho do processo<\/h2>\t\t\t\t<\/div>\n\t\t\t\t<\/div>\n\t\t<div class=\"elementor-element elementor-element-40558a9 e-con-full e-flex e-con e-child\" data-id=\"40558a9\" data-element_type=\"container\" data-e-type=\"container\">\n\t\t<div class=\"elementor-element elementor-element-0162cf3 e-con-full e-flex e-con e-child\" data-id=\"0162cf3\" data-element_type=\"container\" data-e-type=\"container\">\n\t\t\t\t<div class=\"elementor-element elementor-element-2567c4c elementor-widget elementor-widget-image\" data-id=\"2567c4c\" data-element_type=\"widget\" data-e-type=\"widget\" data-widget_type=\"image.default\">\n\t\t\t\t\t\t\t\t\t\t\t\t\t\t\t<img loading=\"lazy\" decoding=\"async\" width=\"995\" height=\"869\" src=\"https:\/\/dongoufilter.com\/wp-content\/uploads\/2025\/09\/PGR-2\u6d41\u7a0b\u56fe\u82f1\u6587.png\" class=\"attachment-full size-full wp-image-2505\" alt=\"\" srcset=\"https:\/\/dongoufilter.com\/wp-content\/uploads\/2025\/09\/PGR-2\u6d41\u7a0b\u56fe\u82f1\u6587.png 995w, https:\/\/dongoufilter.com\/wp-content\/uploads\/2025\/09\/PGR-2\u6d41\u7a0b\u56fe\u82f1\u6587-300x262.png 300w, https:\/\/dongoufilter.com\/wp-content\/uploads\/2025\/09\/PGR-2\u6d41\u7a0b\u56fe\u82f1\u6587-768x671.png 768w, https:\/\/dongoufilter.com\/wp-content\/uploads\/2025\/09\/PGR-2\u6d41\u7a0b\u56fe\u82f1\u6587-600x524.png 600w\" sizes=\"(max-width: 995px) 100vw, 995px\" \/>\t\t\t\t\t\t\t\t\t\t\t\t\t\t\t<\/div>\n\t\t\t\t<\/div>\n\t\t<div class=\"elementor-element elementor-element-7423f2a e-con-full e-flex e-con e-child\" data-id=\"7423f2a\" data-element_type=\"container\" data-e-type=\"container\">\n\t\t\t\t<div class=\"elementor-element elementor-element-bf145fd elementor-widget elementor-widget-text-editor\" data-id=\"bf145fd\" data-element_type=\"widget\" data-e-type=\"widget\" data-widget_type=\"text-editor.default\">\n\t\t\t\t\t\t\t\t\t<p>Alimenta\u00e7\u00e3o e filtra\u00e7\u00e3o: O l\u00edquido de alimenta\u00e7\u00e3o pressurizado entra na c\u00e2mara vertical atrav\u00e9s da bomba de admiss\u00e3o e da v\u00e1lvula, passando por v\u00e1rios tubos filtrantes microporosos para uma separa\u00e7\u00e3o s\u00f3lida e l\u00edquida precisa em condi\u00e7\u00f5es herm\u00e9ticas.<\/p><p>Coleta de filtrados: O filtrado limpo transborda para o reservat\u00f3rio superior expandido e sai pela sa\u00edda dedicada, alcan\u00e7ando uma sa\u00edda de alta clareza para uso a jusante.<\/p><p>Descarga de res\u00edduos: Os s\u00f3lidos concentrados depositam-se na parte inferior e s\u00e3o automaticamente descarregados atrav\u00e9s de v\u00e1lvulas controladas, com op\u00e7\u00f5es de retrolavagem para recuperar meios filtrantes.<\/p><p>Regenera\u00e7\u00e3o e integra\u00e7\u00e3o: Suporta ciclos totalmente automatizados, incluindo regenera\u00e7\u00e3o qu\u00edmica e liga\u00e7\u00e3o de v\u00e1rias unidades, garantindo um tempo de inatividade m\u00ednimo e um desempenho consistente em opera\u00e7\u00f5es de grande escala.<\/p>\t\t\t\t\t\t\t\t<\/div>\n\t\t\t\t<\/div>\n\t\t\t\t<\/div>\n\t\t\t\t<\/div>\n\t\t\t\t<\/div>\n\t\t","protected":false},"excerpt":{"rendered":"<p>O Filtro de Clarifica\u00e7\u00e3o PGRII baseia-se em tecnologia de filtra\u00e7\u00e3o comprovada com melhorias inovadoras para opera\u00e7\u00f5es simplificadas e de baixa manuten\u00e7\u00e3o. Projetado para processamento de l\u00edquidos de alto volume, ele possui um sistema de abertura sem ferramentas que simplifica a regenera\u00e7\u00e3o, reduz a complexidade do sistema e reduz os custos gerais. Este modelo otimiza o manuseio do filtrado e os controles da v\u00e1lvula para um rendimento e confiabilidade superiores.  <\/p>\n","protected":false},"featured_media":2498,"template":"","meta":{"_acf_changed":false},"product_brand":[],"product_cat":[47],"product_tag":[],"class_list":{"0":"post-2496","1":"product","2":"type-product","3":"status-publish","4":"has-post-thumbnail","6":"product_cat-sem-categoria","8":"first","9":"instock","10":"shipping-taxable","11":"product-type-simple"},"acf":[],"_links":{"self":[{"href":"https:\/\/dongoufilter.com\/pt-pt\/wp-json\/wp\/v2\/product\/2496","targetHints":{"allow":["GET"]}}],"collection":[{"href":"https:\/\/dongoufilter.com\/pt-pt\/wp-json\/wp\/v2\/product"}],"about":[{"href":"https:\/\/dongoufilter.com\/pt-pt\/wp-json\/wp\/v2\/types\/product"}],"version-history":[{"count":1,"href":"https:\/\/dongoufilter.com\/pt-pt\/wp-json\/wp\/v2\/product\/2496\/revisions"}],"predecessor-version":[{"id":2506,"href":"https:\/\/dongoufilter.com\/pt-pt\/wp-json\/wp\/v2\/product\/2496\/revisions\/2506"}],"wp:featuredmedia":[{"embeddable":true,"href":"https:\/\/dongoufilter.com\/pt-pt\/wp-json\/wp\/v2\/media\/2498"}],"wp:attachment":[{"href":"https:\/\/dongoufilter.com\/pt-pt\/wp-json\/wp\/v2\/media?parent=2496"}],"wp:term":[{"taxonomy":"product_brand","embeddable":true,"href":"https:\/\/dongoufilter.com\/pt-pt\/wp-json\/wp\/v2\/product_brand?post=2496"},{"taxonomy":"product_cat","embeddable":true,"href":"https:\/\/dongoufilter.com\/pt-pt\/wp-json\/wp\/v2\/product_cat?post=2496"},{"taxonomy":"product_tag","embeddable":true,"href":"https:\/\/dongoufilter.com\/pt-pt\/wp-json\/wp\/v2\/product_tag?post=2496"}],"curies":[{"name":"wp","href":"https:\/\/api.w.org\/{rel}","templated":true}]}}