{"id":2436,"date":"2025-09-25T09:39:25","date_gmt":"2025-09-25T01:39:25","guid":{"rendered":"https:\/\/dongoufilter.com\/product\/filtro-de-concentracao-pgfyns\/"},"modified":"2025-11-26T10:43:39","modified_gmt":"2025-11-26T02:43:39","slug":"filtro-de-concentracao-pgfyns","status":"publish","type":"product","link":"https:\/\/dongoufilter.com\/pt-pt\/produto\/filtro-de-concentracao-pgfyns\/","title":{"rendered":"Filtro de concentra\u00e7\u00e3o PGFYNS"},"content":{"rendered":"\t\t<div data-elementor-type=\"product-post\" data-elementor-id=\"2436\" class=\"elementor elementor-2436 elementor-435\" data-elementor-post-type=\"product\">\n\t\t\t\t<div class=\"elementor-element elementor-element-1036209 e-con-full e-flex e-con e-parent\" data-id=\"1036209\" data-element_type=\"container\" data-e-type=\"container\">\n\t\t<div class=\"elementor-element elementor-element-eb2b1f2 e-con-full e-flex e-con e-child\" data-id=\"eb2b1f2\" data-element_type=\"container\" data-e-type=\"container\" data-settings=\"{&quot;background_background&quot;:&quot;classic&quot;}\">\n\t\t\t\t<div class=\"elementor-element elementor-element-f3a64f8 elementor-widget elementor-widget-heading\" data-id=\"f3a64f8\" data-element_type=\"widget\" data-e-type=\"widget\" data-widget_type=\"heading.default\">\n\t\t\t\t\t<h2 class=\"elementor-heading-title elementor-size-default\">Caracter\u00edsticas T\u00e9cnicas<\/h2>\t\t\t\t<\/div>\n\t\t\t\t<\/div>\n\t\t<div class=\"elementor-element elementor-element-04b9e6b e-con-full e-flex e-con e-child\" data-id=\"04b9e6b\" data-element_type=\"container\" data-e-type=\"container\">\n\t\t\t\t<div class=\"elementor-element elementor-element-6ec0f1d elementor-widget elementor-widget-text-editor\" data-id=\"6ec0f1d\" data-element_type=\"widget\" data-e-type=\"widget\" data-widget_type=\"text-editor.default\">\n\t\t\t\t\t\t\t\t\t<ul>\n<li><strong>Sistema de controle de precis\u00e3o:<\/strong> Os variadores de frequ\u00eancia nas bombas dosadoras permitem uma alimenta\u00e7\u00e3o proporcional exata com ajuste PLC em tempo real dos par\u00e2metros de fluxo, pH e temperatura.<\/li>\n<li><strong>Tecnologia de mistura avan\u00e7ada:<\/strong> As l\u00e2minas de p\u00e1 com tubo de rascunho criam uma mistura turbulenta uniforme, preservando a integridade das part\u00edculas; Os selos mec\u00e2nicos ou de enchimento fornecem compatibilidade com polpas corrosivas.<\/li>\n<li><strong>Elementos filtrantes regener\u00e1veis:<\/strong> Os tubos microporosos patenteados suportam ciclos de regenera\u00e7\u00e3o \u00e1cido\/alcalino e suportam uma press\u00e3o de retrolavagem de 0,7 MPa para uma vida \u00fatil prolongada<\/li>\n<li><strong>Constru\u00e7\u00e3o resistente \u00e0 corros\u00e3o:<\/strong> Revestimentos selecion\u00e1veis (SUS304\/316L ou TA2) adaptados \u00e0 qu\u00edmica espec\u00edfica do chorume para m\u00e1xima durabilidade.<\/li>\n<li><strong>Opera\u00e7\u00e3o automatizada:<\/strong> Os controles PLC\/DCS integrados permitem a produ\u00e7\u00e3o cont\u00ednua com interven\u00e7\u00e3o manual m\u00ednima<\/li>\n<\/ul>\t\t\t\t\t\t\t\t<\/div>\n\t\t\t\t<\/div>\n\t\t<div class=\"elementor-element elementor-element-116f4ae e-con-full e-flex e-con e-child\" data-id=\"116f4ae\" data-element_type=\"container\" data-e-type=\"container\" data-settings=\"{&quot;background_background&quot;:&quot;classic&quot;}\">\n\t\t\t\t<div class=\"elementor-element elementor-element-2750576 elementor-widget elementor-widget-heading\" data-id=\"2750576\" data-element_type=\"widget\" data-e-type=\"widget\" data-widget_type=\"heading.default\">\n\t\t\t\t\t<h2 class=\"elementor-heading-title elementor-size-default\">Desempenho do processo<\/h2>\t\t\t\t<\/div>\n\t\t\t\t<\/div>\n\t\t<div class=\"elementor-element elementor-element-ef3abbe e-con-full e-flex e-con e-child\" data-id=\"ef3abbe\" data-element_type=\"container\" data-e-type=\"container\">\n\t\t<div class=\"elementor-element elementor-element-b98c614 e-con-full e-flex e-con e-child\" data-id=\"b98c614\" data-element_type=\"container\" data-e-type=\"container\">\n\t\t\t\t<div class=\"elementor-element elementor-element-901eb58 elementor-widget elementor-widget-image\" data-id=\"901eb58\" data-element_type=\"widget\" data-e-type=\"widget\" data-widget_type=\"image.default\">\n\t\t\t\t\t\t\t\t\t\t\t\t\t\t\t<img fetchpriority=\"high\" decoding=\"async\" width=\"816\" height=\"719\" src=\"https:\/\/dongoufilter.com\/wp-content\/uploads\/2025\/09\/PGFYNS\u6d41\u7a0b\u56fe\u82f1\u6587.png\" class=\"attachment-full size-full wp-image-2438\" alt=\"\" srcset=\"https:\/\/dongoufilter.com\/wp-content\/uploads\/2025\/09\/PGFYNS\u6d41\u7a0b\u56fe\u82f1\u6587.png 816w, https:\/\/dongoufilter.com\/wp-content\/uploads\/2025\/09\/PGFYNS\u6d41\u7a0b\u56fe\u82f1\u6587-300x264.png 300w, https:\/\/dongoufilter.com\/wp-content\/uploads\/2025\/09\/PGFYNS\u6d41\u7a0b\u56fe\u82f1\u6587-768x677.png 768w, https:\/\/dongoufilter.com\/wp-content\/uploads\/2025\/09\/PGFYNS\u6d41\u7a0b\u56fe\u82f1\u6587-600x529.png 600w\" sizes=\"(max-width: 816px) 100vw, 816px\" \/>\t\t\t\t\t\t\t\t\t\t\t\t\t\t\t<\/div>\n\t\t\t\t<\/div>\n\t\t<div class=\"elementor-element elementor-element-a4c7031 e-con-full e-flex e-con e-child\" data-id=\"a4c7031\" data-element_type=\"container\" data-e-type=\"container\">\n\t\t\t\t<div class=\"elementor-element elementor-element-9935bf5 elementor-widget elementor-widget-text-editor\" data-id=\"9935bf5\" data-element_type=\"widget\" data-e-type=\"widget\" data-widget_type=\"text-editor.default\">\n\t\t\t\t\t\t\t\t\t<p>O sistema permite um processo simplificado e cont\u00ednuo dentro de uma unidade:<\/p><p>Dosagem proporcional de alimenta\u00e7\u00e3o m\u00faltipla na tubula\u00e7\u00e3o para rea\u00e7\u00e3o inicial, seguida por 6 a 8 horas de agita\u00e7\u00e3o do tubo de rascunho para PSD uniforme e morfologia refinada.<\/p><p>Extra\u00e7\u00e3o cont\u00ednua de licor m\u00e3e atrav\u00e9s de v\u00e1cuo e filtra\u00e7\u00e3o microporosa, atingindo n\u00edveis de concentra\u00e7\u00e3o alvo sem interrup\u00e7\u00f5es do processo.<\/p><p>Lavagem direta no recipiente com solventes ou \u00e1gua adicionados e, em seguida, bombeamento para jusante \u2013 encurtando quatro passos padr\u00e3o para um para ciclos mais r\u00e1pidos.<\/p><p>Resulta em 30% menos pegada ecol\u00f3gica e investimento, at\u00e9 20% maior rendimento na s\u00edntese de v\u00e1rios componentes, pureza melhorada e redu\u00e7\u00e3o de energia\/desperd\u00edcio atrav\u00e9s de uma opera\u00e7\u00e3o est\u00e1vel.<\/p>\t\t\t\t\t\t\t\t<\/div>\n\t\t\t\t<\/div>\n\t\t\t\t<\/div>\n\t\t\t\t<\/div>\n\t\t\t\t<\/div>\n\t\t","protected":false},"excerpt":{"rendered":"<p>O PGFYNS \u00e9 uma unidade integrada de rea\u00e7\u00e3o e concentra\u00e7\u00e3o com montagem de vaso \u00fanico com bombas doseadoras para m\u00faltiplas mat\u00e9rias-primas (A, B, C+), sistema de s\u00edntese de rea\u00e7\u00e3o ligeiramente pressurizado, agitador, tubos microporosos regener\u00e1veis, sistema de filtra\u00e7\u00e3o a v\u00e1cuo e controles PLC\/DCS. Este design integrado reduz os requisitos gerais de equipamento e transfer\u00eancia. <\/p>\n<p>Ao combinar processos de rea\u00e7\u00e3o, alimenta\u00e7\u00e3o e concentra\u00e7\u00e3o em um \u00fanico sistema, ele simplifica as opera\u00e7\u00f5es enquanto garante controle preciso e desempenho confi\u00e1vel para aplica\u00e7\u00f5es exigentes em ind\u00fastrias qu\u00edmicas, farmac\u00eauticas e metal\u00fargicas.<\/p>\n","protected":false},"featured_media":4934,"template":"","meta":{"_acf_changed":false},"product_brand":[],"product_cat":[47],"product_tag":[],"class_list":{"0":"post-2436","1":"product","2":"type-product","3":"status-publish","4":"has-post-thumbnail","6":"product_cat-sem-categoria","8":"first","9":"instock","10":"shipping-taxable","11":"product-type-simple"},"acf":[],"_links":{"self":[{"href":"https:\/\/dongoufilter.com\/pt-pt\/wp-json\/wp\/v2\/product\/2436","targetHints":{"allow":["GET"]}}],"collection":[{"href":"https:\/\/dongoufilter.com\/pt-pt\/wp-json\/wp\/v2\/product"}],"about":[{"href":"https:\/\/dongoufilter.com\/pt-pt\/wp-json\/wp\/v2\/types\/product"}],"version-history":[{"count":3,"href":"https:\/\/dongoufilter.com\/pt-pt\/wp-json\/wp\/v2\/product\/2436\/revisions"}],"predecessor-version":[{"id":3855,"href":"https:\/\/dongoufilter.com\/pt-pt\/wp-json\/wp\/v2\/product\/2436\/revisions\/3855"}],"wp:featuredmedia":[{"embeddable":true,"href":"https:\/\/dongoufilter.com\/pt-pt\/wp-json\/wp\/v2\/media\/4934"}],"wp:attachment":[{"href":"https:\/\/dongoufilter.com\/pt-pt\/wp-json\/wp\/v2\/media?parent=2436"}],"wp:term":[{"taxonomy":"product_brand","embeddable":true,"href":"https:\/\/dongoufilter.com\/pt-pt\/wp-json\/wp\/v2\/product_brand?post=2436"},{"taxonomy":"product_cat","embeddable":true,"href":"https:\/\/dongoufilter.com\/pt-pt\/wp-json\/wp\/v2\/product_cat?post=2436"},{"taxonomy":"product_tag","embeddable":true,"href":"https:\/\/dongoufilter.com\/pt-pt\/wp-json\/wp\/v2\/product_tag?post=2436"}],"curies":[{"name":"wp","href":"https:\/\/api.w.org\/{rel}","templated":true}]}}