{"id":2403,"date":"2025-09-25T09:39:25","date_gmt":"2025-09-25T01:39:25","guid":{"rendered":"https:\/\/dongoufilter.com\/product\/filtro-pgri-clarification\/"},"modified":"2025-12-17T09:16:51","modified_gmt":"2025-12-17T01:16:51","slug":"filtro-pgri-clarification","status":"publish","type":"product","link":"https:\/\/dongoufilter.com\/pt-pt\/produto\/filtro-pgri-clarification\/","title":{"rendered":"Filtro PGRI.Clarification"},"content":{"rendered":"\t\t<div data-elementor-type=\"product-post\" data-elementor-id=\"2403\" class=\"elementor elementor-2403 elementor-434\" data-elementor-post-type=\"product\">\n\t\t\t\t<div class=\"elementor-element elementor-element-3a4dca0 e-con-full e-flex e-con e-parent\" data-id=\"3a4dca0\" data-element_type=\"container\" data-e-type=\"container\">\n\t\t<div class=\"elementor-element elementor-element-b5e1039 e-grid e-con-full e-con e-child\" data-id=\"b5e1039\" data-element_type=\"container\" data-e-type=\"container\">\n\t\t\t\t<div class=\"elementor-element elementor-element-87ffacf elementor-position-top elementor-widget elementor-widget-image-box\" data-id=\"87ffacf\" data-element_type=\"widget\" data-e-type=\"widget\" data-widget_type=\"image-box.default\">\n\t\t\t\t\t<div class=\"elementor-image-box-wrapper\"><figure class=\"elementor-image-box-img\"><img decoding=\"async\" width=\"200\" height=\"200\" src=\"https:\/\/dongoufilter.com\/wp-content\/uploads\/2025\/09\/high-capacity.png\" class=\"attachment-full size-full wp-image-2419\" alt=\"\" srcset=\"https:\/\/dongoufilter.com\/wp-content\/uploads\/2025\/09\/high-capacity.png 200w, https:\/\/dongoufilter.com\/wp-content\/uploads\/2025\/09\/high-capacity-150x150.png 150w, https:\/\/dongoufilter.com\/wp-content\/uploads\/2025\/09\/high-capacity-100x100.png 100w\" sizes=\"(max-width: 200px) 100vw, 200px\" \/><\/figure><div class=\"elementor-image-box-content\"><h3 class=\"elementor-image-box-title\">Alta Capacidade de Filtra\u00e7\u00e3o<\/h3><p class=\"elementor-image-box-description\">Oferece at\u00e9 500\u33a1 de \u00e1rea de filtra\u00e7\u00e3o por unidade, com op\u00e7\u00f5es montadas em derrapagem de v\u00e1rias unidades para uma integra\u00e7\u00e3o perfeita.<\/p><\/div><\/div>\t\t\t\t<\/div>\n\t\t\t\t<div class=\"elementor-element elementor-element-ebc11ac elementor-position-top elementor-widget elementor-widget-image-box\" data-id=\"ebc11ac\" data-element_type=\"widget\" data-e-type=\"widget\" data-widget_type=\"image-box.default\">\n\t\t\t\t\t<div class=\"elementor-image-box-wrapper\"><figure class=\"elementor-image-box-img\"><img decoding=\"async\" width=\"200\" height=\"200\" src=\"https:\/\/dongoufilter.com\/wp-content\/uploads\/2025\/09\/chemical-resistance.png\" class=\"attachment-full size-full wp-image-2417\" alt=\"\" srcset=\"https:\/\/dongoufilter.com\/wp-content\/uploads\/2025\/09\/chemical-resistance.png 200w, https:\/\/dongoufilter.com\/wp-content\/uploads\/2025\/09\/chemical-resistance-150x150.png 150w, https:\/\/dongoufilter.com\/wp-content\/uploads\/2025\/09\/chemical-resistance-100x100.png 100w\" sizes=\"(max-width: 200px) 100vw, 200px\" \/><\/figure><div class=\"elementor-image-box-content\"><h3 class=\"elementor-image-box-title\">Resist\u00eancia superior \u00e0 corros\u00e3o<\/h3><p class=\"elementor-image-box-description\">Apresenta materiais de revestimento avan\u00e7ados para maior durabilidade em condi\u00e7\u00f5es adversas.<\/p><\/div><\/div>\t\t\t\t<\/div>\n\t\t\t\t<div class=\"elementor-element elementor-element-129f112 elementor-position-top elementor-widget elementor-widget-image-box\" data-id=\"129f112\" data-element_type=\"widget\" data-e-type=\"widget\" data-widget_type=\"image-box.default\">\n\t\t\t\t\t<div class=\"elementor-image-box-wrapper\"><figure class=\"elementor-image-box-img\"><img decoding=\"async\" width=\"200\" height=\"200\" src=\"https:\/\/dongoufilter.com\/wp-content\/uploads\/2025\/09\/automated-operation.png\" class=\"attachment-full size-full wp-image-2416\" alt=\"\" srcset=\"https:\/\/dongoufilter.com\/wp-content\/uploads\/2025\/09\/automated-operation.png 200w, https:\/\/dongoufilter.com\/wp-content\/uploads\/2025\/09\/automated-operation-150x150.png 150w, https:\/\/dongoufilter.com\/wp-content\/uploads\/2025\/09\/automated-operation-100x100.png 100w\" sizes=\"(max-width: 200px) 100vw, 200px\" \/><\/figure><div class=\"elementor-image-box-content\"><h3 class=\"elementor-image-box-title\">Opera\u00e7\u00e3o automatizada<\/h3><p class=\"elementor-image-box-description\">Permite filtra\u00e7\u00e3o selada, regenera\u00e7\u00e3o eficiente de backflush, regenera\u00e7\u00e3o qu\u00edmica e coordena\u00e7\u00e3o de v\u00e1rias unidades.\n<\/p><\/div><\/div>\t\t\t\t<\/div>\n\t\t\t\t<div class=\"elementor-element elementor-element-ab6ab9b elementor-position-top elementor-widget elementor-widget-image-box\" data-id=\"ab6ab9b\" data-element_type=\"widget\" data-e-type=\"widget\" data-widget_type=\"image-box.default\">\n\t\t\t\t\t<div class=\"elementor-image-box-wrapper\"><figure class=\"elementor-image-box-img\"><img loading=\"lazy\" decoding=\"async\" width=\"200\" height=\"200\" src=\"https:\/\/dongoufilter.com\/wp-content\/uploads\/2025\/09\/compact-design.png\" class=\"attachment-full size-full wp-image-2418\" alt=\"\" srcset=\"https:\/\/dongoufilter.com\/wp-content\/uploads\/2025\/09\/compact-design.png 200w, https:\/\/dongoufilter.com\/wp-content\/uploads\/2025\/09\/compact-design-150x150.png 150w, https:\/\/dongoufilter.com\/wp-content\/uploads\/2025\/09\/compact-design-100x100.png 100w\" sizes=\"(max-width: 200px) 100vw, 200px\" \/><\/figure><div class=\"elementor-image-box-content\"><h3 class=\"elementor-image-box-title\">Design compacto<\/h3><p class=\"elementor-image-box-description\">A c\u00e2mara selada vertical minimiza o espa\u00e7o ocupado (por exemplo, &lt;5\u33a1 para 200\u33a1 de \u00e1rea de filtra\u00e7\u00e3o), ideal para configura\u00e7\u00f5es com restri\u00e7\u00e3o de espa\u00e7o.\n<\/p><\/div><\/div>\t\t\t\t<\/div>\n\t\t\t\t<div class=\"elementor-element elementor-element-d627eaf elementor-position-top elementor-widget elementor-widget-image-box\" data-id=\"d627eaf\" data-element_type=\"widget\" data-e-type=\"widget\" data-widget_type=\"image-box.default\">\n\t\t\t\t\t<div class=\"elementor-image-box-wrapper\"><figure class=\"elementor-image-box-img\"><img loading=\"lazy\" decoding=\"async\" width=\"200\" height=\"200\" src=\"https:\/\/dongoufilter.com\/wp-content\/uploads\/2025\/09\/maintenance.png\" class=\"attachment-full size-full wp-image-2420\" alt=\"\" srcset=\"https:\/\/dongoufilter.com\/wp-content\/uploads\/2025\/09\/maintenance.png 200w, https:\/\/dongoufilter.com\/wp-content\/uploads\/2025\/09\/maintenance-150x150.png 150w, https:\/\/dongoufilter.com\/wp-content\/uploads\/2025\/09\/maintenance-100x100.png 100w\" sizes=\"(max-width: 200px) 100vw, 200px\" \/><\/figure><div class=\"elementor-image-box-content\"><h3 class=\"elementor-image-box-title\">Manuten\u00e7\u00e3o f\u00e1cil de usar<\/h3><p class=\"elementor-image-box-description\">Opera\u00e7\u00e3o simples da v\u00e1lvula para uma regenera\u00e7\u00e3o r\u00e1pida e eficaz do backflush, garantindo uma produ\u00e7\u00e3o limpa.<\/p><\/div><\/div>\t\t\t\t<\/div>\n\t\t\t\t<\/div>\n\t\t<div class=\"elementor-element elementor-element-d8b0863 e-con-full e-flex e-con e-child\" data-id=\"d8b0863\" data-element_type=\"container\" data-e-type=\"container\" data-settings=\"{&quot;background_background&quot;:&quot;classic&quot;}\">\n\t\t\t\t<div class=\"elementor-element elementor-element-1fcc3da elementor-widget elementor-widget-heading\" data-id=\"1fcc3da\" data-element_type=\"widget\" data-e-type=\"widget\" data-widget_type=\"heading.default\">\n\t\t\t\t\t<h2 class=\"elementor-heading-title elementor-size-default\">Desempenho do processo<\/h2>\t\t\t\t<\/div>\n\t\t\t\t<\/div>\n\t\t<div class=\"elementor-element elementor-element-151f32b e-con-full e-flex e-con e-child\" data-id=\"151f32b\" data-element_type=\"container\" data-e-type=\"container\">\n\t\t<div class=\"elementor-element elementor-element-e0ed352 e-con-full e-flex e-con e-child\" data-id=\"e0ed352\" data-element_type=\"container\" data-e-type=\"container\">\n\t\t\t\t<div class=\"elementor-element elementor-element-2c2dc72 elementor-widget elementor-widget-image\" data-id=\"2c2dc72\" data-element_type=\"widget\" data-e-type=\"widget\" data-widget_type=\"image.default\">\n\t\t\t\t\t\t\t\t\t\t\t\t\t\t\t<img loading=\"lazy\" decoding=\"async\" width=\"1018\" height=\"785\" src=\"https:\/\/dongoufilter.com\/wp-content\/uploads\/2025\/09\/PGR-process.png\" class=\"attachment-full size-full wp-image-2421\" alt=\"\" srcset=\"https:\/\/dongoufilter.com\/wp-content\/uploads\/2025\/09\/PGR-process.png 1018w, https:\/\/dongoufilter.com\/wp-content\/uploads\/2025\/09\/PGR-process-300x231.png 300w, https:\/\/dongoufilter.com\/wp-content\/uploads\/2025\/09\/PGR-process-768x592.png 768w, https:\/\/dongoufilter.com\/wp-content\/uploads\/2025\/09\/PGR-process-600x463.png 600w\" sizes=\"(max-width: 1018px) 100vw, 1018px\" \/>\t\t\t\t\t\t\t\t\t\t\t\t\t\t\t<\/div>\n\t\t\t\t<\/div>\n\t\t<div class=\"elementor-element elementor-element-4a86a37 e-con-full e-flex e-con e-child\" data-id=\"4a86a37\" data-element_type=\"container\" data-e-type=\"container\">\n\t\t\t\t<div class=\"elementor-element elementor-element-b47e3dc elementor-widget elementor-widget-text-editor\" data-id=\"b47e3dc\" data-element_type=\"widget\" data-e-type=\"widget\" data-widget_type=\"text-editor.default\">\n\t\t\t\t\t\t\t\t\t<p><strong>Purifica\u00e7\u00e3o da solu\u00e7\u00e3o:<\/strong> Remove eficazmente as impurezas dos fluxos de processo para uma sa\u00edda de alta clareza.<\/p><p><strong>Clarifica\u00e7\u00e3o da dosagem qu\u00edmica:<\/strong> Pr\u00e9-trata sobrenadante ap\u00f3s precipita\u00e7\u00e3o qu\u00edmica para maior efici\u00eancia do processo.<\/p><p><strong>Filtra\u00e7\u00e3o pr\u00e9-evapora\u00e7\u00e3o:<\/strong> Garante alimenta\u00e7\u00e3o limpa para evaporadores, protegendo equipamentos e otimizando o desempenho.<\/p><p><strong>Pr\u00e9-tratamento de membrana:<\/strong> Reduz o SDI para sistemas de nanofiltra\u00e7\u00e3o e osmose inversa, prolongando a vida \u00fatil da membrana.<\/p><p><strong>Controlo de part\u00edculas:<\/strong> Permite uma filtra\u00e7\u00e3o precisa para processos a jusante, como cristaliza\u00e7\u00e3o ou troca i\u00f3nica.<\/p>\t\t\t\t\t\t\t\t<\/div>\n\t\t\t\t<\/div>\n\t\t\t\t<\/div>\n\t\t\t\t<\/div>\n\t\t\t\t<\/div>\n\t\t","protected":false},"excerpt":{"rendered":"<p>Projetado para clarifica\u00e7\u00e3o de precis\u00e3o de alto volume, o Filtro de Clarifica\u00e7\u00e3o PGR oferece solu\u00e7\u00f5es compactas e f\u00e1ceis de usar para separa\u00e7\u00e3o industrial s\u00f3lido-l\u00edquido. Com configura\u00e7\u00f5es personaliz\u00e1veis e materiais robustos, garante um desempenho fi\u00e1vel em aplica\u00e7\u00f5es exigentes. <\/p>\n","protected":false},"featured_media":2415,"template":"","meta":{"_acf_changed":false},"product_brand":[],"product_cat":[47],"product_tag":[],"class_list":{"0":"post-2403","1":"product","2":"type-product","3":"status-publish","4":"has-post-thumbnail","6":"product_cat-sem-categoria","8":"first","9":"instock","10":"shipping-taxable","11":"product-type-simple"},"acf":[],"_links":{"self":[{"href":"https:\/\/dongoufilter.com\/pt-pt\/wp-json\/wp\/v2\/product\/2403","targetHints":{"allow":["GET"]}}],"collection":[{"href":"https:\/\/dongoufilter.com\/pt-pt\/wp-json\/wp\/v2\/product"}],"about":[{"href":"https:\/\/dongoufilter.com\/pt-pt\/wp-json\/wp\/v2\/types\/product"}],"version-history":[{"count":3,"href":"https:\/\/dongoufilter.com\/pt-pt\/wp-json\/wp\/v2\/product\/2403\/revisions"}],"predecessor-version":[{"id":5913,"href":"https:\/\/dongoufilter.com\/pt-pt\/wp-json\/wp\/v2\/product\/2403\/revisions\/5913"}],"wp:featuredmedia":[{"embeddable":true,"href":"https:\/\/dongoufilter.com\/pt-pt\/wp-json\/wp\/v2\/media\/2415"}],"wp:attachment":[{"href":"https:\/\/dongoufilter.com\/pt-pt\/wp-json\/wp\/v2\/media?parent=2403"}],"wp:term":[{"taxonomy":"product_brand","embeddable":true,"href":"https:\/\/dongoufilter.com\/pt-pt\/wp-json\/wp\/v2\/product_brand?post=2403"},{"taxonomy":"product_cat","embeddable":true,"href":"https:\/\/dongoufilter.com\/pt-pt\/wp-json\/wp\/v2\/product_cat?post=2403"},{"taxonomy":"product_tag","embeddable":true,"href":"https:\/\/dongoufilter.com\/pt-pt\/wp-json\/wp\/v2\/product_tag?post=2403"}],"curies":[{"name":"wp","href":"https:\/\/api.w.org\/{rel}","templated":true}]}}