{"id":2383,"date":"2025-09-25T09:39:25","date_gmt":"2025-09-25T01:39:25","guid":{"rendered":"https:\/\/dongoufilter.com\/product\/pgn-filtro-de-concentracao-pgnx\/"},"modified":"2025-12-17T09:16:50","modified_gmt":"2025-12-17T01:16:50","slug":"pgn-filtro-de-concentracao-pgnx","status":"publish","type":"product","link":"https:\/\/dongoufilter.com\/pt-pt\/produto\/pgn-filtro-de-concentracao-pgnx\/","title":{"rendered":"PGN &amp; Filtro de Concentra\u00e7\u00e3o PGNX"},"content":{"rendered":"\t\t<div data-elementor-type=\"product-post\" data-elementor-id=\"2383\" class=\"elementor elementor-2383 elementor-436\" data-elementor-post-type=\"product\">\n\t\t\t\t<div class=\"elementor-element elementor-element-5970d32 e-con-full e-flex e-con e-parent\" data-id=\"5970d32\" data-element_type=\"container\" data-e-type=\"container\">\n\t\t<div class=\"elementor-element elementor-element-ea50ad7 e-grid e-con-full e-con e-child\" data-id=\"ea50ad7\" data-element_type=\"container\" data-e-type=\"container\">\n\t\t\t\t<div class=\"elementor-element elementor-element-8f96067 elementor-position-top elementor-widget elementor-widget-image-box\" data-id=\"8f96067\" data-element_type=\"widget\" data-e-type=\"widget\" data-widget_type=\"image-box.default\">\n\t\t\t\t\t<div class=\"elementor-image-box-wrapper\"><figure class=\"elementor-image-box-img\"><img decoding=\"async\" width=\"200\" height=\"200\" src=\"https:\/\/dongoufilter.com\/wp-content\/uploads\/2025\/09\/Modular-Design.png\" class=\"attachment-full size-full wp-image-2393\" alt=\"\" srcset=\"https:\/\/dongoufilter.com\/wp-content\/uploads\/2025\/09\/Modular-Design.png 200w, https:\/\/dongoufilter.com\/wp-content\/uploads\/2025\/09\/Modular-Design-150x150.png 150w, https:\/\/dongoufilter.com\/wp-content\/uploads\/2025\/09\/Modular-Design-100x100.png 100w\" sizes=\"(max-width: 200px) 100vw, 200px\" \/><\/figure><div class=\"elementor-image-box-content\"><h3 class=\"elementor-image-box-title\">Modular Design<\/h3><p class=\"elementor-image-box-description\">Compreende vaso principal, motor, redutor, sistema de transmiss\u00e3o, agitador, mecanismo de veda\u00e7\u00e3o, reator de tubula\u00e7\u00e3o, tubos de filtro microporosos, tubo de rascunho, suportes, interfaces de processo, tubula\u00e7\u00e3o, v\u00e1lvulas, instrumenta\u00e7\u00e3o, sistema de controle PLC e dispositivo de v\u00e1cuo.\n<\/p><\/div><\/div>\t\t\t\t<\/div>\n\t\t\t\t<div class=\"elementor-element elementor-element-ee27391 elementor-position-top elementor-widget elementor-widget-image-box\" data-id=\"ee27391\" data-element_type=\"widget\" data-e-type=\"widget\" data-widget_type=\"image-box.default\">\n\t\t\t\t\t<div class=\"elementor-image-box-wrapper\"><figure class=\"elementor-image-box-img\"><img decoding=\"async\" width=\"200\" height=\"200\" src=\"https:\/\/dongoufilter.com\/wp-content\/uploads\/2025\/09\/Drive-System.png\" class=\"attachment-full size-full wp-image-2391\" alt=\"\" srcset=\"https:\/\/dongoufilter.com\/wp-content\/uploads\/2025\/09\/Drive-System.png 200w, https:\/\/dongoufilter.com\/wp-content\/uploads\/2025\/09\/Drive-System-150x150.png 150w, https:\/\/dongoufilter.com\/wp-content\/uploads\/2025\/09\/Drive-System-100x100.png 100w\" sizes=\"(max-width: 200px) 100vw, 200px\" \/><\/figure><div class=\"elementor-image-box-content\"><h3 class=\"elementor-image-box-title\">Sistema de acionamento<\/h3><p class=\"elementor-image-box-description\">Equipado com redutores de alta qualidade (por exemplo, SEW ou equivalentes) e variadores de frequ\u00eancia para um controlo cont\u00ednuo da velocidade do agitador, garantindo uma mistura \u00f3tima.<\/p><\/div><\/div>\t\t\t\t<\/div>\n\t\t\t\t<div class=\"elementor-element elementor-element-29e60a9 elementor-position-top elementor-widget elementor-widget-image-box\" data-id=\"29e60a9\" data-element_type=\"widget\" data-e-type=\"widget\" data-widget_type=\"image-box.default\">\n\t\t\t\t\t<div class=\"elementor-image-box-wrapper\"><figure class=\"elementor-image-box-img\"><img decoding=\"async\" width=\"200\" height=\"200\" src=\"https:\/\/dongoufilter.com\/wp-content\/uploads\/2025\/09\/Agitation.png\" class=\"attachment-full size-full wp-image-2390\" alt=\"\" srcset=\"https:\/\/dongoufilter.com\/wp-content\/uploads\/2025\/09\/Agitation.png 200w, https:\/\/dongoufilter.com\/wp-content\/uploads\/2025\/09\/Agitation-150x150.png 150w, https:\/\/dongoufilter.com\/wp-content\/uploads\/2025\/09\/Agitation-100x100.png 100w\" sizes=\"(max-width: 200px) 100vw, 200px\" \/><\/figure><div class=\"elementor-image-box-content\"><h3 class=\"elementor-image-box-title\">Agita\u00e7\u00e3o e Orienta\u00e7\u00e3o de Fluxo<\/h3><p class=\"elementor-image-box-description\">L\u00e2minas de p\u00e1 personalizadas emparelhadas com um tubo de rascunho promovem mistura completa e fluxo turbulento, adaptadas \u00e0s propriedades do material e volume do vaso para m\u00e1xima uniformidade de rea\u00e7\u00e3o.<\/p><\/div><\/div>\t\t\t\t<\/div>\n\t\t\t\t<div class=\"elementor-element elementor-element-0b386f9 elementor-position-top elementor-widget elementor-widget-image-box\" data-id=\"0b386f9\" data-element_type=\"widget\" data-e-type=\"widget\" data-widget_type=\"image-box.default\">\n\t\t\t\t\t<div class=\"elementor-image-box-wrapper\"><figure class=\"elementor-image-box-img\"><img loading=\"lazy\" decoding=\"async\" width=\"200\" height=\"200\" src=\"https:\/\/dongoufilter.com\/wp-content\/uploads\/2025\/09\/Sealing-Options.png\" class=\"attachment-full size-full wp-image-2388\" alt=\"\" srcset=\"https:\/\/dongoufilter.com\/wp-content\/uploads\/2025\/09\/Sealing-Options.png 200w, https:\/\/dongoufilter.com\/wp-content\/uploads\/2025\/09\/Sealing-Options-150x150.png 150w, https:\/\/dongoufilter.com\/wp-content\/uploads\/2025\/09\/Sealing-Options-100x100.png 100w\" sizes=\"(max-width: 200px) 100vw, 200px\" \/><\/figure><div class=\"elementor-image-box-content\"><h3 class=\"elementor-image-box-title\">Op\u00e7\u00f5es de veda\u00e7\u00e3o<\/h3><p class=\"elementor-image-box-description\">Enchimentos ou selos mec\u00e2nicos duplos para atender aos requisitos do processo, evitando vazamentos em ambientes exigentes.<\/p><\/div><\/div>\t\t\t\t<\/div>\n\t\t\t\t<div class=\"elementor-element elementor-element-08be1a5 elementor-position-top elementor-widget elementor-widget-image-box\" data-id=\"08be1a5\" data-element_type=\"widget\" data-e-type=\"widget\" data-widget_type=\"image-box.default\">\n\t\t\t\t\t<div class=\"elementor-image-box-wrapper\"><figure class=\"elementor-image-box-img\"><img loading=\"lazy\" decoding=\"async\" width=\"200\" height=\"200\" src=\"https:\/\/dongoufilter.com\/wp-content\/uploads\/2025\/09\/pipeline-reactor.png\" class=\"attachment-full size-full wp-image-2394\" alt=\"\" srcset=\"https:\/\/dongoufilter.com\/wp-content\/uploads\/2025\/09\/pipeline-reactor.png 200w, https:\/\/dongoufilter.com\/wp-content\/uploads\/2025\/09\/pipeline-reactor-150x150.png 150w, https:\/\/dongoufilter.com\/wp-content\/uploads\/2025\/09\/pipeline-reactor-100x100.png 100w\" sizes=\"(max-width: 200px) 100vw, 200px\" \/><\/figure><div class=\"elementor-image-box-content\"><h3 class=\"elementor-image-box-title\">Reator de Oleodutos<\/h3><p class=\"elementor-image-box-description\">Alta rela\u00e7\u00e3o comprimento\/di\u00e2metro (&gt;50) para rea\u00e7\u00f5es turbulentas intensivas; personaliz\u00e1vel com tecnologias nacionais ou internacionais de \u00faltima gera\u00e7\u00e3o.<\/p><\/div><\/div>\t\t\t\t<\/div>\n\t\t\t\t<div class=\"elementor-element elementor-element-b32481c elementor-position-top elementor-widget elementor-widget-image-box\" data-id=\"b32481c\" data-element_type=\"widget\" data-e-type=\"widget\" data-widget_type=\"image-box.default\">\n\t\t\t\t\t<div class=\"elementor-image-box-wrapper\"><figure class=\"elementor-image-box-img\"><img loading=\"lazy\" decoding=\"async\" width=\"200\" height=\"200\" src=\"https:\/\/dongoufilter.com\/wp-content\/uploads\/2025\/09\/Filtration-and-Automation.png\" class=\"attachment-full size-full wp-image-2392\" alt=\"\" srcset=\"https:\/\/dongoufilter.com\/wp-content\/uploads\/2025\/09\/Filtration-and-Automation.png 200w, https:\/\/dongoufilter.com\/wp-content\/uploads\/2025\/09\/Filtration-and-Automation-150x150.png 150w, https:\/\/dongoufilter.com\/wp-content\/uploads\/2025\/09\/Filtration-and-Automation-100x100.png 100w\" sizes=\"(max-width: 200px) 100vw, 200px\" \/><\/figure><div class=\"elementor-image-box-content\"><h3 class=\"elementor-image-box-title\">Filtra\u00e7\u00e3o e Automa\u00e7\u00e3o<\/h3><p class=\"elementor-image-box-description\">Os tubos microporosos fornecem filtra\u00e7\u00e3o precisa e n\u00e3o magn\u00e9tica; O sistema supervis\u00f3rio DCS integrado monitora e controla par\u00e2metros como pH, vaz\u00f5es (instant\u00e2neas e cumulativas) e temperatura via on-site, sala de controle e tripla liga\u00e7\u00e3o da bomba.<\/p><\/div><\/div>\t\t\t\t<\/div>\n\t\t\t\t<\/div>\n\t\t<div class=\"elementor-element elementor-element-c62ea58 e-con-full e-flex e-con e-child\" data-id=\"c62ea58\" data-element_type=\"container\" data-e-type=\"container\" data-settings=\"{&quot;background_background&quot;:&quot;classic&quot;}\">\n\t\t\t\t<div class=\"elementor-element elementor-element-d0411a3 elementor-widget elementor-widget-heading\" data-id=\"d0411a3\" data-element_type=\"widget\" data-e-type=\"widget\" data-widget_type=\"heading.default\">\n\t\t\t\t\t<h2 class=\"elementor-heading-title elementor-size-default\">Desempenho do processo<\/h2>\t\t\t\t<\/div>\n\t\t\t\t<\/div>\n\t\t<div class=\"elementor-element elementor-element-c67f29a e-con-full e-flex e-con e-child\" data-id=\"c67f29a\" data-element_type=\"container\" data-e-type=\"container\">\n\t\t<div class=\"elementor-element elementor-element-72ff2ec e-con-full e-flex e-con e-child\" data-id=\"72ff2ec\" data-element_type=\"container\" data-e-type=\"container\">\n\t\t\t\t<div class=\"elementor-element elementor-element-d304bec elementor-widget elementor-widget-image\" data-id=\"d304bec\" data-element_type=\"widget\" data-e-type=\"widget\" data-widget_type=\"image.default\">\n\t\t\t\t\t\t\t\t\t\t\t\t\t\t\t<img loading=\"lazy\" decoding=\"async\" width=\"600\" height=\"599\" src=\"https:\/\/dongoufilter.com\/wp-content\/uploads\/2025\/09\/PGNX-process-1-600x599.png\" class=\"attachment-woocommerce_single size-woocommerce_single wp-image-3730\" alt=\"\" srcset=\"https:\/\/dongoufilter.com\/wp-content\/uploads\/2025\/09\/PGNX-process-1-600x599.png 600w, https:\/\/dongoufilter.com\/wp-content\/uploads\/2025\/09\/PGNX-process-1-300x300.png 300w, https:\/\/dongoufilter.com\/wp-content\/uploads\/2025\/09\/PGNX-process-1-150x150.png 150w, https:\/\/dongoufilter.com\/wp-content\/uploads\/2025\/09\/PGNX-process-1-100x100.png 100w, https:\/\/dongoufilter.com\/wp-content\/uploads\/2025\/09\/PGNX-process-1.png 732w\" sizes=\"(max-width: 600px) 100vw, 600px\" \/>\t\t\t\t\t\t\t\t\t\t\t\t\t\t\t<\/div>\n\t\t\t\t<\/div>\n\t\t<div class=\"elementor-element elementor-element-1fd6117 e-con-full e-flex e-con e-child\" data-id=\"1fd6117\" data-element_type=\"container\" data-e-type=\"container\">\n\t\t\t\t<div class=\"elementor-element elementor-element-a9724ec elementor-widget elementor-widget-text-editor\" data-id=\"a9724ec\" data-element_type=\"widget\" data-e-type=\"widget\" data-widget_type=\"text-editor.default\">\n\t\t\t\t\t\t\t\t\t<p><strong>Rea\u00e7\u00e3o e envelhecimento:<\/strong> Dentro do reator, controles multipar\u00e2metros regulam com precis\u00e3o a nuclea\u00e7\u00e3o e o crescimento dos cristais. A agita\u00e7\u00e3o em v\u00e1rios est\u00e1gios e um layout de filtra\u00e7\u00e3o microporoso invertido permitem que cristais finos recirculem continuamente para a zona de rea\u00e7\u00e3o. Isso evita o assentamento e o bloqueio do filtro, enquanto promove a forma\u00e7\u00e3o de uma distribui\u00e7\u00e3o estreita e consistente do tamanho do cristal.  <\/p><p><strong>Lavagem e Purifica\u00e7\u00e3o:<\/strong> \u00c1gua de alta pureza, \u00e1gua quente ou solvente s\u00e3o introduzidos atrav\u00e9s de linhas de processo dedicadas. A mistura completa garante a remo\u00e7\u00e3o eficaz das impurezas, atendendo \u00e0s rigorosas especifica\u00e7\u00f5es de pureza do produto. <\/p><p><strong>Concentra\u00e7\u00e3o e Filtra\u00e7\u00e3o:<\/strong> V\u00e1cuo integrado, filtra\u00e7\u00e3o microporosa de precis\u00e3o e sistemas de controle automatizados concentram progressivamente o chorume na densidade alvo. Este projeto minimiza a carga de press\u00e3o na unidade de filtra\u00e7\u00e3o, melhorando a estabilidade operacional e a vida \u00fatil. <\/p><p><strong>Efici\u00eancia global:<\/strong> O sistema permite uma opera\u00e7\u00e3o totalmente automatizada e cont\u00ednua com o m\u00ednimo de tempo de inatividade. Ao garantir um controlo mais apertado sobre PSD (Particle Size Distribution) e morfologia, aumenta significativamente o rendimento e a qualidade do produto, ao mesmo tempo que reduz o consumo de energia e o desperd\u00edcio de material. <\/p>\t\t\t\t\t\t\t\t<\/div>\n\t\t\t\t<\/div>\n\t\t\t\t<\/div>\n\t\t<div class=\"elementor-element elementor-element-8780a86 e-con-full e-flex e-con e-child\" data-id=\"8780a86\" data-element_type=\"container\" data-e-type=\"container\" data-settings=\"{&quot;background_background&quot;:&quot;classic&quot;}\">\n\t\t\t\t<div class=\"elementor-element elementor-element-bfc9332 elementor-widget elementor-widget-heading\" data-id=\"bfc9332\" data-element_type=\"widget\" data-e-type=\"widget\" data-widget_type=\"heading.default\">\n\t\t\t\t\t<h2 class=\"elementor-heading-title elementor-size-default\">Especifica\u00e7\u00f5es de refer\u00eancia  <\/h2>\t\t\t\t<\/div>\n\t\t\t\t<\/div>\n\t\t<div class=\"elementor-element elementor-element-f17add9 e-con-full e-flex e-con e-child\" data-id=\"f17add9\" data-element_type=\"container\" data-e-type=\"container\">\n\t\t\t\t<div class=\"elementor-element elementor-element-12bfb52 elementor-widget elementor-widget-text-editor\" data-id=\"12bfb52\" data-element_type=\"widget\" data-e-type=\"widget\" data-widget_type=\"text-editor.default\">\n\t\t\t\t\t\t\t\t\t<table width=\"597\">\n<tbody>\n<tr>\n<td width=\"297\">Par\u00e2metro<\/td>\n<td width=\"300\">Intervalo\/Valor<\/td>\n<\/tr>\n<tr>\n<td>Volume<\/td>\n do vaso<td>0,5\u201330 m\u00b3<\/td>\n<\/tr>\n<tr>\n<td>\u00c1rea<\/td>\n do Filtro<td>0.2\u201340 m\u00b2<\/td>\n<\/tr>\n<tr>\n<td>Precis\u00e3o de Filtra\u00e7\u00e3o<\/td>\n<td>0,2\u201310 \u03bcm<\/td>\n<\/tr>\n<tr>\n<td>Grau de v\u00e1cuo<\/td>\n<td>-0,01 a -0,1 MPa<\/td>\n<\/tr>\n<tr>\nPress\u00e3o \n de <td>ar de retrolavagem<\/td><td>0,1\u20130,7 MPa<\/td>\n<\/tr>\n<tr>\n<td rowspan=\"6\">Forros<\/td>\n resistentes \u00e0 corros\u00e3o<td>SUS304<\/td>\n<\/tr>\n<tr>\n<td>SUS316L<\/td>\n<\/tr>\n<tr>\n<td>TA2<\/td>\n<\/tr>\n<tr>\n<td>Tit\u00e2nio revestido a a\u00e7o<\/td>\n<\/tr>\n<tr>\n<td>A\u00e7o inoxid\u00e1vel revestido a a\u00e7o<\/td>\n<\/tr>\n<tr>\n<td>Pl\u00e1stico revestido a a\u00e7o<\/td>\n<\/tr>\n<\/tbody>\n<\/table>\n<p><span style=\"color: #ff6600;\">Totalmente personaliz\u00e1vel com base nas necessidades da sua aplica\u00e7\u00e3o<\/span><\/p>\t\t\t\t\t\t\t\t<\/div>\n\t\t\t\t<\/div>\n\t\t\t\t<\/div>\n\t\t<div class=\"elementor-element elementor-element-bdbdb31 e-flex e-con-boxed e-con e-parent\" data-id=\"bdbdb31\" data-element_type=\"container\" data-e-type=\"container\">\n\t\t\t\t\t<div class=\"e-con-inner\">\n\t\t\t\t<div class=\"elementor-element elementor-element-440b913 elementor-widget elementor-widget-video\" data-id=\"440b913\" data-element_type=\"widget\" data-e-type=\"widget\" data-settings=\"{&quot;youtube_url&quot;:&quot;https:\\\/\\\/www.youtube.com\\\/embed\\\/HT_NhH8ODj0&quot;,&quot;show_image_overlay&quot;:&quot;yes&quot;,&quot;image_overlay&quot;:{&quot;url&quot;:&quot;https:\\\/\\\/dongoufilter.com\\\/wp-content\\\/uploads\\\/2025\\\/09\\\/pgr-clarification-filter.webp&quot;,&quot;id&quot;:5708,&quot;size&quot;:&quot;&quot;,&quot;alt&quot;:&quot;pgr-clarification-filter&quot;,&quot;source&quot;:&quot;library&quot;},&quot;video_type&quot;:&quot;youtube&quot;,&quot;controls&quot;:&quot;yes&quot;}\" data-widget_type=\"video.default\">\n\t\t\t\t\t\t\t<div class=\"elementor-wrapper elementor-open-inline\">\n\t\t\t<div class=\"elementor-video\"><\/div>\t\t\t\t<div class=\"elementor-custom-embed-image-overlay\" style=\"background-image: url(https:\/\/dongoufilter.com\/wp-content\/uploads\/2025\/09\/pgr-clarification-filter.webp);\">\n\t\t\t\t\t\t\t\t\t\t\t\t\t\t\t\t<div class=\"elementor-custom-embed-play\" role=\"button\" aria-label=\"Play Video about pgr-clarification-filter\" tabindex=\"0\">\n\t\t\t\t\t\t\t<svg aria-hidden=\"true\" class=\"e-font-icon-svg e-eicon-play\" viewBox=\"0 0 1000 1000\" xmlns=\"http:\/\/www.w3.org\/2000\/svg\"><path d=\"M838 162C746 71 633 25 500 25 371 25 258 71 163 162 71 254 25 367 25 500 25 633 71 746 163 837 254 929 367 979 500 979 633 979 746 933 838 837 929 746 975 633 975 500 975 367 929 254 838 162M808 192C892 279 933 379 933 500 933 621 892 725 808 808 725 892 621 938 500 938 379 938 279 896 196 808 113 725 67 621 67 500 67 379 108 279 196 192 279 108 383 62 500 62 621 62 721 108 808 192M438 392V642L642 517 438 392Z\"><\/path><\/svg>\t\t\t\t\t\t<\/div>\n\t\t\t\t\t\t\t\t\t<\/div>\n\t\t\t\t\t<\/div>\n\t\t\t\t\t\t<\/div>\n\t\t\t\t\t<\/div>\n\t\t\t\t<\/div>\n\t\t\t\t<\/div>\n\t\t","protected":false},"excerpt":{"rendered":"<p>O Filtro de Concentra\u00e7\u00e3o \u00e9 um sistema integrado avan\u00e7ado projetado para aplica\u00e7\u00f5es eficientes de s\u00edntese qu\u00edmica e processamento de part\u00edculas. Ele se integra perfeitamente com reatores de s\u00edntese para melhorar a efici\u00eancia da rea\u00e7\u00e3o, alcan\u00e7ar uma distribui\u00e7\u00e3o uniforme do tamanho das part\u00edculas (PSD) e otimizar a morfologia do material. Esta solu\u00e7\u00e3o vers\u00e1til suporta a fabrica\u00e7\u00e3o sustent\u00e1vel, minimizando o desperd\u00edcio e maximizando o rendimento atrav\u00e9s de controle e automa\u00e7\u00e3o precisos.  <\/p>\n<p><strong>As principais vantagens incluem:<\/strong><\/p>\n<ul>\n<li>Integridade de part\u00edculas melhorada para uma qualidade superior do produto<\/li>\n<li>Maior efici\u00eancia de co-precipita\u00e7\u00e3o<\/li>\n<li>Perda de material reduzida durante o processamento<\/li>\n<\/ul>\n<p>Com op\u00e7\u00f5es flex\u00edveis de revestimento de material para componentes de contato com chorume e filtra\u00e7\u00e3o livre de impurezas magn\u00e9ticas, garante uma opera\u00e7\u00e3o livre de contamina\u00e7\u00e3o. Recursos totalmente automatizados, como backflush agrupado, ciclo cont\u00ednuo e controle multiponto, permitem a produ\u00e7\u00e3o ininterrupta e de alto rendimento. <\/p>\n","protected":false},"featured_media":2387,"template":"","meta":{"_acf_changed":false},"product_brand":[],"product_cat":[47],"product_tag":[],"class_list":{"0":"post-2383","1":"product","2":"type-product","3":"status-publish","4":"has-post-thumbnail","6":"product_cat-sem-categoria","8":"first","9":"instock","10":"shipping-taxable","11":"product-type-simple"},"acf":[],"_links":{"self":[{"href":"https:\/\/dongoufilter.com\/pt-pt\/wp-json\/wp\/v2\/product\/2383","targetHints":{"allow":["GET"]}}],"collection":[{"href":"https:\/\/dongoufilter.com\/pt-pt\/wp-json\/wp\/v2\/product"}],"about":[{"href":"https:\/\/dongoufilter.com\/pt-pt\/wp-json\/wp\/v2\/types\/product"}],"version-history":[{"count":8,"href":"https:\/\/dongoufilter.com\/pt-pt\/wp-json\/wp\/v2\/product\/2383\/revisions"}],"predecessor-version":[{"id":5910,"href":"https:\/\/dongoufilter.com\/pt-pt\/wp-json\/wp\/v2\/product\/2383\/revisions\/5910"}],"wp:featuredmedia":[{"embeddable":true,"href":"https:\/\/dongoufilter.com\/pt-pt\/wp-json\/wp\/v2\/media\/2387"}],"wp:attachment":[{"href":"https:\/\/dongoufilter.com\/pt-pt\/wp-json\/wp\/v2\/media?parent=2383"}],"wp:term":[{"taxonomy":"product_brand","embeddable":true,"href":"https:\/\/dongoufilter.com\/pt-pt\/wp-json\/wp\/v2\/product_brand?post=2383"},{"taxonomy":"product_cat","embeddable":true,"href":"https:\/\/dongoufilter.com\/pt-pt\/wp-json\/wp\/v2\/product_cat?post=2383"},{"taxonomy":"product_tag","embeddable":true,"href":"https:\/\/dongoufilter.com\/pt-pt\/wp-json\/wp\/v2\/product_tag?post=2383"}],"curies":[{"name":"wp","href":"https:\/\/api.w.org\/{rel}","templated":true}]}}