{"id":2273,"date":"2025-09-25T09:39:24","date_gmt":"2025-09-25T01:39:24","guid":{"rendered":"https:\/\/dongoufilter.com\/product\/pgt-filtro-prensa-lavadora\/"},"modified":"2025-11-10T13:38:46","modified_gmt":"2025-11-10T05:38:46","slug":"pgt-filtro-prensa-lavadora","status":"publish","type":"product","link":"https:\/\/dongoufilter.com\/pt-pt\/produto\/pgt-filtro-prensa-lavadora\/","title":{"rendered":"PGT Filtro-Prensa Lavadora"},"content":{"rendered":"\t\t<div data-elementor-type=\"product-post\" data-elementor-id=\"2273\" class=\"elementor elementor-2273 elementor-429\" data-elementor-post-type=\"product\">\n\t\t\t\t<div class=\"elementor-element elementor-element-6e8b52f e-con-full e-flex e-con e-parent\" data-id=\"6e8b52f\" data-element_type=\"container\" data-e-type=\"container\">\n\t\t<div class=\"elementor-element elementor-element-31b9418 e-grid e-con-full e-con e-child\" data-id=\"31b9418\" data-element_type=\"container\" data-e-type=\"container\">\n\t\t\t\t<div class=\"elementor-element elementor-element-a721cdf elementor-position-top elementor-widget elementor-widget-image-box\" data-id=\"a721cdf\" data-element_type=\"widget\" data-e-type=\"widget\" data-widget_type=\"image-box.default\">\n\t\t\t\t\t<div class=\"elementor-image-box-wrapper\"><figure class=\"elementor-image-box-img\"><img decoding=\"async\" width=\"200\" height=\"200\" src=\"https:\/\/dongoufilter.com\/wp-content\/uploads\/2025\/09\/Horizontal.png\" class=\"attachment-full size-full wp-image-2279\" alt=\"\" srcset=\"https:\/\/dongoufilter.com\/wp-content\/uploads\/2025\/09\/Horizontal.png 200w, https:\/\/dongoufilter.com\/wp-content\/uploads\/2025\/09\/Horizontal-150x150.png 150w, https:\/\/dongoufilter.com\/wp-content\/uploads\/2025\/09\/Horizontal-100x100.png 100w\" sizes=\"(max-width: 200px) 100vw, 200px\" \/><\/figure><div class=\"elementor-image-box-content\"><h3 class=\"elementor-image-box-title\">Design horizontal e de baixo perfil<\/h3><p class=\"elementor-image-box-description\">Requer menos altura de instala\u00e7\u00e3o, tornando-o adequado para plantas tradicionais como um substituto para filtros prensados.<\/p><\/div><\/div>\t\t\t\t<\/div>\n\t\t\t\t<div class=\"elementor-element elementor-element-06ea1f2 elementor-position-top elementor-widget elementor-widget-image-box\" data-id=\"06ea1f2\" data-element_type=\"widget\" data-e-type=\"widget\" data-widget_type=\"image-box.default\">\n\t\t\t\t\t<div class=\"elementor-image-box-wrapper\"><figure class=\"elementor-image-box-img\"><img decoding=\"async\" width=\"200\" height=\"200\" src=\"https:\/\/dongoufilter.com\/wp-content\/uploads\/2025\/09\/Dual-filtration-zones.png\" class=\"attachment-full size-full wp-image-2277\" alt=\"\" srcset=\"https:\/\/dongoufilter.com\/wp-content\/uploads\/2025\/09\/Dual-filtration-zones.png 200w, https:\/\/dongoufilter.com\/wp-content\/uploads\/2025\/09\/Dual-filtration-zones-150x150.png 150w, https:\/\/dongoufilter.com\/wp-content\/uploads\/2025\/09\/Dual-filtration-zones-100x100.png 100w\" sizes=\"(max-width: 200px) 100vw, 200px\" \/><\/figure><div class=\"elementor-image-box-content\"><h3 class=\"elementor-image-box-title\">Zonas de filtra\u00e7\u00e3o duplas<\/h3><p class=\"elementor-image-box-description\">Se\u00e7\u00e3o do tubo do filtro principal para filtra\u00e7\u00e3o r\u00e1pida do chorume, al\u00e9m da placa filtrante inferior auxiliar para captura completa de res\u00edduos.<\/p><\/div><\/div>\t\t\t\t<\/div>\n\t\t\t\t<div class=\"elementor-element elementor-element-4c2ce5d elementor-position-top elementor-widget elementor-widget-image-box\" data-id=\"4c2ce5d\" data-element_type=\"widget\" data-e-type=\"widget\" data-widget_type=\"image-box.default\">\n\t\t\t\t\t<div class=\"elementor-image-box-wrapper\"><figure class=\"elementor-image-box-img\"><img decoding=\"async\" width=\"225\" height=\"200\" src=\"https:\/\/dongoufilter.com\/wp-content\/uploads\/2025\/09\/Integrated-washing-drying.png\" class=\"attachment-full size-full wp-image-2280\" alt=\"\" \/><\/figure><div class=\"elementor-image-box-content\"><h3 class=\"elementor-image-box-title\">Lavagem e secagem integradas<\/h3><p class=\"elementor-image-box-description\">Combina filtra\u00e7\u00e3o, lavagem de chorume e secagem sob press\u00e3o em um sistema selado, evitando a contamina\u00e7\u00e3o do bolo.<\/p><\/div><\/div>\t\t\t\t<\/div>\n\t\t\t\t<div class=\"elementor-element elementor-element-55565e3 elementor-position-top elementor-widget elementor-widget-image-box\" data-id=\"55565e3\" data-element_type=\"widget\" data-e-type=\"widget\" data-widget_type=\"image-box.default\">\n\t\t\t\t\t<div class=\"elementor-image-box-wrapper\"><figure class=\"elementor-image-box-img\"><img loading=\"lazy\" decoding=\"async\" width=\"200\" height=\"200\" src=\"https:\/\/dongoufilter.com\/wp-content\/uploads\/2025\/09\/rotatable-mechanism.png\" class=\"attachment-full size-full wp-image-2283\" alt=\"\" srcset=\"https:\/\/dongoufilter.com\/wp-content\/uploads\/2025\/09\/rotatable-mechanism.png 200w, https:\/\/dongoufilter.com\/wp-content\/uploads\/2025\/09\/rotatable-mechanism-150x150.png 150w, https:\/\/dongoufilter.com\/wp-content\/uploads\/2025\/09\/rotatable-mechanism-100x100.png 100w\" sizes=\"(max-width: 200px) 100vw, 200px\" \/><\/figure><div class=\"elementor-image-box-content\"><h3 class=\"elementor-image-box-title\">Mecanismo de abertura r\u00e1pida e rotativo<\/h3><p class=\"elementor-image-box-description\">Permite uma desmontagem r\u00e1pida, manuten\u00e7\u00e3o conveniente e descarga eficiente do bolo.<\/p><\/div><\/div>\t\t\t\t<\/div>\n\t\t\t\t<div class=\"elementor-element elementor-element-ed4b09e elementor-position-top elementor-widget elementor-widget-image-box\" data-id=\"ed4b09e\" data-element_type=\"widget\" data-e-type=\"widget\" data-widget_type=\"image-box.default\">\n\t\t\t\t\t<div class=\"elementor-image-box-wrapper\"><figure class=\"elementor-image-box-img\"><img loading=\"lazy\" decoding=\"async\" width=\"200\" height=\"200\" src=\"https:\/\/dongoufilter.com\/wp-content\/uploads\/2025\/09\/Large-batch-handling.png\" class=\"attachment-full size-full wp-image-2281\" alt=\"\" srcset=\"https:\/\/dongoufilter.com\/wp-content\/uploads\/2025\/09\/Large-batch-handling.png 200w, https:\/\/dongoufilter.com\/wp-content\/uploads\/2025\/09\/Large-batch-handling-150x150.png 150w, https:\/\/dongoufilter.com\/wp-content\/uploads\/2025\/09\/Large-batch-handling-100x100.png 100w\" sizes=\"(max-width: 200px) 100vw, 200px\" \/><\/figure><div class=\"elementor-image-box-content\"><h3 class=\"elementor-image-box-title\">  Manuseamento de grandes lotes<\/h3><p class=\"elementor-image-box-description\">A \u00e1rea da placa do filtro inferior \u00e9 20% maior do que os modelos verticais compar\u00e1veis, proporcionando maior rendimento por ciclo.<\/p><\/div><\/div>\t\t\t\t<\/div>\n\t\t\t\t<div class=\"elementor-element elementor-element-3345ea4 elementor-position-top elementor-widget elementor-widget-image-box\" data-id=\"3345ea4\" data-element_type=\"widget\" data-e-type=\"widget\" data-widget_type=\"image-box.default\">\n\t\t\t\t\t<div class=\"elementor-image-box-wrapper\"><figure class=\"elementor-image-box-img\"><img loading=\"lazy\" decoding=\"async\" width=\"200\" height=\"200\" src=\"https:\/\/dongoufilter.com\/wp-content\/uploads\/2025\/09\/Flexible-material-2.png\" class=\"attachment-full size-full wp-image-2278\" alt=\"\" srcset=\"https:\/\/dongoufilter.com\/wp-content\/uploads\/2025\/09\/Flexible-material-2.png 200w, https:\/\/dongoufilter.com\/wp-content\/uploads\/2025\/09\/Flexible-material-2-150x150.png 150w, https:\/\/dongoufilter.com\/wp-content\/uploads\/2025\/09\/Flexible-material-2-100x100.png 100w\" sizes=\"(max-width: 200px) 100vw, 200px\" \/><\/figure><div class=\"elementor-image-box-content\"><h3 class=\"elementor-image-box-title\">Op\u00e7\u00f5es flex\u00edveis de materiais  <\/h3><p class=\"elementor-image-box-description\">Pe\u00e7as molhadas dispon\u00edveis em revestimento pl\u00e1stico, a\u00e7o inoxid\u00e1vel ou tit\u00e2nio para atender aos requisitos de resist\u00eancia \u00e0 corros\u00e3o.<\/p><\/div><\/div>\t\t\t\t<\/div>\n\t\t\t\t<div class=\"elementor-element elementor-element-11ac961 elementor-position-top elementor-widget elementor-widget-image-box\" data-id=\"11ac961\" data-element_type=\"widget\" data-e-type=\"widget\" data-widget_type=\"image-box.default\">\n\t\t\t\t\t<div class=\"elementor-image-box-wrapper\"><figure class=\"elementor-image-box-img\"><img loading=\"lazy\" decoding=\"async\" width=\"236\" height=\"200\" src=\"https:\/\/dongoufilter.com\/wp-content\/uploads\/2025\/09\/Automated-operation-1.png\" class=\"attachment-full size-full wp-image-2276\" alt=\"\" \/><\/figure><div class=\"elementor-image-box-content\"><h3 class=\"elementor-image-box-title\">Opera\u00e7\u00e3o automatizada<\/h3><p class=\"elementor-image-box-description\">Filtra\u00e7\u00e3o fechada, retrolavagem, regenera\u00e7\u00e3o qu\u00edmica e sincroniza\u00e7\u00e3o de v\u00e1rias unidades.<\/p><\/div><\/div>\t\t\t\t<\/div>\n\t\t\t\t<\/div>\n\t\t\t\t<\/div>\n\t\t\t\t<\/div>\n\t\t","protected":false},"excerpt":{"rendered":"<p>A lavadora horizontal de filtro-prensa PGT foi projetada para clarifica\u00e7\u00e3o de precis\u00e3o de grande volume e separa\u00e7\u00e3o s\u00f3lido-l\u00edquido. Com uma estrutura horizontal, de baixa altura e mecanismo de abertura r\u00e1pida, pode substituir diretamente as tradicionais prensas de filtro de placas e estruturas em instala\u00e7\u00f5es existentes, n\u00e3o exigindo modifica\u00e7\u00f5es civis adicionais. O sistema integra filtra\u00e7\u00e3o, lavagem e secagem por press\u00e3o em uma unidade fechada, reduzindo os riscos de contamina\u00e7\u00e3o e o consumo de energia, garantindo uma produ\u00e7\u00e3o limpa e eficiente. Tem sido aplicado com sucesso em p\u00f3s met\u00e1licos, sais inorg\u00e2nicos, produtos cristalinos e processamento de terras raras.   <\/p>\n","protected":false},"featured_media":2219,"template":"","meta":{"_acf_changed":false},"product_brand":[],"product_cat":[47],"product_tag":[],"class_list":{"0":"post-2273","1":"product","2":"type-product","3":"status-publish","4":"has-post-thumbnail","6":"product_cat-sem-categoria","8":"first","9":"instock","10":"shipping-taxable","11":"product-type-simple"},"acf":[],"_links":{"self":[{"href":"https:\/\/dongoufilter.com\/pt-pt\/wp-json\/wp\/v2\/product\/2273","targetHints":{"allow":["GET"]}}],"collection":[{"href":"https:\/\/dongoufilter.com\/pt-pt\/wp-json\/wp\/v2\/product"}],"about":[{"href":"https:\/\/dongoufilter.com\/pt-pt\/wp-json\/wp\/v2\/types\/product"}],"version-history":[{"count":4,"href":"https:\/\/dongoufilter.com\/pt-pt\/wp-json\/wp\/v2\/product\/2273\/revisions"}],"predecessor-version":[{"id":3872,"href":"https:\/\/dongoufilter.com\/pt-pt\/wp-json\/wp\/v2\/product\/2273\/revisions\/3872"}],"wp:featuredmedia":[{"embeddable":true,"href":"https:\/\/dongoufilter.com\/pt-pt\/wp-json\/wp\/v2\/media\/2219"}],"wp:attachment":[{"href":"https:\/\/dongoufilter.com\/pt-pt\/wp-json\/wp\/v2\/media?parent=2273"}],"wp:term":[{"taxonomy":"product_brand","embeddable":true,"href":"https:\/\/dongoufilter.com\/pt-pt\/wp-json\/wp\/v2\/product_brand?post=2273"},{"taxonomy":"product_cat","embeddable":true,"href":"https:\/\/dongoufilter.com\/pt-pt\/wp-json\/wp\/v2\/product_cat?post=2273"},{"taxonomy":"product_tag","embeddable":true,"href":"https:\/\/dongoufilter.com\/pt-pt\/wp-json\/wp\/v2\/product_tag?post=2273"}],"curies":[{"name":"wp","href":"https:\/\/api.w.org\/{rel}","templated":true}]}}