{"id":2210,"date":"2025-09-25T09:39:25","date_gmt":"2025-09-25T01:39:25","guid":{"rendered":"https:\/\/dongoufilter.com\/product\/pgz-filtro-prensa-lavadora\/"},"modified":"2025-11-06T17:03:04","modified_gmt":"2025-11-06T09:03:04","slug":"pgz-filtro-prensa-lavadora","status":"publish","type":"product","link":"https:\/\/dongoufilter.com\/pt-pt\/produto\/pgz-filtro-prensa-lavadora\/","title":{"rendered":"PGZ Filtro-Prensa Lavadora"},"content":{"rendered":"\t\t<div data-elementor-type=\"product-post\" data-elementor-id=\"2210\" class=\"elementor elementor-2210 elementor-430\" data-elementor-post-type=\"product\">\n\t\t\t\t<div class=\"elementor-element elementor-element-8083c9e e-con-full e-flex e-con e-parent\" data-id=\"8083c9e\" data-element_type=\"container\" data-e-type=\"container\">\n\t\t<div class=\"elementor-element elementor-element-cbfa4d0 e-grid e-con-full e-con e-child\" data-id=\"cbfa4d0\" data-element_type=\"container\" data-e-type=\"container\">\n\t\t\t\t<div class=\"elementor-element elementor-element-27843cd elementor-position-top elementor-widget elementor-widget-image-box\" data-id=\"27843cd\" data-element_type=\"widget\" data-e-type=\"widget\" data-widget_type=\"image-box.default\">\n\t\t\t\t\t<div class=\"elementor-image-box-wrapper\"><figure class=\"elementor-image-box-img\"><img decoding=\"async\" width=\"228\" height=\"200\" src=\"https:\/\/dongoufilter.com\/wp-content\/uploads\/2025\/09\/Vertical-inverting-vessel.png\" class=\"attachment-full size-full wp-image-2215\" alt=\"\" \/><\/figure><div class=\"elementor-image-box-content\"><h3 class=\"elementor-image-box-title\">Recipiente invertido vertical  <\/h3><p class=\"elementor-image-box-description\">Permite a descarga completa e limpeza completa, reduzindo a interven\u00e7\u00e3o manual e garantindo a aus\u00eancia de res\u00edduos materiais.\n<\/p><\/div><\/div>\t\t\t\t<\/div>\n\t\t\t\t<div class=\"elementor-element elementor-element-890cf0c elementor-position-top elementor-widget elementor-widget-image-box\" data-id=\"890cf0c\" data-element_type=\"widget\" data-e-type=\"widget\" data-widget_type=\"image-box.default\">\n\t\t\t\t\t<div class=\"elementor-image-box-wrapper\"><figure class=\"elementor-image-box-img\"><img decoding=\"async\" width=\"200\" height=\"200\" src=\"https:\/\/dongoufilter.com\/wp-content\/uploads\/2025\/09\/Large-diameter.png\" class=\"attachment-full size-full wp-image-2216\" alt=\"\" srcset=\"https:\/\/dongoufilter.com\/wp-content\/uploads\/2025\/09\/Large-diameter.png 200w, https:\/\/dongoufilter.com\/wp-content\/uploads\/2025\/09\/Large-diameter-150x150.png 150w, https:\/\/dongoufilter.com\/wp-content\/uploads\/2025\/09\/Large-diameter-100x100.png 100w\" sizes=\"(max-width: 200px) 100vw, 200px\" \/><\/figure><div class=\"elementor-image-box-content\"><h3 class=\"elementor-image-box-title\">Placas filtrantes de grande di\u00e2metro  <\/h3><p class=\"elementor-image-box-description\">At\u00e9 3 m, proporcionando alta capacidade de filtra\u00e7\u00e3o por lote.<\/p><\/div><\/div>\t\t\t\t<\/div>\n\t\t\t\t<div class=\"elementor-element elementor-element-f49d72b elementor-position-top elementor-widget elementor-widget-image-box\" data-id=\"f49d72b\" data-element_type=\"widget\" data-e-type=\"widget\" data-widget_type=\"image-box.default\">\n\t\t\t\t\t<div class=\"elementor-image-box-wrapper\"><figure class=\"elementor-image-box-img\"><img decoding=\"async\" width=\"200\" height=\"200\" src=\"https:\/\/dongoufilter.com\/wp-content\/uploads\/2025\/09\/Sealed-and-automated-operation.png\" class=\"attachment-full size-full wp-image-2214\" alt=\"\" srcset=\"https:\/\/dongoufilter.com\/wp-content\/uploads\/2025\/09\/Sealed-and-automated-operation.png 200w, https:\/\/dongoufilter.com\/wp-content\/uploads\/2025\/09\/Sealed-and-automated-operation-150x150.png 150w, https:\/\/dongoufilter.com\/wp-content\/uploads\/2025\/09\/Sealed-and-automated-operation-100x100.png 100w\" sizes=\"(max-width: 200px) 100vw, 200px\" \/><\/figure><div class=\"elementor-image-box-content\"><h3 class=\"elementor-image-box-title\">Opera\u00e7\u00e3o selada e automatizada  <\/h3><p class=\"elementor-image-box-description\">O sistema fechado evita a contamina\u00e7\u00e3o, com secagem de press\u00e3o automatizada, descarga de bolo e sincroniza\u00e7\u00e3o de v\u00e1rias unidades.\n<\/p><\/div><\/div>\t\t\t\t<\/div>\n\t\t\t\t<div class=\"elementor-element elementor-element-04c6aef elementor-position-top elementor-widget elementor-widget-image-box\" data-id=\"04c6aef\" data-element_type=\"widget\" data-e-type=\"widget\" data-widget_type=\"image-box.default\">\n\t\t\t\t\t<div class=\"elementor-image-box-wrapper\"><figure class=\"elementor-image-box-img\"><img loading=\"lazy\" decoding=\"async\" width=\"200\" height=\"200\" src=\"https:\/\/dongoufilter.com\/wp-content\/uploads\/2025\/09\/Flexible-material-1.png\" class=\"attachment-full size-full wp-image-2218\" alt=\"\" srcset=\"https:\/\/dongoufilter.com\/wp-content\/uploads\/2025\/09\/Flexible-material-1.png 200w, https:\/\/dongoufilter.com\/wp-content\/uploads\/2025\/09\/Flexible-material-1-150x150.png 150w, https:\/\/dongoufilter.com\/wp-content\/uploads\/2025\/09\/Flexible-material-1-100x100.png 100w\" sizes=\"(max-width: 200px) 100vw, 200px\" \/><\/figure><div class=\"elementor-image-box-content\"><h3 class=\"elementor-image-box-title\">Op\u00e7\u00f5es flex\u00edveis de materiais<\/h3><p class=\"elementor-image-box-description\">  Pe\u00e7as molhadas dispon\u00edveis em revestimento pl\u00e1stico, a\u00e7o inoxid\u00e1vel ou tit\u00e2nio para resist\u00eancia \u00e0 corros\u00e3o.<\/p><\/div><\/div>\t\t\t\t<\/div>\n\t\t\t\t<div class=\"elementor-element elementor-element-bade109 elementor-position-top elementor-widget elementor-widget-image-box\" data-id=\"bade109\" data-element_type=\"widget\" data-e-type=\"widget\" data-widget_type=\"image-box.default\">\n\t\t\t\t\t<div class=\"elementor-image-box-wrapper\"><figure class=\"elementor-image-box-img\"><img loading=\"lazy\" decoding=\"async\" width=\"200\" height=\"200\" src=\"https:\/\/dongoufilter.com\/wp-content\/uploads\/2025\/09\/Efficient-washing.png\" class=\"attachment-full size-full wp-image-2217\" alt=\"\" srcset=\"https:\/\/dongoufilter.com\/wp-content\/uploads\/2025\/09\/Efficient-washing.png 200w, https:\/\/dongoufilter.com\/wp-content\/uploads\/2025\/09\/Efficient-washing-150x150.png 150w, https:\/\/dongoufilter.com\/wp-content\/uploads\/2025\/09\/Efficient-washing-100x100.png 100w\" sizes=\"(max-width: 200px) 100vw, 200px\" \/><\/figure><div class=\"elementor-image-box-content\"><h3 class=\"elementor-image-box-title\">Lavagem e secagem eficientes<\/h3><p class=\"elementor-image-box-description\">Os ciclos de secagem e lavagem a press\u00e3o positiva proporcionam uma elevada secura do bolo e custos de energia reduzidos a jusante.<\/p><\/div><\/div>\t\t\t\t<\/div>\n\t\t\t\t<\/div>\n\t\t\t\t<\/div>\n\t\t\t\t<\/div>\n\t\t","protected":false},"excerpt":{"rendered":"<p>A lavadora de filtro-prensa inversora PGZ \u00e9 um sistema vertical selado projetado para filtra\u00e7\u00e3o, lavagem e secagem por press\u00e3o de polpa de alto teor s\u00f3lido. Seu design de vaso invertido permite a descarga completa do bolo sem assist\u00eancia manual, garantindo uma limpeza mais r\u00e1pida e tempo de inatividade minimizado. Com placas de filtro de at\u00e9 3 metros de di\u00e2metro e opera\u00e7\u00e3o totalmente automatizada, a PGZ \u00e9 amplamente aplicada em filtra\u00e7\u00e3o de carv\u00e3o ativado, solu\u00e7\u00f5es cristalinas e p\u00f3s ultrafinos, onde a lavagem, secagem e descarga sem contamina\u00e7\u00e3o eficientes s\u00e3o cr\u00edticas.  <\/p>\n","protected":false},"featured_media":2220,"template":"","meta":{"_acf_changed":false},"product_brand":[],"product_cat":[47],"product_tag":[],"class_list":{"0":"post-2210","1":"product","2":"type-product","3":"status-publish","4":"has-post-thumbnail","6":"product_cat-sem-categoria","8":"first","9":"instock","10":"shipping-taxable","11":"product-type-simple"},"acf":[],"_links":{"self":[{"href":"https:\/\/dongoufilter.com\/pt-pt\/wp-json\/wp\/v2\/product\/2210","targetHints":{"allow":["GET"]}}],"collection":[{"href":"https:\/\/dongoufilter.com\/pt-pt\/wp-json\/wp\/v2\/product"}],"about":[{"href":"https:\/\/dongoufilter.com\/pt-pt\/wp-json\/wp\/v2\/types\/product"}],"version-history":[{"count":3,"href":"https:\/\/dongoufilter.com\/pt-pt\/wp-json\/wp\/v2\/product\/2210\/revisions"}],"predecessor-version":[{"id":3854,"href":"https:\/\/dongoufilter.com\/pt-pt\/wp-json\/wp\/v2\/product\/2210\/revisions\/3854"}],"wp:featuredmedia":[{"embeddable":true,"href":"https:\/\/dongoufilter.com\/pt-pt\/wp-json\/wp\/v2\/media\/2220"}],"wp:attachment":[{"href":"https:\/\/dongoufilter.com\/pt-pt\/wp-json\/wp\/v2\/media?parent=2210"}],"wp:term":[{"taxonomy":"product_brand","embeddable":true,"href":"https:\/\/dongoufilter.com\/pt-pt\/wp-json\/wp\/v2\/product_brand?post=2210"},{"taxonomy":"product_cat","embeddable":true,"href":"https:\/\/dongoufilter.com\/pt-pt\/wp-json\/wp\/v2\/product_cat?post=2210"},{"taxonomy":"product_tag","embeddable":true,"href":"https:\/\/dongoufilter.com\/pt-pt\/wp-json\/wp\/v2\/product_tag?post=2210"}],"curies":[{"name":"wp","href":"https:\/\/api.w.org\/{rel}","templated":true}]}}