{"id":7198,"date":"2026-04-09T15:52:39","date_gmt":"2026-04-09T07:52:39","guid":{"rendered":"https:\/\/dongoufilter.com\/filtracao-internacionalmente-avancada-para-separacao-hidrometalurgica-alcancada\/"},"modified":"2026-04-09T15:53:25","modified_gmt":"2026-04-09T07:53:25","slug":"filtracao-internacionalmente-avancada-para-separacao-hidrometalurgica-alcancada","status":"publish","type":"page","link":"https:\/\/dongoufilter.com\/pt-pt\/filtracao-internacionalmente-avancada-para-separacao-hidrometalurgica-alcancada\/","title":{"rendered":"Filtra\u00e7\u00e3o internacionalmente avan\u00e7ada para separa\u00e7\u00e3o hidrometal\u00fargica \u2013 alcan\u00e7ada"},"content":{"rendered":"\t\t<div data-elementor-type=\"wp-post\" data-elementor-id=\"7198\" class=\"elementor elementor-7198 elementor-7185\" data-elementor-post-type=\"page\">\n\t\t\t\t<div class=\"elementor-element elementor-element-13ee3c4 e-flex e-con-boxed e-con e-parent\" data-id=\"13ee3c4\" data-element_type=\"container\" data-e-type=\"container\">\n\t\t\t\t\t<div class=\"e-con-inner\">\n\t\t\t\t<div class=\"elementor-element elementor-element-30526ba elementor-widget elementor-widget-text-editor\" data-id=\"30526ba\" data-element_type=\"widget\" data-e-type=\"widget\" data-widget_type=\"text-editor.default\">\n\t\t\t\t\t\t\t\t\t<p><strong><b>Filtra\u00e7\u00e3o internacionalmente avan\u00e7ada para separa\u00e7\u00e3o hidrometal\u00fargica \u2013 alcan\u00e7ada<\/b><\/strong><\/p><p>A Dongou MF, juntamente com a Universidade de Zhejiang, passou com sucesso na avalia\u00e7\u00e3o t\u00e9cnica da sua <a href=\"https:\/\/dongoufilter.com\/pt-pt\/product-category\/sem-categoria\/\">Membrana Microporosa Tubular Org\u00e2nica e do sistema completo de equipamento<\/a>.<\/p><p>\u2705 3 Avan\u00e7os Principais | Rendimento do produto de 98,10%<br>\u2705 100+ empresas | Servindo GEM, CATL &amp; BYD<br>\u2705 Possibilita\u00e7\u00e3o de recupera\u00e7\u00e3o de alto valor | Impulsionar a moderniza\u00e7\u00e3o verde industrial<\/p><p>Como um &#8220;Pequeno Gigante&#8221; nacional com 40 anos de experi\u00eancia em filtra\u00e7\u00e3o, estamos a liderar o futuro da filtra\u00e7\u00e3o de precis\u00e3o de pol\u00edmeros na China.<\/p>\t\t\t\t\t\t\t\t<\/div>\n\t\t\t\t<div class=\"elementor-element elementor-element-6a971ca elementor-widget elementor-widget-video\" data-id=\"6a971ca\" data-element_type=\"widget\" data-e-type=\"widget\" data-settings=\"{&quot;youtube_url&quot;:&quot;https:\\\/\\\/www.youtube.com\\\/watch?v=8MH2jDbbagI&quot;,&quot;video_type&quot;:&quot;youtube&quot;,&quot;controls&quot;:&quot;yes&quot;}\" data-widget_type=\"video.default\">\n\t\t\t\t\t\t\t<div class=\"elementor-wrapper elementor-open-inline\">\n\t\t\t<div class=\"elementor-video\"><\/div>\t\t<\/div>\n\t\t\t\t\t\t<\/div>\n\t\t\t\t\t<\/div>\n\t\t\t\t<\/div>\n\t\t\t\t<\/div>\n\t\t","protected":false},"excerpt":{"rendered":"<p>A Dongou MF, juntamente com a Universidade de Zhejiang, passou com sucesso na avalia\u00e7\u00e3o t\u00e9cnica da sua Membrana Microporosa Tubular Org\u00e2nica e do sistema completo de equipamento.<br \/>\n\u2705 3 Avan\u00e7os Principais | 98,10% rendimento<br \/>\n\u2705 do produto 100+ empresas | Servir GEM, CATL &amp; BYD<br \/>\n\u2705 Possibilitando recupera\u00e7\u00e3o de alto valor | Impulsionando a moderniza\u00e7\u00e3o<br \/>\nverde industrial Como um &#8220;Pequeno Gigante&#8221; nacional com 40 anos de experi\u00eancia em filtra\u00e7\u00e3o, estamos a liderar o futuro da filtra\u00e7\u00e3o de precis\u00e3o por pol\u00edmeros na China.<\/p>\n","protected":false},"author":3,"featured_media":0,"parent":0,"menu_order":0,"comment_status":"closed","ping_status":"closed","template":"","meta":{"_acf_changed":false,"footnotes":""},"class_list":["post-7198","page","type-page","status-publish","hentry"],"acf":[],"_links":{"self":[{"href":"https:\/\/dongoufilter.com\/pt-pt\/wp-json\/wp\/v2\/pages\/7198","targetHints":{"allow":["GET"]}}],"collection":[{"href":"https:\/\/dongoufilter.com\/pt-pt\/wp-json\/wp\/v2\/pages"}],"about":[{"href":"https:\/\/dongoufilter.com\/pt-pt\/wp-json\/wp\/v2\/types\/page"}],"author":[{"embeddable":true,"href":"https:\/\/dongoufilter.com\/pt-pt\/wp-json\/wp\/v2\/users\/3"}],"replies":[{"embeddable":true,"href":"https:\/\/dongoufilter.com\/pt-pt\/wp-json\/wp\/v2\/comments?post=7198"}],"version-history":[{"count":3,"href":"https:\/\/dongoufilter.com\/pt-pt\/wp-json\/wp\/v2\/pages\/7198\/revisions"}],"predecessor-version":[{"id":7201,"href":"https:\/\/dongoufilter.com\/pt-pt\/wp-json\/wp\/v2\/pages\/7198\/revisions\/7201"}],"wp:attachment":[{"href":"https:\/\/dongoufilter.com\/pt-pt\/wp-json\/wp\/v2\/media?parent=7198"}],"curies":[{"name":"wp","href":"https:\/\/api.w.org\/{rel}","templated":true}]}}