{"id":2943,"date":"2025-09-25T09:39:25","date_gmt":"2025-09-25T01:39:25","guid":{"rendered":"https:\/\/dongoufilter.com\/product\/filtro-de-concentracion-pgn-y-pgnx\/"},"modified":"2025-12-17T09:16:50","modified_gmt":"2025-12-17T01:16:50","slug":"filtro-de-concentracion-pgn-y-pgnx","status":"publish","type":"product","link":"https:\/\/dongoufilter.com\/es\/producto\/filtro-de-concentracion-pgn-y-pgnx\/","title":{"rendered":"Filtro de concentraci\u00f3n PGN y PGNX"},"content":{"rendered":"\t\t<div data-elementor-type=\"product-post\" data-elementor-id=\"2943\" class=\"elementor elementor-2943 elementor-436\" data-elementor-post-type=\"product\">\n\t\t\t\t<div class=\"elementor-element elementor-element-5970d32 e-con-full e-flex e-con e-parent\" data-id=\"5970d32\" data-element_type=\"container\" data-e-type=\"container\">\n\t\t<div class=\"elementor-element elementor-element-ea50ad7 e-grid e-con-full e-con e-child\" data-id=\"ea50ad7\" data-element_type=\"container\" data-e-type=\"container\">\n\t\t\t\t<div class=\"elementor-element elementor-element-8f96067 elementor-position-top elementor-widget elementor-widget-image-box\" data-id=\"8f96067\" data-element_type=\"widget\" data-e-type=\"widget\" data-widget_type=\"image-box.default\">\n\t\t\t\t\t<div class=\"elementor-image-box-wrapper\"><figure class=\"elementor-image-box-img\"><img decoding=\"async\" width=\"200\" height=\"200\" src=\"https:\/\/dongoufilter.com\/wp-content\/uploads\/2025\/09\/Modular-Design.png\" class=\"attachment-full size-full wp-image-2950\" alt=\"\" srcset=\"https:\/\/dongoufilter.com\/wp-content\/uploads\/2025\/09\/Modular-Design.png 200w, https:\/\/dongoufilter.com\/wp-content\/uploads\/2025\/09\/Modular-Design-150x150.png 150w, https:\/\/dongoufilter.com\/wp-content\/uploads\/2025\/09\/Modular-Design-100x100.png 100w\" sizes=\"(max-width: 200px) 100vw, 200px\" \/><\/figure><div class=\"elementor-image-box-content\"><h3 class=\"elementor-image-box-title\">Dise\u00f1o modular<\/h3><p class=\"elementor-image-box-description\">Comprende recipiente principal, motor, reductor, sistema de transmisi\u00f3n, agitador, mecanismo de sellado, reactor de tuber\u00eda, tubos de filtro microporosos, tubo de tiro, soportes, interfaces de proceso, tuber\u00edas, v\u00e1lvulas, instrumentaci\u00f3n, sistema de control PLC y dispositivo de vac\u00edo.\n<\/p><\/div><\/div>\t\t\t\t<\/div>\n\t\t\t\t<div class=\"elementor-element elementor-element-ee27391 elementor-position-top elementor-widget elementor-widget-image-box\" data-id=\"ee27391\" data-element_type=\"widget\" data-e-type=\"widget\" data-widget_type=\"image-box.default\">\n\t\t\t\t\t<div class=\"elementor-image-box-wrapper\"><figure class=\"elementor-image-box-img\"><img decoding=\"async\" width=\"200\" height=\"200\" src=\"https:\/\/dongoufilter.com\/wp-content\/uploads\/2025\/09\/Drive-System.png\" class=\"attachment-full size-full wp-image-2948\" alt=\"\" srcset=\"https:\/\/dongoufilter.com\/wp-content\/uploads\/2025\/09\/Drive-System.png 200w, https:\/\/dongoufilter.com\/wp-content\/uploads\/2025\/09\/Drive-System-150x150.png 150w, https:\/\/dongoufilter.com\/wp-content\/uploads\/2025\/09\/Drive-System-100x100.png 100w\" sizes=\"(max-width: 200px) 100vw, 200px\" \/><\/figure><div class=\"elementor-image-box-content\"><h3 class=\"elementor-image-box-title\">Sistema de accionamiento<\/h3><p class=\"elementor-image-box-description\">Equipado con reductores de alta calidad (por ejemplo, SEW o equivalentes) y variadores de frecuencia para un control continuo de la velocidad del agitador, lo que garantiza una mezcla \u00f3ptima.<\/p><\/div><\/div>\t\t\t\t<\/div>\n\t\t\t\t<div class=\"elementor-element elementor-element-29e60a9 elementor-position-top elementor-widget elementor-widget-image-box\" data-id=\"29e60a9\" data-element_type=\"widget\" data-e-type=\"widget\" data-widget_type=\"image-box.default\">\n\t\t\t\t\t<div class=\"elementor-image-box-wrapper\"><figure class=\"elementor-image-box-img\"><img decoding=\"async\" width=\"200\" height=\"200\" src=\"https:\/\/dongoufilter.com\/wp-content\/uploads\/2025\/09\/Agitation.png\" class=\"attachment-full size-full wp-image-2947\" alt=\"\" srcset=\"https:\/\/dongoufilter.com\/wp-content\/uploads\/2025\/09\/Agitation.png 200w, https:\/\/dongoufilter.com\/wp-content\/uploads\/2025\/09\/Agitation-150x150.png 150w, https:\/\/dongoufilter.com\/wp-content\/uploads\/2025\/09\/Agitation-100x100.png 100w\" sizes=\"(max-width: 200px) 100vw, 200px\" \/><\/figure><div class=\"elementor-image-box-content\"><h3 class=\"elementor-image-box-title\">Gu\u00eda de agitaci\u00f3n y flujo<\/h3><p class=\"elementor-image-box-description\">Las palas de paleta personalizadas combinadas con un tubo de aspiraci\u00f3n promueven una mezcla completa y un flujo turbulento, adaptado a las propiedades del material y al volumen del recipiente para una m\u00e1xima uniformidad de reacci\u00f3n.<\/p><\/div><\/div>\t\t\t\t<\/div>\n\t\t\t\t<div class=\"elementor-element elementor-element-0b386f9 elementor-position-top elementor-widget elementor-widget-image-box\" data-id=\"0b386f9\" data-element_type=\"widget\" data-e-type=\"widget\" data-widget_type=\"image-box.default\">\n\t\t\t\t\t<div class=\"elementor-image-box-wrapper\"><figure class=\"elementor-image-box-img\"><img loading=\"lazy\" decoding=\"async\" width=\"200\" height=\"200\" src=\"https:\/\/dongoufilter.com\/wp-content\/uploads\/2025\/09\/Sealing-Options.png\" class=\"attachment-full size-full wp-image-2946\" alt=\"\" srcset=\"https:\/\/dongoufilter.com\/wp-content\/uploads\/2025\/09\/Sealing-Options.png 200w, https:\/\/dongoufilter.com\/wp-content\/uploads\/2025\/09\/Sealing-Options-150x150.png 150w, https:\/\/dongoufilter.com\/wp-content\/uploads\/2025\/09\/Sealing-Options-100x100.png 100w\" sizes=\"(max-width: 200px) 100vw, 200px\" \/><\/figure><div class=\"elementor-image-box-content\"><h3 class=\"elementor-image-box-title\">Opciones de sellado<\/h3><p class=\"elementor-image-box-description\">Rellenos o sellos mec\u00e1nicos dobles para cumplir con los requisitos del proceso, evitando fugas en entornos exigentes.<\/p><\/div><\/div>\t\t\t\t<\/div>\n\t\t\t\t<div class=\"elementor-element elementor-element-08be1a5 elementor-position-top elementor-widget elementor-widget-image-box\" data-id=\"08be1a5\" data-element_type=\"widget\" data-e-type=\"widget\" data-widget_type=\"image-box.default\">\n\t\t\t\t\t<div class=\"elementor-image-box-wrapper\"><figure class=\"elementor-image-box-img\"><img loading=\"lazy\" decoding=\"async\" width=\"200\" height=\"200\" src=\"https:\/\/dongoufilter.com\/wp-content\/uploads\/2025\/09\/pipeline-reactor.png\" class=\"attachment-full size-full wp-image-2951\" alt=\"\" srcset=\"https:\/\/dongoufilter.com\/wp-content\/uploads\/2025\/09\/pipeline-reactor.png 200w, https:\/\/dongoufilter.com\/wp-content\/uploads\/2025\/09\/pipeline-reactor-150x150.png 150w, https:\/\/dongoufilter.com\/wp-content\/uploads\/2025\/09\/pipeline-reactor-100x100.png 100w\" sizes=\"(max-width: 200px) 100vw, 200px\" \/><\/figure><div class=\"elementor-image-box-content\"><h3 class=\"elementor-image-box-title\">Reactor de tuber\u00eda<\/h3><p class=\"elementor-image-box-description\">Alta relaci\u00f3n longitud-di\u00e1metro (&gt;50) para reacciones turbulentas intensivas; personalizable con tecnolog\u00edas nacionales o internacionales de \u00faltima generaci\u00f3n.<\/p><\/div><\/div>\t\t\t\t<\/div>\n\t\t\t\t<div class=\"elementor-element elementor-element-b32481c elementor-position-top elementor-widget elementor-widget-image-box\" data-id=\"b32481c\" data-element_type=\"widget\" data-e-type=\"widget\" data-widget_type=\"image-box.default\">\n\t\t\t\t\t<div class=\"elementor-image-box-wrapper\"><figure class=\"elementor-image-box-img\"><img loading=\"lazy\" decoding=\"async\" width=\"200\" height=\"200\" src=\"https:\/\/dongoufilter.com\/wp-content\/uploads\/2025\/09\/Filtration-and-Automation.png\" class=\"attachment-full size-full wp-image-2949\" alt=\"\" srcset=\"https:\/\/dongoufilter.com\/wp-content\/uploads\/2025\/09\/Filtration-and-Automation.png 200w, https:\/\/dongoufilter.com\/wp-content\/uploads\/2025\/09\/Filtration-and-Automation-150x150.png 150w, https:\/\/dongoufilter.com\/wp-content\/uploads\/2025\/09\/Filtration-and-Automation-100x100.png 100w\" sizes=\"(max-width: 200px) 100vw, 200px\" \/><\/figure><div class=\"elementor-image-box-content\"><h3 class=\"elementor-image-box-title\">Filtraci\u00f3n y automatizaci\u00f3n<\/h3><p class=\"elementor-image-box-description\">Los tubos microporosos proporcionan una filtraci\u00f3n precisa y no magn\u00e9tica; El sistema de supervisi\u00f3n DCS integrado monitorea y controla par\u00e1metros como el pH, los caudales (instant\u00e1neos y acumulativos) y la temperatura a trav\u00e9s del enlace triple de la bomba en el sitio, la sala de control y la bomba.<\/p><\/div><\/div>\t\t\t\t<\/div>\n\t\t\t\t<\/div>\n\t\t<div class=\"elementor-element elementor-element-c62ea58 e-con-full e-flex e-con e-child\" data-id=\"c62ea58\" data-element_type=\"container\" data-e-type=\"container\" data-settings=\"{&quot;background_background&quot;:&quot;classic&quot;}\">\n\t\t\t\t<div class=\"elementor-element elementor-element-d0411a3 elementor-widget elementor-widget-heading\" data-id=\"d0411a3\" data-element_type=\"widget\" data-e-type=\"widget\" data-widget_type=\"heading.default\">\n\t\t\t\t\t<h2 class=\"elementor-heading-title elementor-size-default\">Rendimiento del proceso<\/h2>\t\t\t\t<\/div>\n\t\t\t\t<\/div>\n\t\t<div class=\"elementor-element elementor-element-c67f29a e-con-full e-flex e-con e-child\" data-id=\"c67f29a\" data-element_type=\"container\" data-e-type=\"container\">\n\t\t<div class=\"elementor-element elementor-element-72ff2ec e-con-full e-flex e-con e-child\" data-id=\"72ff2ec\" data-element_type=\"container\" data-e-type=\"container\">\n\t\t\t\t<div class=\"elementor-element elementor-element-d304bec elementor-widget elementor-widget-image\" data-id=\"d304bec\" data-element_type=\"widget\" data-e-type=\"widget\" data-widget_type=\"image.default\">\n\t\t\t\t\t\t\t\t\t\t\t\t\t\t\t<img loading=\"lazy\" decoding=\"async\" width=\"600\" height=\"599\" src=\"https:\/\/dongoufilter.com\/wp-content\/uploads\/2025\/09\/PGNX-process-1-600x599.png\" class=\"attachment-woocommerce_single size-woocommerce_single wp-image-3726\" alt=\"\" srcset=\"https:\/\/dongoufilter.com\/wp-content\/uploads\/2025\/09\/PGNX-process-1-600x599.png 600w, https:\/\/dongoufilter.com\/wp-content\/uploads\/2025\/09\/PGNX-process-1-300x300.png 300w, https:\/\/dongoufilter.com\/wp-content\/uploads\/2025\/09\/PGNX-process-1-150x150.png 150w, https:\/\/dongoufilter.com\/wp-content\/uploads\/2025\/09\/PGNX-process-1-100x100.png 100w, https:\/\/dongoufilter.com\/wp-content\/uploads\/2025\/09\/PGNX-process-1.png 732w\" sizes=\"(max-width: 600px) 100vw, 600px\" \/>\t\t\t\t\t\t\t\t\t\t\t\t\t\t\t<\/div>\n\t\t\t\t<\/div>\n\t\t<div class=\"elementor-element elementor-element-1fd6117 e-con-full e-flex e-con e-child\" data-id=\"1fd6117\" data-element_type=\"container\" data-e-type=\"container\">\n\t\t\t\t<div class=\"elementor-element elementor-element-a9724ec elementor-widget elementor-widget-text-editor\" data-id=\"a9724ec\" data-element_type=\"widget\" data-e-type=\"widget\" data-widget_type=\"text-editor.default\">\n\t\t\t\t\t\t\t\t\t<p><strong>Reacci\u00f3n y envejecimiento:<\/strong> Dentro del reactor, los controles multiparam\u00e9tricos regulan con precisi\u00f3n la nucleaci\u00f3n y el crecimiento de los cristales. La agitaci\u00f3n de varias etapas y un dise\u00f1o de filtraci\u00f3n microporosa invertido permiten que los cristales finos recirculen continuamente a la zona de reacci\u00f3n. Esto evita el asentamiento y el bloqueo del filtro, al tiempo que promueve la formaci\u00f3n de una distribuci\u00f3n de tama\u00f1o de cristal estrecha y consistente.  <\/p><p><strong>Lavado y purificaci\u00f3n:<\/strong> El agua de alta pureza, el agua caliente o el disolvente se introducen a trav\u00e9s de l\u00edneas de proceso dedicadas. La mezcla completa garantiza una eliminaci\u00f3n efectiva de impurezas, cumpliendo con las estrictas especificaciones de pureza del producto. <\/p><p><strong>Concentraci\u00f3n y filtraci\u00f3n:<\/strong> El vac\u00edo integrado, la filtraci\u00f3n microporosa de precisi\u00f3n y los sistemas de control automatizados concentran progresivamente la lechada a la densidad objetivo. Este dise\u00f1o minimiza la carga de presi\u00f3n en la unidad de filtraci\u00f3n, mejorando la estabilidad operativa y la vida \u00fatil. <\/p><p><strong>Eficiencia general:<\/strong> El sistema permite un funcionamiento continuo y totalmente automatizado con un tiempo de inactividad m\u00ednimo. Al garantizar un control m\u00e1s estricto sobre la PSD (distribuci\u00f3n del tama\u00f1o de part\u00edcula) y la morfolog\u00eda, aumenta significativamente el rendimiento y la calidad del producto, al tiempo que reduce el consumo de energ\u00eda y el desperdicio de material. <\/p>\t\t\t\t\t\t\t\t<\/div>\n\t\t\t\t<\/div>\n\t\t\t\t<\/div>\n\t\t<div class=\"elementor-element elementor-element-8780a86 e-con-full e-flex e-con e-child\" data-id=\"8780a86\" data-element_type=\"container\" data-e-type=\"container\" data-settings=\"{&quot;background_background&quot;:&quot;classic&quot;}\">\n\t\t\t\t<div class=\"elementor-element elementor-element-bfc9332 elementor-widget elementor-widget-heading\" data-id=\"bfc9332\" data-element_type=\"widget\" data-e-type=\"widget\" data-widget_type=\"heading.default\">\n\t\t\t\t\t<h2 class=\"elementor-heading-title elementor-size-default\">Especificaciones de referencia  <\/h2>\t\t\t\t<\/div>\n\t\t\t\t<\/div>\n\t\t<div class=\"elementor-element elementor-element-f17add9 e-con-full e-flex e-con e-child\" data-id=\"f17add9\" data-element_type=\"container\" data-e-type=\"container\">\n\t\t\t\t<div class=\"elementor-element elementor-element-12bfb52 elementor-widget elementor-widget-text-editor\" data-id=\"12bfb52\" data-element_type=\"widget\" data-e-type=\"widget\" data-widget_type=\"text-editor.default\">\n\t\t\t\t\t\t\t\t\t<table width=\"597\">\n<tbody>\n<tr>\n<td width=\"297\">Par\u00e1metro<\/td>\n<td width=\"300\">Rango\/Valor<\/td>\n<\/tr>\n<tr>\n<td>Volumen<\/td>\n del recipiente<td>0,5\u201330 m\u00b3<\/td>\n<\/tr>\n<tr>\n<td>\u00c1rea<\/td>\n de filtro<td>0,2\u201340 m\u00b2<\/td>\n<\/tr>\n<tr>\n<td>Precisi\u00f3n de<\/td>\n filtraci\u00f3n<td>0,2-10 \u03bcm<\/td>\n<\/tr>\n<tr>\n<td>Grado de<\/td>\n vac\u00edo<td>De -0,01 a -0,1 MPa<\/td>\n<\/tr>\n<tr>\nPresi\u00f3n \n <td>de aire de retrolavado<\/td><td>0,1\u20130,7 MPa<\/td>\n<\/tr>\n<tr>\n<td rowspan=\"6\">Revestimientos<\/td>\n resistentes a la corrosi\u00f3n<td>SUS304<\/td>\n<\/tr>\n<tr>\n<td>SUS316L<\/td>\n<\/tr>\n<tr>\n<td>TA2<\/td>\n<\/tr>\n<tr>\n<td>Titanio revestido de acero<\/td>\n<\/tr>\n<tr>\n<td>Acero inoxidable revestido de acero<\/td>\n<\/tr>\n<tr>\n<td>Pl\u00e1stico revestido de acero<\/td>\n<\/tr>\n<\/tbody>\n<\/table>\n<p><span style=\"color: #ff6600;\">Totalmente personalizable en funci\u00f3n de las necesidades de su aplicaci\u00f3n<\/span><\/p>\t\t\t\t\t\t\t\t<\/div>\n\t\t\t\t<\/div>\n\t\t\t\t<\/div>\n\t\t<div class=\"elementor-element elementor-element-bdbdb31 e-flex e-con-boxed e-con e-parent\" data-id=\"bdbdb31\" data-element_type=\"container\" data-e-type=\"container\">\n\t\t\t\t\t<div class=\"e-con-inner\">\n\t\t\t\t<div class=\"elementor-element elementor-element-440b913 elementor-widget elementor-widget-video\" data-id=\"440b913\" data-element_type=\"widget\" data-e-type=\"widget\" data-settings=\"{&quot;youtube_url&quot;:&quot;https:\\\/\\\/www.youtube.com\\\/embed\\\/HT_NhH8ODj0&quot;,&quot;show_image_overlay&quot;:&quot;yes&quot;,&quot;image_overlay&quot;:{&quot;url&quot;:&quot;https:\\\/\\\/dongoufilter.com\\\/wp-content\\\/uploads\\\/2025\\\/09\\\/pgr-clarification-filter.webp&quot;,&quot;id&quot;:5710,&quot;size&quot;:&quot;&quot;,&quot;alt&quot;:&quot;pgr-clarification-filter&quot;,&quot;source&quot;:&quot;library&quot;},&quot;video_type&quot;:&quot;youtube&quot;,&quot;controls&quot;:&quot;yes&quot;}\" data-widget_type=\"video.default\">\n\t\t\t\t\t\t\t<div class=\"elementor-wrapper elementor-open-inline\">\n\t\t\t<div class=\"elementor-video\"><\/div>\t\t\t\t<div class=\"elementor-custom-embed-image-overlay\" style=\"background-image: url(https:\/\/dongoufilter.com\/wp-content\/uploads\/2025\/09\/pgr-clarification-filter.webp);\">\n\t\t\t\t\t\t\t\t\t\t\t\t\t\t\t\t<div class=\"elementor-custom-embed-play\" role=\"button\" aria-label=\"Reproducir video acerca de pgr-clarification-filter\" tabindex=\"0\">\n\t\t\t\t\t\t\t<svg aria-hidden=\"true\" class=\"e-font-icon-svg e-eicon-play\" viewBox=\"0 0 1000 1000\" xmlns=\"http:\/\/www.w3.org\/2000\/svg\"><path d=\"M838 162C746 71 633 25 500 25 371 25 258 71 163 162 71 254 25 367 25 500 25 633 71 746 163 837 254 929 367 979 500 979 633 979 746 933 838 837 929 746 975 633 975 500 975 367 929 254 838 162M808 192C892 279 933 379 933 500 933 621 892 725 808 808 725 892 621 938 500 938 379 938 279 896 196 808 113 725 67 621 67 500 67 379 108 279 196 192 279 108 383 62 500 62 621 62 721 108 808 192M438 392V642L642 517 438 392Z\"><\/path><\/svg>\t\t\t\t\t\t<\/div>\n\t\t\t\t\t\t\t\t\t<\/div>\n\t\t\t\t\t<\/div>\n\t\t\t\t\t\t<\/div>\n\t\t\t\t\t<\/div>\n\t\t\t\t<\/div>\n\t\t\t\t<\/div>\n\t\t","protected":false},"excerpt":{"rendered":"<p>El filtro de concentraci\u00f3n es un sistema integrado avanzado dise\u00f1ado para aplicaciones eficientes de s\u00edntesis qu\u00edmica y procesamiento de part\u00edculas. Se integra perfectamente con los reactores de s\u00edntesis para mejorar la eficiencia de la reacci\u00f3n, lograr una distribuci\u00f3n uniforme del tama\u00f1o de las part\u00edculas (PSD) y optimizar la morfolog\u00eda del material. Esta soluci\u00f3n vers\u00e1til respalda la fabricaci\u00f3n sostenible al minimizar el desperdicio y maximizar el rendimiento a trav\u00e9s de un control y automatizaci\u00f3n precisos.  <\/p>\n<p><strong>Las ventajas clave incluyen:<\/strong><\/p>\n<ul>\n<li>Integridad de part\u00edculas mejorada para una calidad superior del producto<\/li>\n<li>Mejora de la eficiencia de coprecipitaci\u00f3n<\/li>\n<li>Reducci\u00f3n de la p\u00e9rdida de material durante el procesamiento<\/li>\n<\/ul>\n<p>Con opciones de revestimiento de material flexible para componentes en contacto con lodos y filtraci\u00f3n libre de impurezas magn\u00e9ticas, garantiza un funcionamiento libre de contaminaci\u00f3n. Las funciones totalmente automatizadas, como el retrolavado agrupado, los ciclos continuos y el control multipunto, permiten una producci\u00f3n ininterrumpida y de alto rendimiento. <\/p>\n","protected":false},"featured_media":2945,"template":"","meta":{"_acf_changed":false},"product_brand":[],"product_cat":[49],"product_tag":[],"class_list":{"0":"post-2943","1":"product","2":"type-product","3":"status-publish","4":"has-post-thumbnail","6":"product_cat-sin-categoria","8":"first","9":"instock","10":"shipping-taxable","11":"product-type-simple"},"acf":[],"_links":{"self":[{"href":"https:\/\/dongoufilter.com\/es\/wp-json\/wp\/v2\/product\/2943","targetHints":{"allow":["GET"]}}],"collection":[{"href":"https:\/\/dongoufilter.com\/es\/wp-json\/wp\/v2\/product"}],"about":[{"href":"https:\/\/dongoufilter.com\/es\/wp-json\/wp\/v2\/types\/product"}],"version-history":[{"count":6,"href":"https:\/\/dongoufilter.com\/es\/wp-json\/wp\/v2\/product\/2943\/revisions"}],"predecessor-version":[{"id":5907,"href":"https:\/\/dongoufilter.com\/es\/wp-json\/wp\/v2\/product\/2943\/revisions\/5907"}],"wp:featuredmedia":[{"embeddable":true,"href":"https:\/\/dongoufilter.com\/es\/wp-json\/wp\/v2\/media\/2945"}],"wp:attachment":[{"href":"https:\/\/dongoufilter.com\/es\/wp-json\/wp\/v2\/media?parent=2943"}],"wp:term":[{"taxonomy":"product_brand","embeddable":true,"href":"https:\/\/dongoufilter.com\/es\/wp-json\/wp\/v2\/product_brand?post=2943"},{"taxonomy":"product_cat","embeddable":true,"href":"https:\/\/dongoufilter.com\/es\/wp-json\/wp\/v2\/product_cat?post=2943"},{"taxonomy":"product_tag","embeddable":true,"href":"https:\/\/dongoufilter.com\/es\/wp-json\/wp\/v2\/product_tag?post=2943"}],"curies":[{"name":"wp","href":"https:\/\/api.w.org\/{rel}","templated":true}]}}