{"id":2497,"date":"2025-09-25T09:39:25","date_gmt":"2025-09-25T01:39:25","guid":{"rendered":"https:\/\/dongoufilter.com\/product\/lavadora-de-filtro-prensa-pgh\/"},"modified":"2025-11-03T15:33:00","modified_gmt":"2025-11-03T07:33:00","slug":"lavadora-de-filtro-prensa-pgh","status":"publish","type":"product","link":"https:\/\/dongoufilter.com\/es\/producto\/lavadora-de-filtro-prensa-pgh\/","title":{"rendered":"Lavadora de filtro prensa PGH"},"content":{"rendered":"\t\t<div data-elementor-type=\"product-post\" data-elementor-id=\"2497\" class=\"elementor elementor-2497 elementor-432\" data-elementor-post-type=\"product\">\n\t\t\t\t<div class=\"elementor-element elementor-element-aae1603 e-con-full e-flex e-con e-parent\" data-id=\"aae1603\" data-element_type=\"container\" data-e-type=\"container\">\n\t\t<div class=\"elementor-element elementor-element-8c14ebd e-grid e-con-full e-con e-child\" data-id=\"8c14ebd\" data-element_type=\"container\" data-e-type=\"container\">\n\t\t\t\t<div class=\"elementor-element elementor-element-623f9a8 elementor-position-top elementor-widget elementor-widget-image-box\" data-id=\"623f9a8\" data-element_type=\"widget\" data-e-type=\"widget\" data-widget_type=\"image-box.default\">\n\t\t\t\t\t<div class=\"elementor-image-box-wrapper\"><figure class=\"elementor-image-box-img\"><img decoding=\"async\" width=\"200\" height=\"200\" src=\"https:\/\/dongoufilter.com\/wp-content\/uploads\/2025\/09\/Sealed-filter-press-system.png\" class=\"attachment-full size-full wp-image-2512\" alt=\"\" srcset=\"https:\/\/dongoufilter.com\/wp-content\/uploads\/2025\/09\/Sealed-filter-press-system.png 200w, https:\/\/dongoufilter.com\/wp-content\/uploads\/2025\/09\/Sealed-filter-press-system-150x150.png 150w, https:\/\/dongoufilter.com\/wp-content\/uploads\/2025\/09\/Sealed-filter-press-system-100x100.png 100w\" sizes=\"(max-width: 200px) 100vw, 200px\" \/><\/figure><div class=\"elementor-image-box-content\"><h3 class=\"elementor-image-box-title\">Sistema de filtro prensa sellado<\/h3><p class=\"elementor-image-box-description\">La operaci\u00f3n completamente cerrada garantiza un entorno de producci\u00f3n m\u00e1s limpio y seguro.<\/p><\/div><\/div>\t\t\t\t<\/div>\n\t\t\t\t<div class=\"elementor-element elementor-element-d40dc87 elementor-position-top elementor-widget elementor-widget-image-box\" data-id=\"d40dc87\" data-element_type=\"widget\" data-e-type=\"widget\" data-widget_type=\"image-box.default\">\n\t\t\t\t\t<div class=\"elementor-image-box-wrapper\"><figure class=\"elementor-image-box-img\"><img decoding=\"async\" width=\"200\" height=\"200\" src=\"https:\/\/dongoufilter.com\/wp-content\/uploads\/2025\/09\/Positive-pressure.png\" class=\"attachment-full size-full wp-image-2511\" alt=\"\" srcset=\"https:\/\/dongoufilter.com\/wp-content\/uploads\/2025\/09\/Positive-pressure.png 200w, https:\/\/dongoufilter.com\/wp-content\/uploads\/2025\/09\/Positive-pressure-150x150.png 150w, https:\/\/dongoufilter.com\/wp-content\/uploads\/2025\/09\/Positive-pressure-100x100.png 100w\" sizes=\"(max-width: 200px) 100vw, 200px\" \/><\/figure><div class=\"elementor-image-box-content\"><h3 class=\"elementor-image-box-title\">Desag\u00fce con presi\u00f3n positiva y descarga autom\u00e1tica de residuos<\/h3><p class=\"elementor-image-box-description\">La apertura autom\u00e1tica de la tapa y la descarga neum\u00e1tica reducen la manipulaci\u00f3n manual al tiempo que mejoran la seguridad.<\/p><\/div><\/div>\t\t\t\t<\/div>\n\t\t\t\t<div class=\"elementor-element elementor-element-ed1e88b elementor-position-top elementor-widget elementor-widget-image-box\" data-id=\"ed1e88b\" data-element_type=\"widget\" data-e-type=\"widget\" data-widget_type=\"image-box.default\">\n\t\t\t\t\t<div class=\"elementor-image-box-wrapper\"><figure class=\"elementor-image-box-img\"><img decoding=\"async\" width=\"200\" height=\"200\" src=\"https:\/\/dongoufilter.com\/wp-content\/uploads\/2025\/09\/Multi-unit.png\" class=\"attachment-full size-full wp-image-2510\" alt=\"\" srcset=\"https:\/\/dongoufilter.com\/wp-content\/uploads\/2025\/09\/Multi-unit.png 200w, https:\/\/dongoufilter.com\/wp-content\/uploads\/2025\/09\/Multi-unit-150x150.png 150w, https:\/\/dongoufilter.com\/wp-content\/uploads\/2025\/09\/Multi-unit-100x100.png 100w\" sizes=\"(max-width: 200px) 100vw, 200px\" \/><\/figure><div class=\"elementor-image-box-content\"><h3 class=\"elementor-image-box-title\">Sincronizaci\u00f3n de varias unidades<\/h3><p class=\"elementor-image-box-description\">Permite una producci\u00f3n continua y una mayor eficiencia del flujo de trabajo para el lavado y la clarificaci\u00f3n de lodos a gran escala.<\/p><\/div><\/div>\t\t\t\t<\/div>\n\t\t\t\t<div class=\"elementor-element elementor-element-36ae5e1 elementor-position-top elementor-widget elementor-widget-image-box\" data-id=\"36ae5e1\" data-element_type=\"widget\" data-e-type=\"widget\" data-widget_type=\"image-box.default\">\n\t\t\t\t\t<div class=\"elementor-image-box-wrapper\"><figure class=\"elementor-image-box-img\"><img loading=\"lazy\" decoding=\"async\" width=\"200\" height=\"200\" src=\"https:\/\/dongoufilter.com\/wp-content\/uploads\/2025\/09\/Large-filtration-area.png\" class=\"attachment-full size-full wp-image-2509\" alt=\"\" srcset=\"https:\/\/dongoufilter.com\/wp-content\/uploads\/2025\/09\/Large-filtration-area.png 200w, https:\/\/dongoufilter.com\/wp-content\/uploads\/2025\/09\/Large-filtration-area-150x150.png 150w, https:\/\/dongoufilter.com\/wp-content\/uploads\/2025\/09\/Large-filtration-area-100x100.png 100w\" sizes=\"(max-width: 200px) 100vw, 200px\" \/><\/figure><div class=\"elementor-image-box-content\"><h3 class=\"elementor-image-box-title\">Gran \u00e1rea de filtraci\u00f3n<\/h3><p class=\"elementor-image-box-description\">Unidad individual de hasta 500 m\u00b2, con m\u00f3dulos auxiliares opcionales para un rendimiento adicional.\n<\/p><\/div><\/div>\t\t\t\t<\/div>\n\t\t\t\t<div class=\"elementor-element elementor-element-9a886c8 elementor-position-top elementor-widget elementor-widget-image-box\" data-id=\"9a886c8\" data-element_type=\"widget\" data-e-type=\"widget\" data-widget_type=\"image-box.default\">\n\t\t\t\t\t<div class=\"elementor-image-box-wrapper\"><figure class=\"elementor-image-box-img\"><img loading=\"lazy\" decoding=\"async\" width=\"200\" height=\"200\" src=\"https:\/\/dongoufilter.com\/wp-content\/uploads\/2025\/09\/Flexible-contact.png\" class=\"attachment-full size-full wp-image-2508\" alt=\"\" srcset=\"https:\/\/dongoufilter.com\/wp-content\/uploads\/2025\/09\/Flexible-contact.png 200w, https:\/\/dongoufilter.com\/wp-content\/uploads\/2025\/09\/Flexible-contact-150x150.png 150w, https:\/\/dongoufilter.com\/wp-content\/uploads\/2025\/09\/Flexible-contact-100x100.png 100w\" sizes=\"(max-width: 200px) 100vw, 200px\" \/><\/figure><div class=\"elementor-image-box-content\"><h3 class=\"elementor-image-box-title\">Opciones flexibles de material de contacto<\/h3><p class=\"elementor-image-box-description\">Piezas h\u00famedas disponibles en revestimiento de pl\u00e1stico, acero inoxidable o titanio para adaptarse a diferentes lodos qu\u00edmicos.<\/p><\/div><\/div>\t\t\t\t<\/div>\n\t\t\t\t<\/div>\n\t\t<div class=\"elementor-element elementor-element-ce17757 e-con-full e-flex e-con e-child\" data-id=\"ce17757\" data-element_type=\"container\" data-e-type=\"container\" data-settings=\"{&quot;background_background&quot;:&quot;classic&quot;}\">\n\t\t\t\t<div class=\"elementor-element elementor-element-36229c2 elementor-widget elementor-widget-heading\" data-id=\"36229c2\" data-element_type=\"widget\" data-e-type=\"widget\" data-widget_type=\"heading.default\">\n\t\t\t\t\t<h2 class=\"elementor-heading-title elementor-size-default\">Rendimiento del proceso<\/h2>\t\t\t\t<\/div>\n\t\t\t\t<\/div>\n\t\t<div class=\"elementor-element elementor-element-2e6c8fa e-con-full e-flex e-con e-child\" data-id=\"2e6c8fa\" data-element_type=\"container\" data-e-type=\"container\">\n\t\t<div class=\"elementor-element elementor-element-3ec0904 e-con-full e-flex e-con e-child\" data-id=\"3ec0904\" data-element_type=\"container\" data-e-type=\"container\">\n\t\t\t\t<div class=\"elementor-element elementor-element-4eb6feb elementor-widget elementor-widget-image\" data-id=\"4eb6feb\" data-element_type=\"widget\" data-e-type=\"widget\" data-widget_type=\"image.default\">\n\t\t\t\t\t\t\t\t\t\t\t\t\t\t\t<img loading=\"lazy\" decoding=\"async\" width=\"1083\" height=\"736\" src=\"https:\/\/dongoufilter.com\/wp-content\/uploads\/2025\/09\/PGH\u6d41\u7a0b\u56fe\u82f1\u6587.png\" class=\"attachment-full size-full wp-image-2147\" alt=\"\" srcset=\"https:\/\/dongoufilter.com\/wp-content\/uploads\/2025\/09\/PGH\u6d41\u7a0b\u56fe\u82f1\u6587.png 1083w, https:\/\/dongoufilter.com\/wp-content\/uploads\/2025\/09\/PGH\u6d41\u7a0b\u56fe\u82f1\u6587-300x204.png 300w, https:\/\/dongoufilter.com\/wp-content\/uploads\/2025\/09\/PGH\u6d41\u7a0b\u56fe\u82f1\u6587-1024x696.png 1024w, https:\/\/dongoufilter.com\/wp-content\/uploads\/2025\/09\/PGH\u6d41\u7a0b\u56fe\u82f1\u6587-768x522.png 768w, https:\/\/dongoufilter.com\/wp-content\/uploads\/2025\/09\/PGH\u6d41\u7a0b\u56fe\u82f1\u6587-600x408.png 600w\" sizes=\"(max-width: 1083px) 100vw, 1083px\" \/>\t\t\t\t\t\t\t\t\t\t\t\t\t\t\t<\/div>\n\t\t\t\t<\/div>\n\t\t<div class=\"elementor-element elementor-element-b5b8998 e-con-full e-flex e-con e-child\" data-id=\"b5b8998\" data-element_type=\"container\" data-e-type=\"container\">\n\t\t\t\t<div class=\"elementor-element elementor-element-bf3f888 elementor-widget elementor-widget-text-editor\" data-id=\"bf3f888\" data-element_type=\"widget\" data-e-type=\"widget\" data-widget_type=\"text-editor.default\">\n\t\t\t\t\t\t\t\t\t<p>Clarificaci\u00f3n de lechada con torta h\u00fameda aceptable: Ideal cuando la claridad del filtrado es el requisito principal, incluida la decoloraci\u00f3n con carb\u00f3n activado y el lavado qu\u00edmico a granel.<\/p><p>Calidad constante del lote: las zonas de filtraci\u00f3n auxiliares capturan el licor residual, lo que garantiza que cada lote se descargue sin contaminaci\u00f3n cruzada.<\/p><p>Operaci\u00f3n continua de gran volumen: la sincronizaci\u00f3n de varias unidades admite procesos industriales de alto rendimiento, lo que reduce el tiempo de inactividad en las industrias qu\u00edmica, alimentaria y ambiental.<\/p><p>Manejo eficiente de cristales y part\u00edculas finas: Mantiene la estabilidad de la suspensi\u00f3n mientras filtra las impurezas, especialmente efectivo para la clarificaci\u00f3n de soluciones cristalinas y polvos finos.<\/p><p>Confiabilidad industrial comprobada: Ampliamente aplicado en productos qu\u00edmicos finos, productos farmac\u00e9uticos, aditivos alimentarios y tratamiento de aguas residuales, donde el filtrado clarificado y el rendimiento estable son cr\u00edticos.<\/p>\t\t\t\t\t\t\t\t<\/div>\n\t\t\t\t<\/div>\n\t\t\t\t<\/div>\n\t\t<div class=\"elementor-element elementor-element-e17ca3d e-con-full e-flex e-con e-child\" data-id=\"e17ca3d\" data-element_type=\"container\" data-e-type=\"container\" data-settings=\"{&quot;background_background&quot;:&quot;classic&quot;}\">\n\t\t\t\t<div class=\"elementor-element elementor-element-5fc2e40 elementor-widget elementor-widget-heading\" data-id=\"5fc2e40\" data-element_type=\"widget\" data-e-type=\"widget\" data-widget_type=\"heading.default\">\n\t\t\t\t\t<h2 class=\"elementor-heading-title elementor-size-default\">Especificaciones de referencia  <\/h2>\t\t\t\t<\/div>\n\t\t\t\t<\/div>\n\t\t<div class=\"elementor-element elementor-element-cf0274e e-con-full e-flex e-con e-child\" data-id=\"cf0274e\" data-element_type=\"container\" data-e-type=\"container\">\n\t\t\t\t<div class=\"elementor-element elementor-element-e0fa36e elementor-widget elementor-widget-text-editor\" data-id=\"e0fa36e\" data-element_type=\"widget\" data-e-type=\"widget\" data-widget_type=\"text-editor.default\">\n\t\t\t\t\t\t\t\t\t<div class=\"table-wrapper\"><table><tbody><tr><td>Modelo<\/td><td>PGH-1<\/td><td>PGH-2<\/td><td>PGH-3<\/td><td>PGH-5<\/td><td>PGH-10<\/td><td>PGH-20<\/td><td>PGH-30<\/td><td>PGH-40<\/td><td>PGH-60<\/td><td>PGH-100<\/td><\/tr><tr><td>\u00c1rea de filtraci\u00f3n (m\u00b2)<\/td><td>1<\/td><td>2<\/td><td>3<\/td><td>5<\/td><td>10<\/td><td>20<\/td><td>30<\/td><td>40<\/td><td>60<\/td><td>100<\/td><\/tr><tr><td>Capacidad (t\/h)<\/td><td colspan=\"10\">Determinada a partir de datos experimentales del pur\u00edn espec\u00edfico<\/td><\/tr><tr><td>Presi\u00f3n de funcionamiento (MPa)<\/td><td colspan=\"10\">\u22640,25<\/td><\/tr><tr><td>Temperatura de funcionamiento (\u00b0C)<\/td><td colspan=\"10\">\u2264100<\/td><\/tr><tr><td>Di\u00e1metro del recipiente (mm)<\/td><td>\u03c6300<\/td><td>\u03c6300<\/td><td>\u03c6400<\/td><td>\u03c6550<\/td><td>\u03c6800<\/td><td>\u03c6900<\/td><td>\u03c61200 \/ \u03c61000<\/td><td>\u03c61400 \/ \u03c61500<\/td><td>\u03c61600 \/ \u03c61400<\/td><td>\u03c62000<\/td><\/tr><tr><td>Altura del recipiente (mm)<\/td><td>1730<\/td><td>2030<\/td><td>2500<\/td><td>2530<\/td><td>3050<\/td><td>3440<\/td><td>3840 \/ 2480<\/td><td>4100 \/ 3800<\/td><td>4880<\/td><td>5330<\/td><\/tr><tr><td>Entrada \/ Salida (mm)<\/td><td>DN25\/DN25<\/td><td>DN40\/DN40<\/td><td>DN40\/DN40<\/td><td>DN40\/DN50<\/td><td>DN50\/DN65<\/td><td>DN65\/DN65<\/td><td>DN50\/DN65<\/td><td>DN65\/DN65<\/td><td>DN65\/DN65<\/td><td>DN80\/DN80<\/td><\/tr><tr><td>Puerto de descarga (mm)<\/td><td>\u03c6300<\/td><td>\u03c6300<\/td><td>\u03c6400<\/td><td>\u03c6550<\/td><td>\u03c6800<\/td><td>\u03c6800<\/td><td>\u03c61200 \/ \u03c61000<\/td><td>\u03c61400 \/ \u03c61000<\/td><td>\u03c61600 \/ \u03c61400<\/td><td>\u03c61400 \/ \u03c61600<\/td><\/tr><tr><td>Volumen del recipiente (m\u00b3)<\/td><td>\u22640,1<\/td><td>0.079<\/td><td>0.17<\/td><td>0.321<\/td><td>0.86<\/td><td>1.25<\/td><td>2.38 \/ 1.38<\/td><td>2.8 \/ 2.4<\/td><td>5.6<\/td><td>13.3<\/td><\/tr><\/tbody><\/table><\/div>\t\t\t\t\t\t\t\t<\/div>\n\t\t\t\t<\/div>\n\t\t\t\t<\/div>\n\t\t\t\t<\/div>\n\t\t","protected":false},"excerpt":{"rendered":"<p>La lavadora con filtro prensa PGH est\u00e1 dise\u00f1ada para procesos de lavado y filtraci\u00f3n de lodos con alto contenido de s\u00f3lidos donde la baja sequedad de la torta es aceptable. Con un sistema de filtro prensa sellado y un funcionamiento totalmente automatizado, minimiza la intervenci\u00f3n manual al tiempo que garantiza un entorno de producci\u00f3n limpio y seguro. El modelo PGH se aplica ampliamente en las industrias de qu\u00edmica fina, farmac\u00e9utica, procesamiento de alimentos y ambiental, brindando un rendimiento confiable en el lavado y clarificaci\u00f3n combinados de lodos.  <\/p>\n","protected":false},"featured_media":470,"template":"","meta":{"_acf_changed":false},"product_brand":[],"product_cat":[49],"product_tag":[],"class_list":{"0":"post-2497","1":"product","2":"type-product","3":"status-publish","4":"has-post-thumbnail","6":"product_cat-sin-categoria","8":"first","9":"instock","10":"shipping-taxable","11":"product-type-simple"},"acf":[],"_links":{"self":[{"href":"https:\/\/dongoufilter.com\/es\/wp-json\/wp\/v2\/product\/2497","targetHints":{"allow":["GET"]}}],"collection":[{"href":"https:\/\/dongoufilter.com\/es\/wp-json\/wp\/v2\/product"}],"about":[{"href":"https:\/\/dongoufilter.com\/es\/wp-json\/wp\/v2\/types\/product"}],"version-history":[{"count":1,"href":"https:\/\/dongoufilter.com\/es\/wp-json\/wp\/v2\/product\/2497\/revisions"}],"predecessor-version":[{"id":2513,"href":"https:\/\/dongoufilter.com\/es\/wp-json\/wp\/v2\/product\/2497\/revisions\/2513"}],"wp:featuredmedia":[{"embeddable":true,"href":"https:\/\/dongoufilter.com\/es\/wp-json\/wp\/v2\/media\/470"}],"wp:attachment":[{"href":"https:\/\/dongoufilter.com\/es\/wp-json\/wp\/v2\/media?parent=2497"}],"wp:term":[{"taxonomy":"product_brand","embeddable":true,"href":"https:\/\/dongoufilter.com\/es\/wp-json\/wp\/v2\/product_brand?post=2497"},{"taxonomy":"product_cat","embeddable":true,"href":"https:\/\/dongoufilter.com\/es\/wp-json\/wp\/v2\/product_cat?post=2497"},{"taxonomy":"product_tag","embeddable":true,"href":"https:\/\/dongoufilter.com\/es\/wp-json\/wp\/v2\/product_tag?post=2497"}],"curies":[{"name":"wp","href":"https:\/\/api.w.org\/{rel}","templated":true}]}}