{"id":2441,"date":"2025-09-25T09:39:25","date_gmt":"2025-09-25T01:39:25","guid":{"rendered":"https:\/\/dongoufilter.com\/product\/pgrii-clarificacion-filtro\/"},"modified":"2025-11-10T16:06:44","modified_gmt":"2025-11-10T08:06:44","slug":"pgrii-clarificacion-filtro","status":"publish","type":"product","link":"https:\/\/dongoufilter.com\/es\/producto\/pgrii-clarificacion-filtro\/","title":{"rendered":"PGRII.Clarificaci\u00f3n Filtro"},"content":{"rendered":"\t\t<div data-elementor-type=\"product-post\" data-elementor-id=\"2441\" class=\"elementor elementor-2441 elementor-433\" data-elementor-post-type=\"product\">\n\t\t\t\t<div class=\"elementor-element elementor-element-33d4205 e-con-full e-flex e-con e-parent\" data-id=\"33d4205\" data-element_type=\"container\" data-e-type=\"container\">\n\t\t<div class=\"elementor-element elementor-element-147479d e-grid e-con-full e-con e-child\" data-id=\"147479d\" data-element_type=\"container\" data-e-type=\"container\">\n\t\t\t\t<div class=\"elementor-element elementor-element-8c6e9f5 elementor-position-top elementor-widget elementor-widget-image-box\" data-id=\"8c6e9f5\" data-element_type=\"widget\" data-e-type=\"widget\" data-widget_type=\"image-box.default\">\n\t\t\t\t\t<div class=\"elementor-image-box-wrapper\"><figure class=\"elementor-image-box-img\"><img decoding=\"async\" width=\"200\" height=\"200\" src=\"https:\/\/dongoufilter.com\/wp-content\/uploads\/2025\/09\/Tool-Free.png\" class=\"attachment-full size-full wp-image-2455\" alt=\"\" srcset=\"https:\/\/dongoufilter.com\/wp-content\/uploads\/2025\/09\/Tool-Free.png 200w, https:\/\/dongoufilter.com\/wp-content\/uploads\/2025\/09\/Tool-Free-150x150.png 150w, https:\/\/dongoufilter.com\/wp-content\/uploads\/2025\/09\/Tool-Free-100x100.png 100w\" sizes=\"(max-width: 200px) 100vw, 200px\" \/><\/figure><div class=\"elementor-image-box-content\"><h3 class=\"elementor-image-box-title\">Regeneraci\u00f3n sin herramientas<\/h3><p class=\"elementor-image-box-description\">Reemplaza el retrolavado de aire comprimido tradicional con un sistema de apertura mec\u00e1nico simple, minimizando el mantenimiento y el tiempo de inactividad.<\/p><\/div><\/div>\t\t\t\t<\/div>\n\t\t\t\t<div class=\"elementor-element elementor-element-ca349ea elementor-position-top elementor-widget elementor-widget-image-box\" data-id=\"ca349ea\" data-element_type=\"widget\" data-e-type=\"widget\" data-widget_type=\"image-box.default\">\n\t\t\t\t\t<div class=\"elementor-image-box-wrapper\"><figure class=\"elementor-image-box-img\"><img decoding=\"async\" width=\"200\" height=\"200\" src=\"https:\/\/dongoufilter.com\/wp-content\/uploads\/2025\/09\/Enhanced-Upper-Chamber.png\" class=\"attachment-full size-full wp-image-2451\" alt=\"\" srcset=\"https:\/\/dongoufilter.com\/wp-content\/uploads\/2025\/09\/Enhanced-Upper-Chamber.png 200w, https:\/\/dongoufilter.com\/wp-content\/uploads\/2025\/09\/Enhanced-Upper-Chamber-150x150.png 150w, https:\/\/dongoufilter.com\/wp-content\/uploads\/2025\/09\/Enhanced-Upper-Chamber-100x100.png 100w\" sizes=\"(max-width: 200px) 100vw, 200px\" \/><\/figure><div class=\"elementor-image-box-content\"><h3 class=\"elementor-image-box-title\">C\u00e1mara superior mejorada<\/h3><p class=\"elementor-image-box-description\">Dise\u00f1o modificado con aberturas optimizadas para mejorar la din\u00e1mica del flujo y facilitar el acceso.<\/p><\/div><\/div>\t\t\t\t<\/div>\n\t\t\t\t<div class=\"elementor-element elementor-element-d5d7ab2 elementor-position-top elementor-widget elementor-widget-image-box\" data-id=\"d5d7ab2\" data-element_type=\"widget\" data-e-type=\"widget\" data-widget_type=\"image-box.default\">\n\t\t\t\t\t<div class=\"elementor-image-box-wrapper\"><figure class=\"elementor-image-box-img\"><img decoding=\"async\" width=\"200\" height=\"200\" src=\"https:\/\/dongoufilter.com\/wp-content\/uploads\/2025\/09\/Expanded-Filtrate-Reservoir.png\" class=\"attachment-full size-full wp-image-2452\" alt=\"\" srcset=\"https:\/\/dongoufilter.com\/wp-content\/uploads\/2025\/09\/Expanded-Filtrate-Reservoir.png 200w, https:\/\/dongoufilter.com\/wp-content\/uploads\/2025\/09\/Expanded-Filtrate-Reservoir-150x150.png 150w, https:\/\/dongoufilter.com\/wp-content\/uploads\/2025\/09\/Expanded-Filtrate-Reservoir-100x100.png 100w\" sizes=\"(max-width: 200px) 100vw, 200px\" \/><\/figure><div class=\"elementor-image-box-content\"><h3 class=\"elementor-image-box-title\">Dep\u00f3sito de filtrado expandido<\/h3><p class=\"elementor-image-box-description\">Mayor capacidad para manejar vol\u00famenes m\u00e1s grandes, lo que admite tiradas por lotes extendidas sin interrupciones.<\/p><\/div><\/div>\t\t\t\t<\/div>\n\t\t\t\t<div class=\"elementor-element elementor-element-9851630 elementor-position-top elementor-widget elementor-widget-image-box\" data-id=\"9851630\" data-element_type=\"widget\" data-e-type=\"widget\" data-widget_type=\"image-box.default\">\n\t\t\t\t\t<div class=\"elementor-image-box-wrapper\"><figure class=\"elementor-image-box-img\"><img loading=\"lazy\" decoding=\"async\" width=\"200\" height=\"200\" src=\"https:\/\/dongoufilter.com\/wp-content\/uploads\/2025\/09\/Optimized-Valve-Configuration.png\" class=\"attachment-full size-full wp-image-2453\" alt=\"\" srcset=\"https:\/\/dongoufilter.com\/wp-content\/uploads\/2025\/09\/Optimized-Valve-Configuration.png 200w, https:\/\/dongoufilter.com\/wp-content\/uploads\/2025\/09\/Optimized-Valve-Configuration-150x150.png 150w, https:\/\/dongoufilter.com\/wp-content\/uploads\/2025\/09\/Optimized-Valve-Configuration-100x100.png 100w\" sizes=\"(max-width: 200px) 100vw, 200px\" \/><\/figure><div class=\"elementor-image-box-content\"><h3 class=\"elementor-image-box-title\">Configuraci\u00f3n optimizada de la v\u00e1lvula<\/h3><p class=\"elementor-image-box-description\">Controles optimizados para ajustes precisos y automatizados, lo que mejora la eficiencia del sistema.<\/p><\/div><\/div>\t\t\t\t<\/div>\n\t\t\t\t<div class=\"elementor-element elementor-element-f9abe16 elementor-position-top elementor-widget elementor-widget-image-box\" data-id=\"f9abe16\" data-element_type=\"widget\" data-e-type=\"widget\" data-widget_type=\"image-box.default\">\n\t\t\t\t\t<div class=\"elementor-image-box-wrapper\"><figure class=\"elementor-image-box-img\"><img loading=\"lazy\" decoding=\"async\" width=\"200\" height=\"200\" src=\"https:\/\/dongoufilter.com\/wp-content\/uploads\/2025\/09\/Scalable-Capacity.png\" class=\"attachment-full size-full wp-image-2454\" alt=\"\" srcset=\"https:\/\/dongoufilter.com\/wp-content\/uploads\/2025\/09\/Scalable-Capacity.png 200w, https:\/\/dongoufilter.com\/wp-content\/uploads\/2025\/09\/Scalable-Capacity-150x150.png 150w, https:\/\/dongoufilter.com\/wp-content\/uploads\/2025\/09\/Scalable-Capacity-100x100.png 100w\" sizes=\"(max-width: 200px) 100vw, 200px\" \/><\/figure><div class=\"elementor-image-box-content\"><h3 class=\"elementor-image-box-title\">Capacidad escalable<\/h3><p class=\"elementor-image-box-description\">Hasta 500\u33a1 de \u00e1rea de filtraci\u00f3n por unidad; Conjuntos de patines de varios conjuntos para una implementaci\u00f3n flexible y modular.<\/p><\/div><\/div>\t\t\t\t<\/div>\n\t\t\t\t<div class=\"elementor-element elementor-element-b43048d elementor-position-top elementor-widget elementor-widget-image-box\" data-id=\"b43048d\" data-element_type=\"widget\" data-e-type=\"widget\" data-widget_type=\"image-box.default\">\n\t\t\t\t\t<div class=\"elementor-image-box-wrapper\"><figure class=\"elementor-image-box-img\"><img loading=\"lazy\" decoding=\"async\" width=\"200\" height=\"200\" src=\"https:\/\/dongoufilter.com\/wp-content\/uploads\/2025\/09\/corrosion-resistant.png\" class=\"attachment-full size-full wp-image-2450\" alt=\"\" srcset=\"https:\/\/dongoufilter.com\/wp-content\/uploads\/2025\/09\/corrosion-resistant.png 200w, https:\/\/dongoufilter.com\/wp-content\/uploads\/2025\/09\/corrosion-resistant-150x150.png 150w, https:\/\/dongoufilter.com\/wp-content\/uploads\/2025\/09\/corrosion-resistant-100x100.png 100w\" sizes=\"(max-width: 200px) 100vw, 200px\" \/><\/figure><div class=\"elementor-image-box-content\"><h3 class=\"elementor-image-box-title\">Construcci\u00f3n resistente a la corrosi\u00f3n<\/h3><p class=\"elementor-image-box-description\">M\u00faltiples opciones de revestimiento para superficies de contacto, lo que garantiza la longevidad en corrientes corrosivas.<\/p><\/div><\/div>\t\t\t\t<\/div>\n\t\t\t\t<\/div>\n\t\t<div class=\"elementor-element elementor-element-d21fb16 e-con-full e-flex e-con e-child\" data-id=\"d21fb16\" data-element_type=\"container\" data-e-type=\"container\" data-settings=\"{&quot;background_background&quot;:&quot;classic&quot;}\">\n\t\t\t\t<div class=\"elementor-element elementor-element-d8b207e elementor-widget elementor-widget-heading\" data-id=\"d8b207e\" data-element_type=\"widget\" data-e-type=\"widget\" data-widget_type=\"heading.default\">\n\t\t\t\t\t<h2 class=\"elementor-heading-title elementor-size-default\">Rendimiento del proceso<\/h2>\t\t\t\t<\/div>\n\t\t\t\t<\/div>\n\t\t<div class=\"elementor-element elementor-element-40558a9 e-con-full e-flex e-con e-child\" data-id=\"40558a9\" data-element_type=\"container\" data-e-type=\"container\">\n\t\t<div class=\"elementor-element elementor-element-0162cf3 e-con-full e-flex e-con e-child\" data-id=\"0162cf3\" data-element_type=\"container\" data-e-type=\"container\">\n\t\t\t\t<div class=\"elementor-element elementor-element-2567c4c elementor-widget elementor-widget-image\" data-id=\"2567c4c\" data-element_type=\"widget\" data-e-type=\"widget\" data-widget_type=\"image.default\">\n\t\t\t\t\t\t\t\t\t\t\t\t\t\t\t<img loading=\"lazy\" decoding=\"async\" width=\"995\" height=\"869\" src=\"https:\/\/dongoufilter.com\/wp-content\/uploads\/2025\/09\/PGR-2\u6d41\u7a0b\u56fe\u82f1\u6587.png\" class=\"attachment-full size-full wp-image-2456\" alt=\"\" srcset=\"https:\/\/dongoufilter.com\/wp-content\/uploads\/2025\/09\/PGR-2\u6d41\u7a0b\u56fe\u82f1\u6587.png 995w, https:\/\/dongoufilter.com\/wp-content\/uploads\/2025\/09\/PGR-2\u6d41\u7a0b\u56fe\u82f1\u6587-300x262.png 300w, https:\/\/dongoufilter.com\/wp-content\/uploads\/2025\/09\/PGR-2\u6d41\u7a0b\u56fe\u82f1\u6587-768x671.png 768w, https:\/\/dongoufilter.com\/wp-content\/uploads\/2025\/09\/PGR-2\u6d41\u7a0b\u56fe\u82f1\u6587-600x524.png 600w\" sizes=\"(max-width: 995px) 100vw, 995px\" \/>\t\t\t\t\t\t\t\t\t\t\t\t\t\t\t<\/div>\n\t\t\t\t<\/div>\n\t\t<div class=\"elementor-element elementor-element-7423f2a e-con-full e-flex e-con e-child\" data-id=\"7423f2a\" data-element_type=\"container\" data-e-type=\"container\">\n\t\t\t\t<div class=\"elementor-element elementor-element-bf145fd elementor-widget elementor-widget-text-editor\" data-id=\"bf145fd\" data-element_type=\"widget\" data-e-type=\"widget\" data-widget_type=\"text-editor.default\">\n\t\t\t\t\t\t\t\t\t<p>Alimentaci\u00f3n y filtraci\u00f3n: El l\u00edquido de alimentaci\u00f3n presurizado ingresa a la c\u00e1mara vertical a trav\u00e9s de la bomba de entrada y la v\u00e1lvula, pasando a trav\u00e9s de m\u00faltiples tubos de filtro microporosos para una separaci\u00f3n precisa s\u00f3lido-l\u00edquido en condiciones herm\u00e9ticas.<\/p><p>Recolecci\u00f3n de filtrado: El filtrado limpio se desborda en el dep\u00f3sito superior expandido y sale a trav\u00e9s de la salida dedicada, logrando una salida de alta claridad para uso aguas abajo.<\/p><p>Descarga de residuos: Los s\u00f3lidos concentrados se depositan en el fondo y se descargan autom\u00e1ticamente a trav\u00e9s de v\u00e1lvulas controladas, con opciones de retrolavado para recuperar los medios filtrantes.<\/p><p>Regeneraci\u00f3n e integraci\u00f3n: Admite ciclos totalmente automatizados, incluida la regeneraci\u00f3n qu\u00edmica y el enlace de varias unidades, lo que garantiza un tiempo de inactividad m\u00ednimo y un rendimiento constante en operaciones a gran escala.<\/p>\t\t\t\t\t\t\t\t<\/div>\n\t\t\t\t<\/div>\n\t\t\t\t<\/div>\n\t\t\t\t<\/div>\n\t\t\t\t<\/div>\n\t\t","protected":false},"excerpt":{"rendered":"<p>El filtro de clarificaci\u00f3n PGRII se basa en tecnolog\u00eda de filtraci\u00f3n probada con mejoras innovadoras para operaciones optimizadas y de bajo mantenimiento. Dise\u00f1ado para el procesamiento de l\u00edquidos de gran volumen, cuenta con un sistema de apertura sin herramientas que simplifica la regeneraci\u00f3n, reduce la complejidad del sistema y reduce los costos generales. Este modelo optimiza el manejo del filtrado y los controles de v\u00e1lvulas para un rendimiento y confiabilidad superiores.  <\/p>\n","protected":false},"featured_media":2448,"template":"","meta":{"_acf_changed":false},"product_brand":[],"product_cat":[49],"product_tag":[],"class_list":{"0":"post-2441","1":"product","2":"type-product","3":"status-publish","4":"has-post-thumbnail","6":"product_cat-sin-categoria","8":"first","9":"instock","10":"shipping-taxable","11":"product-type-simple"},"acf":[],"_links":{"self":[{"href":"https:\/\/dongoufilter.com\/es\/wp-json\/wp\/v2\/product\/2441","targetHints":{"allow":["GET"]}}],"collection":[{"href":"https:\/\/dongoufilter.com\/es\/wp-json\/wp\/v2\/product"}],"about":[{"href":"https:\/\/dongoufilter.com\/es\/wp-json\/wp\/v2\/types\/product"}],"version-history":[{"count":1,"href":"https:\/\/dongoufilter.com\/es\/wp-json\/wp\/v2\/product\/2441\/revisions"}],"predecessor-version":[{"id":2458,"href":"https:\/\/dongoufilter.com\/es\/wp-json\/wp\/v2\/product\/2441\/revisions\/2458"}],"wp:featuredmedia":[{"embeddable":true,"href":"https:\/\/dongoufilter.com\/es\/wp-json\/wp\/v2\/media\/2448"}],"wp:attachment":[{"href":"https:\/\/dongoufilter.com\/es\/wp-json\/wp\/v2\/media?parent=2441"}],"wp:term":[{"taxonomy":"product_brand","embeddable":true,"href":"https:\/\/dongoufilter.com\/es\/wp-json\/wp\/v2\/product_brand?post=2441"},{"taxonomy":"product_cat","embeddable":true,"href":"https:\/\/dongoufilter.com\/es\/wp-json\/wp\/v2\/product_cat?post=2441"},{"taxonomy":"product_tag","embeddable":true,"href":"https:\/\/dongoufilter.com\/es\/wp-json\/wp\/v2\/product_tag?post=2441"}],"curies":[{"name":"wp","href":"https:\/\/api.w.org\/{rel}","templated":true}]}}