{"id":2440,"date":"2025-09-25T09:39:25","date_gmt":"2025-09-25T01:39:25","guid":{"rendered":"https:\/\/dongoufilter.com\/product\/pgri-filtro-de-clarificacion\/"},"modified":"2025-12-17T09:16:51","modified_gmt":"2025-12-17T01:16:51","slug":"pgri-filtro-de-clarificacion","status":"publish","type":"product","link":"https:\/\/dongoufilter.com\/es\/producto\/pgri-filtro-de-clarificacion\/","title":{"rendered":"PGRI.Filtro de clarificaci\u00f3n"},"content":{"rendered":"\t\t<div data-elementor-type=\"product-post\" data-elementor-id=\"2440\" class=\"elementor elementor-2440 elementor-434\" data-elementor-post-type=\"product\">\n\t\t\t\t<div class=\"elementor-element elementor-element-3a4dca0 e-con-full e-flex e-con e-parent\" data-id=\"3a4dca0\" data-element_type=\"container\" data-e-type=\"container\">\n\t\t<div class=\"elementor-element elementor-element-b5e1039 e-grid e-con-full e-con e-child\" data-id=\"b5e1039\" data-element_type=\"container\" data-e-type=\"container\">\n\t\t\t\t<div class=\"elementor-element elementor-element-87ffacf elementor-position-top elementor-widget elementor-widget-image-box\" data-id=\"87ffacf\" data-element_type=\"widget\" data-e-type=\"widget\" data-widget_type=\"image-box.default\">\n\t\t\t\t\t<div class=\"elementor-image-box-wrapper\"><figure class=\"elementor-image-box-img\"><img decoding=\"async\" width=\"200\" height=\"200\" src=\"https:\/\/dongoufilter.com\/wp-content\/uploads\/2025\/09\/high-capacity.png\" class=\"attachment-full size-full wp-image-2446\" alt=\"\" srcset=\"https:\/\/dongoufilter.com\/wp-content\/uploads\/2025\/09\/high-capacity.png 200w, https:\/\/dongoufilter.com\/wp-content\/uploads\/2025\/09\/high-capacity-150x150.png 150w, https:\/\/dongoufilter.com\/wp-content\/uploads\/2025\/09\/high-capacity-100x100.png 100w\" sizes=\"(max-width: 200px) 100vw, 200px\" \/><\/figure><div class=\"elementor-image-box-content\"><h3 class=\"elementor-image-box-title\">Alta capacidad de filtraci\u00f3n<\/h3><p class=\"elementor-image-box-description\">Ofrece un \u00e1rea de filtraci\u00f3n de hasta 500\u33a1 por unidad, con opciones montadas sobre patines de varias unidades para una integraci\u00f3n perfecta.<\/p><\/div><\/div>\t\t\t\t<\/div>\n\t\t\t\t<div class=\"elementor-element elementor-element-ebc11ac elementor-position-top elementor-widget elementor-widget-image-box\" data-id=\"ebc11ac\" data-element_type=\"widget\" data-e-type=\"widget\" data-widget_type=\"image-box.default\">\n\t\t\t\t\t<div class=\"elementor-image-box-wrapper\"><figure class=\"elementor-image-box-img\"><img decoding=\"async\" width=\"200\" height=\"200\" src=\"https:\/\/dongoufilter.com\/wp-content\/uploads\/2025\/09\/chemical-resistance.png\" class=\"attachment-full size-full wp-image-2444\" alt=\"\" srcset=\"https:\/\/dongoufilter.com\/wp-content\/uploads\/2025\/09\/chemical-resistance.png 200w, https:\/\/dongoufilter.com\/wp-content\/uploads\/2025\/09\/chemical-resistance-150x150.png 150w, https:\/\/dongoufilter.com\/wp-content\/uploads\/2025\/09\/chemical-resistance-100x100.png 100w\" sizes=\"(max-width: 200px) 100vw, 200px\" \/><\/figure><div class=\"elementor-image-box-content\"><h3 class=\"elementor-image-box-title\">Resistencia superior a la corrosi\u00f3n<\/h3><p class=\"elementor-image-box-description\">Cuenta con materiales de revestimiento avanzados para una mayor durabilidad en condiciones dif\u00edciles.<\/p><\/div><\/div>\t\t\t\t<\/div>\n\t\t\t\t<div class=\"elementor-element elementor-element-129f112 elementor-position-top elementor-widget elementor-widget-image-box\" data-id=\"129f112\" data-element_type=\"widget\" data-e-type=\"widget\" data-widget_type=\"image-box.default\">\n\t\t\t\t\t<div class=\"elementor-image-box-wrapper\"><figure class=\"elementor-image-box-img\"><img decoding=\"async\" width=\"200\" height=\"200\" src=\"https:\/\/dongoufilter.com\/wp-content\/uploads\/2025\/09\/automated-operation.png\" class=\"attachment-full size-full wp-image-2443\" alt=\"\" srcset=\"https:\/\/dongoufilter.com\/wp-content\/uploads\/2025\/09\/automated-operation.png 200w, https:\/\/dongoufilter.com\/wp-content\/uploads\/2025\/09\/automated-operation-150x150.png 150w, https:\/\/dongoufilter.com\/wp-content\/uploads\/2025\/09\/automated-operation-100x100.png 100w\" sizes=\"(max-width: 200px) 100vw, 200px\" \/><\/figure><div class=\"elementor-image-box-content\"><h3 class=\"elementor-image-box-title\">Operaci\u00f3n automatizada<\/h3><p class=\"elementor-image-box-description\">Permite una filtraci\u00f3n sellada, una regeneraci\u00f3n eficiente de retrolavado, una regeneraci\u00f3n qu\u00edmica y una coordinaci\u00f3n de varias unidades.\n<\/p><\/div><\/div>\t\t\t\t<\/div>\n\t\t\t\t<div class=\"elementor-element elementor-element-ab6ab9b elementor-position-top elementor-widget elementor-widget-image-box\" data-id=\"ab6ab9b\" data-element_type=\"widget\" data-e-type=\"widget\" data-widget_type=\"image-box.default\">\n\t\t\t\t\t<div class=\"elementor-image-box-wrapper\"><figure class=\"elementor-image-box-img\"><img loading=\"lazy\" decoding=\"async\" width=\"200\" height=\"200\" src=\"https:\/\/dongoufilter.com\/wp-content\/uploads\/2025\/09\/compact-design.png\" class=\"attachment-full size-full wp-image-2445\" alt=\"\" srcset=\"https:\/\/dongoufilter.com\/wp-content\/uploads\/2025\/09\/compact-design.png 200w, https:\/\/dongoufilter.com\/wp-content\/uploads\/2025\/09\/compact-design-150x150.png 150w, https:\/\/dongoufilter.com\/wp-content\/uploads\/2025\/09\/compact-design-100x100.png 100w\" sizes=\"(max-width: 200px) 100vw, 200px\" \/><\/figure><div class=\"elementor-image-box-content\"><h3 class=\"elementor-image-box-title\">Dise\u00f1o compacto<\/h3><p class=\"elementor-image-box-description\">La c\u00e1mara sellada vertical minimiza la huella (por ejemplo, &lt;5\u33a1 para un \u00e1rea de filtraci\u00f3n de 200\u33a1), ideal para configuraciones con limitaciones de espacio.\n<\/p><\/div><\/div>\t\t\t\t<\/div>\n\t\t\t\t<div class=\"elementor-element elementor-element-d627eaf elementor-position-top elementor-widget elementor-widget-image-box\" data-id=\"d627eaf\" data-element_type=\"widget\" data-e-type=\"widget\" data-widget_type=\"image-box.default\">\n\t\t\t\t\t<div class=\"elementor-image-box-wrapper\"><figure class=\"elementor-image-box-img\"><img loading=\"lazy\" decoding=\"async\" width=\"200\" height=\"200\" src=\"https:\/\/dongoufilter.com\/wp-content\/uploads\/2025\/09\/maintenance.png\" class=\"attachment-full size-full wp-image-2447\" alt=\"\" srcset=\"https:\/\/dongoufilter.com\/wp-content\/uploads\/2025\/09\/maintenance.png 200w, https:\/\/dongoufilter.com\/wp-content\/uploads\/2025\/09\/maintenance-150x150.png 150w, https:\/\/dongoufilter.com\/wp-content\/uploads\/2025\/09\/maintenance-100x100.png 100w\" sizes=\"(max-width: 200px) 100vw, 200px\" \/><\/figure><div class=\"elementor-image-box-content\"><h3 class=\"elementor-image-box-title\">Mantenimiento f\u00e1cil de usar<\/h3><p class=\"elementor-image-box-description\">Operaci\u00f3n simple de la v\u00e1lvula para una regeneraci\u00f3n de retrolavado r\u00e1pida y efectiva, lo que garantiza una producci\u00f3n limpia.<\/p><\/div><\/div>\t\t\t\t<\/div>\n\t\t\t\t<\/div>\n\t\t<div class=\"elementor-element elementor-element-d8b0863 e-con-full e-flex e-con e-child\" data-id=\"d8b0863\" data-element_type=\"container\" data-e-type=\"container\" data-settings=\"{&quot;background_background&quot;:&quot;classic&quot;}\">\n\t\t\t\t<div class=\"elementor-element elementor-element-1fcc3da elementor-widget elementor-widget-heading\" data-id=\"1fcc3da\" data-element_type=\"widget\" data-e-type=\"widget\" data-widget_type=\"heading.default\">\n\t\t\t\t\t<h2 class=\"elementor-heading-title elementor-size-default\">Rendimiento del proceso<\/h2>\t\t\t\t<\/div>\n\t\t\t\t<\/div>\n\t\t<div class=\"elementor-element elementor-element-151f32b e-con-full e-flex e-con e-child\" data-id=\"151f32b\" data-element_type=\"container\" data-e-type=\"container\">\n\t\t<div class=\"elementor-element elementor-element-e0ed352 e-con-full e-flex e-con e-child\" data-id=\"e0ed352\" data-element_type=\"container\" data-e-type=\"container\">\n\t\t\t\t<div class=\"elementor-element elementor-element-2c2dc72 elementor-widget elementor-widget-image\" data-id=\"2c2dc72\" data-element_type=\"widget\" data-e-type=\"widget\" data-widget_type=\"image.default\">\n\t\t\t\t\t\t\t\t\t\t\t\t\t\t\t<img loading=\"lazy\" decoding=\"async\" width=\"1018\" height=\"785\" src=\"https:\/\/dongoufilter.com\/wp-content\/uploads\/2025\/09\/PGR-process.png\" class=\"attachment-full size-full wp-image-2449\" alt=\"\" srcset=\"https:\/\/dongoufilter.com\/wp-content\/uploads\/2025\/09\/PGR-process.png 1018w, https:\/\/dongoufilter.com\/wp-content\/uploads\/2025\/09\/PGR-process-300x231.png 300w, https:\/\/dongoufilter.com\/wp-content\/uploads\/2025\/09\/PGR-process-768x592.png 768w, https:\/\/dongoufilter.com\/wp-content\/uploads\/2025\/09\/PGR-process-600x463.png 600w\" sizes=\"(max-width: 1018px) 100vw, 1018px\" \/>\t\t\t\t\t\t\t\t\t\t\t\t\t\t\t<\/div>\n\t\t\t\t<\/div>\n\t\t<div class=\"elementor-element elementor-element-4a86a37 e-con-full e-flex e-con e-child\" data-id=\"4a86a37\" data-element_type=\"container\" data-e-type=\"container\">\n\t\t\t\t<div class=\"elementor-element elementor-element-b47e3dc elementor-widget elementor-widget-text-editor\" data-id=\"b47e3dc\" data-element_type=\"widget\" data-e-type=\"widget\" data-widget_type=\"text-editor.default\">\n\t\t\t\t\t\t\t\t\t<p><strong>Purificaci\u00f3n de la soluci\u00f3n:<\/strong> Elimina eficazmente las impurezas de los flujos de proceso para obtener resultados de alta claridad.<\/p><p><strong>Clarificaci\u00f3n de dosificaci\u00f3n qu\u00edmica:<\/strong> Pretrata el sobrenadante despu\u00e9s de la precipitaci\u00f3n qu\u00edmica para mejorar la eficiencia del proceso.<\/p><p><strong>Filtraci\u00f3n previa a la evaporaci\u00f3n:<\/strong> Asegura una alimentaci\u00f3n limpia para los evaporadores, protegiendo el equipo y optimizando el rendimiento.<\/p><p><strong>Pretratamiento de membrana:<\/strong> Reduce la SDI para sistemas de nanofiltraci\u00f3n y \u00f3smosis inversa, lo que prolonga la vida \u00fatil de la membrana.<\/p><p><strong>Control de part\u00edculas:<\/strong> Permite una filtraci\u00f3n precisa para procesos posteriores como la cristalizaci\u00f3n o el intercambio i\u00f3nico.<\/p>\t\t\t\t\t\t\t\t<\/div>\n\t\t\t\t<\/div>\n\t\t\t\t<\/div>\n\t\t\t\t<\/div>\n\t\t\t\t<\/div>\n\t\t","protected":false},"excerpt":{"rendered":"<p>Dise\u00f1ado para la clarificaci\u00f3n de precisi\u00f3n de alto volumen, el filtro de clarificaci\u00f3n PGR ofrece soluciones compactas y f\u00e1ciles de usar para la separaci\u00f3n industrial s\u00f3lido-l\u00edquido. Con configuraciones personalizables y materiales robustos, garantiza un rendimiento confiable en aplicaciones exigentes. <\/p>\n","protected":false},"featured_media":2442,"template":"","meta":{"_acf_changed":false},"product_brand":[],"product_cat":[49],"product_tag":[],"class_list":{"0":"post-2440","1":"product","2":"type-product","3":"status-publish","4":"has-post-thumbnail","6":"product_cat-sin-categoria","8":"first","9":"instock","10":"shipping-taxable","11":"product-type-simple"},"acf":[],"_links":{"self":[{"href":"https:\/\/dongoufilter.com\/es\/wp-json\/wp\/v2\/product\/2440","targetHints":{"allow":["GET"]}}],"collection":[{"href":"https:\/\/dongoufilter.com\/es\/wp-json\/wp\/v2\/product"}],"about":[{"href":"https:\/\/dongoufilter.com\/es\/wp-json\/wp\/v2\/types\/product"}],"version-history":[{"count":3,"href":"https:\/\/dongoufilter.com\/es\/wp-json\/wp\/v2\/product\/2440\/revisions"}],"predecessor-version":[{"id":5909,"href":"https:\/\/dongoufilter.com\/es\/wp-json\/wp\/v2\/product\/2440\/revisions\/5909"}],"wp:featuredmedia":[{"embeddable":true,"href":"https:\/\/dongoufilter.com\/es\/wp-json\/wp\/v2\/media\/2442"}],"wp:attachment":[{"href":"https:\/\/dongoufilter.com\/es\/wp-json\/wp\/v2\/media?parent=2440"}],"wp:term":[{"taxonomy":"product_brand","embeddable":true,"href":"https:\/\/dongoufilter.com\/es\/wp-json\/wp\/v2\/product_brand?post=2440"},{"taxonomy":"product_cat","embeddable":true,"href":"https:\/\/dongoufilter.com\/es\/wp-json\/wp\/v2\/product_cat?post=2440"},{"taxonomy":"product_tag","embeddable":true,"href":"https:\/\/dongoufilter.com\/es\/wp-json\/wp\/v2\/product_tag?post=2440"}],"curies":[{"name":"wp","href":"https:\/\/api.w.org\/{rel}","templated":true}]}}