{"id":2382,"date":"2025-09-25T09:39:25","date_gmt":"2025-09-25T01:39:25","guid":{"rendered":"https:\/\/dongoufilter.com\/product\/filtro-de-concentracion-pgfyns\/"},"modified":"2025-11-26T11:03:06","modified_gmt":"2025-11-26T03:03:06","slug":"filtro-de-concentracion-pgfyns","status":"publish","type":"product","link":"https:\/\/dongoufilter.com\/es\/producto\/filtro-de-concentracion-pgfyns\/","title":{"rendered":"Filtro de concentraci\u00f3n PGFYNS"},"content":{"rendered":"\t\t<div data-elementor-type=\"product-post\" data-elementor-id=\"2382\" class=\"elementor elementor-2382 elementor-435\" data-elementor-post-type=\"product\">\n\t\t\t\t<div class=\"elementor-element elementor-element-1036209 e-con-full e-flex e-con e-parent\" data-id=\"1036209\" data-element_type=\"container\" data-e-type=\"container\">\n\t\t<div class=\"elementor-element elementor-element-eb2b1f2 e-con-full e-flex e-con e-child\" data-id=\"eb2b1f2\" data-element_type=\"container\" data-e-type=\"container\" data-settings=\"{&quot;background_background&quot;:&quot;classic&quot;}\">\n\t\t\t\t<div class=\"elementor-element elementor-element-f3a64f8 elementor-widget elementor-widget-heading\" data-id=\"f3a64f8\" data-element_type=\"widget\" data-e-type=\"widget\" data-widget_type=\"heading.default\">\n\t\t\t\t\t<h2 class=\"elementor-heading-title elementor-size-default\">Caracter\u00edsticas t\u00e9cnicas<\/h2>\t\t\t\t<\/div>\n\t\t\t\t<\/div>\n\t\t<div class=\"elementor-element elementor-element-04b9e6b e-con-full e-flex e-con e-child\" data-id=\"04b9e6b\" data-element_type=\"container\" data-e-type=\"container\">\n\t\t\t\t<div class=\"elementor-element elementor-element-6ec0f1d elementor-widget elementor-widget-text-editor\" data-id=\"6ec0f1d\" data-element_type=\"widget\" data-e-type=\"widget\" data-widget_type=\"text-editor.default\">\n\t\t\t\t\t\t\t\t\t<ul>\n<li><strong>Sistema de control de precisi\u00f3n:<\/strong> Los variadores de frecuencia de las bombas dosificadoras permiten una alimentaci\u00f3n proporcional exacta con un ajuste PLC en tiempo real de los par\u00e1metros de caudal, pH y temperatura.<\/li>\n<li><strong>Tecnolog\u00eda de mezcla avanzada:<\/strong> Las palas de paleta con tubo de aspiraci\u00f3n crean una mezcla turbulenta uniforme al tiempo que preservan la integridad de las part\u00edculas; Los sellos mec\u00e1nicos o de relleno proporcionan compatibilidad con lodos corrosivos.<\/li>\n<li><strong>Elementos filtrantes regenerables:<\/strong> Los tubos microporosos patentados admiten ciclos de regeneraci\u00f3n \u00e1cidos\/\u00e1lcalis y soportan una presi\u00f3n de retrolavado de 0,7 MPa para prolongar la vida \u00fatil<\/li>\n<li><strong>Construcci\u00f3n resistente a la corrosi\u00f3n:<\/strong> Revestimientos seleccionables (SUS304\/316L o TA2) adaptados a la qu\u00edmica espec\u00edfica de la lechada para una m\u00e1xima durabilidad.<\/li>\n<li><strong>Operaci\u00f3n automatizada:<\/strong> Los controles PLC\/DCS integrados permiten una producci\u00f3n continua con una intervenci\u00f3n manual m\u00ednima<\/li>\n<\/ul>\t\t\t\t\t\t\t\t<\/div>\n\t\t\t\t<\/div>\n\t\t<div class=\"elementor-element elementor-element-116f4ae e-con-full e-flex e-con e-child\" data-id=\"116f4ae\" data-element_type=\"container\" data-e-type=\"container\" data-settings=\"{&quot;background_background&quot;:&quot;classic&quot;}\">\n\t\t\t\t<div class=\"elementor-element elementor-element-2750576 elementor-widget elementor-widget-heading\" data-id=\"2750576\" data-element_type=\"widget\" data-e-type=\"widget\" data-widget_type=\"heading.default\">\n\t\t\t\t\t<h2 class=\"elementor-heading-title elementor-size-default\">Rendimiento del proceso<\/h2>\t\t\t\t<\/div>\n\t\t\t\t<\/div>\n\t\t<div class=\"elementor-element elementor-element-ef3abbe e-con-full e-flex e-con e-child\" data-id=\"ef3abbe\" data-element_type=\"container\" data-e-type=\"container\">\n\t\t<div class=\"elementor-element elementor-element-b98c614 e-con-full e-flex e-con e-child\" data-id=\"b98c614\" data-element_type=\"container\" data-e-type=\"container\">\n\t\t\t\t<div class=\"elementor-element elementor-element-901eb58 elementor-widget elementor-widget-image\" data-id=\"901eb58\" data-element_type=\"widget\" data-e-type=\"widget\" data-widget_type=\"image.default\">\n\t\t\t\t\t\t\t\t\t\t\t\t\t\t\t<img fetchpriority=\"high\" decoding=\"async\" width=\"816\" height=\"719\" src=\"https:\/\/dongoufilter.com\/wp-content\/uploads\/2025\/09\/PGFYNS\u6d41\u7a0b\u56fe\u82f1\u6587.png\" class=\"attachment-full size-full wp-image-2385\" alt=\"\" srcset=\"https:\/\/dongoufilter.com\/wp-content\/uploads\/2025\/09\/PGFYNS\u6d41\u7a0b\u56fe\u82f1\u6587.png 816w, https:\/\/dongoufilter.com\/wp-content\/uploads\/2025\/09\/PGFYNS\u6d41\u7a0b\u56fe\u82f1\u6587-300x264.png 300w, https:\/\/dongoufilter.com\/wp-content\/uploads\/2025\/09\/PGFYNS\u6d41\u7a0b\u56fe\u82f1\u6587-768x677.png 768w, https:\/\/dongoufilter.com\/wp-content\/uploads\/2025\/09\/PGFYNS\u6d41\u7a0b\u56fe\u82f1\u6587-600x529.png 600w\" sizes=\"(max-width: 816px) 100vw, 816px\" \/>\t\t\t\t\t\t\t\t\t\t\t\t\t\t\t<\/div>\n\t\t\t\t<\/div>\n\t\t<div class=\"elementor-element elementor-element-a4c7031 e-con-full e-flex e-con e-child\" data-id=\"a4c7031\" data-element_type=\"container\" data-e-type=\"container\">\n\t\t\t\t<div class=\"elementor-element elementor-element-9935bf5 elementor-widget elementor-widget-text-editor\" data-id=\"9935bf5\" data-element_type=\"widget\" data-e-type=\"widget\" data-widget_type=\"text-editor.default\">\n\t\t\t\t\t\t\t\t\t<p>El sistema permite un proceso continuo y optimizado dentro de una unidad:<\/p><p>Dosificaci\u00f3n proporcional de alimentaci\u00f3n m\u00faltiple en la tuber\u00eda para la reacci\u00f3n inicial, seguida de 6 a 8 horas de agitaci\u00f3n del tubo de tiro para una PSD uniforme y una morfolog\u00eda refinada.<\/p><p>Extracci\u00f3n continua de licor madre mediante vac\u00edo y filtraci\u00f3n microporosa, logrando niveles de concentraci\u00f3n objetivo sin paradas del proceso.<\/p><p>Lavado directo en el recipiente con solventes o agua agregados, luego bombeo aguas abajo, acortando cuatro pasos est\u00e1ndar a uno para ciclos m\u00e1s r\u00e1pidos.<\/p><p>Da como resultado un 30% menos de huella e inversi\u00f3n, hasta un 20% m\u00e1s de rendimiento en s\u00edntesis de m\u00faltiples componentes, pureza mejorada y reducci\u00f3n de energ\u00eda\/desperdicio a trav\u00e9s de un funcionamiento estable.<\/p>\t\t\t\t\t\t\t\t<\/div>\n\t\t\t\t<\/div>\n\t\t\t\t<\/div>\n\t\t\t\t<\/div>\n\t\t\t\t<\/div>\n\t\t","protected":false},"excerpt":{"rendered":"<p>El PGFYNS es una unidad integrada de reacci\u00f3n y concentraci\u00f3n que cuenta con un conjunto de un solo recipiente con bombas dosificadoras para m\u00faltiples materias primas (A, B, C +), sistema de s\u00edntesis de reacci\u00f3n ligeramente presurizado, agitador, tubos microporosos regenerables, sistema de filtraci\u00f3n al vac\u00edo y controles PLC \/ DCS. Este dise\u00f1o integrado reduce los requisitos generales de equipo y transferencia. <\/p>\n<p>Al combinar los procesos de reacci\u00f3n, alimentaci\u00f3n y concentraci\u00f3n en un solo sistema, simplifica las operaciones al tiempo que garantiza un control preciso y un rendimiento confiable para aplicaciones exigentes en las industrias qu\u00edmica, farmac\u00e9utica y metal\u00fargica.<\/p>\n","protected":false},"featured_media":4932,"template":"","meta":{"_acf_changed":false},"product_brand":[],"product_cat":[49],"product_tag":[],"class_list":{"0":"post-2382","1":"product","2":"type-product","3":"status-publish","4":"has-post-thumbnail","6":"product_cat-sin-categoria","8":"first","9":"instock","10":"shipping-taxable","11":"product-type-simple"},"acf":[],"_links":{"self":[{"href":"https:\/\/dongoufilter.com\/es\/wp-json\/wp\/v2\/product\/2382","targetHints":{"allow":["GET"]}}],"collection":[{"href":"https:\/\/dongoufilter.com\/es\/wp-json\/wp\/v2\/product"}],"about":[{"href":"https:\/\/dongoufilter.com\/es\/wp-json\/wp\/v2\/types\/product"}],"version-history":[{"count":3,"href":"https:\/\/dongoufilter.com\/es\/wp-json\/wp\/v2\/product\/2382\/revisions"}],"predecessor-version":[{"id":3856,"href":"https:\/\/dongoufilter.com\/es\/wp-json\/wp\/v2\/product\/2382\/revisions\/3856"}],"wp:featuredmedia":[{"embeddable":true,"href":"https:\/\/dongoufilter.com\/es\/wp-json\/wp\/v2\/media\/4932"}],"wp:attachment":[{"href":"https:\/\/dongoufilter.com\/es\/wp-json\/wp\/v2\/media?parent=2382"}],"wp:term":[{"taxonomy":"product_brand","embeddable":true,"href":"https:\/\/dongoufilter.com\/es\/wp-json\/wp\/v2\/product_brand?post=2382"},{"taxonomy":"product_cat","embeddable":true,"href":"https:\/\/dongoufilter.com\/es\/wp-json\/wp\/v2\/product_cat?post=2382"},{"taxonomy":"product_tag","embeddable":true,"href":"https:\/\/dongoufilter.com\/es\/wp-json\/wp\/v2\/product_tag?post=2382"}],"curies":[{"name":"wp","href":"https:\/\/api.w.org\/{rel}","templated":true}]}}