{"id":2304,"date":"2025-09-25T09:39:24","date_gmt":"2025-09-25T01:39:24","guid":{"rendered":"https:\/\/dongoufilter.com\/product\/lavadora-de-filtro-prensa-pgt\/"},"modified":"2025-11-10T13:38:46","modified_gmt":"2025-11-10T05:38:46","slug":"lavadora-de-filtro-prensa-pgt","status":"publish","type":"product","link":"https:\/\/dongoufilter.com\/es\/producto\/lavadora-de-filtro-prensa-pgt\/","title":{"rendered":"Lavadora de filtro prensa PGT"},"content":{"rendered":"\t\t<div data-elementor-type=\"product-post\" data-elementor-id=\"2304\" class=\"elementor elementor-2304 elementor-429\" data-elementor-post-type=\"product\">\n\t\t\t\t<div class=\"elementor-element elementor-element-6e8b52f e-con-full e-flex e-con e-parent\" data-id=\"6e8b52f\" data-element_type=\"container\" data-e-type=\"container\">\n\t\t<div class=\"elementor-element elementor-element-31b9418 e-grid e-con-full e-con e-child\" data-id=\"31b9418\" data-element_type=\"container\" data-e-type=\"container\">\n\t\t\t\t<div class=\"elementor-element elementor-element-a721cdf elementor-position-top elementor-widget elementor-widget-image-box\" data-id=\"a721cdf\" data-element_type=\"widget\" data-e-type=\"widget\" data-widget_type=\"image-box.default\">\n\t\t\t\t\t<div class=\"elementor-image-box-wrapper\"><figure class=\"elementor-image-box-img\"><img decoding=\"async\" width=\"200\" height=\"200\" src=\"https:\/\/dongoufilter.com\/wp-content\/uploads\/2025\/09\/Horizontal.png\" class=\"attachment-full size-full wp-image-2310\" alt=\"\" srcset=\"https:\/\/dongoufilter.com\/wp-content\/uploads\/2025\/09\/Horizontal.png 200w, https:\/\/dongoufilter.com\/wp-content\/uploads\/2025\/09\/Horizontal-150x150.png 150w, https:\/\/dongoufilter.com\/wp-content\/uploads\/2025\/09\/Horizontal-100x100.png 100w\" sizes=\"(max-width: 200px) 100vw, 200px\" \/><\/figure><div class=\"elementor-image-box-content\"><h3 class=\"elementor-image-box-title\">Dise\u00f1o horizontal de bajo perfil<\/h3><p class=\"elementor-image-box-description\">Requiere menos altura de instalaci\u00f3n, lo que lo hace adecuado para plantas tradicionales como reemplazo de filtros prensa.<\/p><\/div><\/div>\t\t\t\t<\/div>\n\t\t\t\t<div class=\"elementor-element elementor-element-06ea1f2 elementor-position-top elementor-widget elementor-widget-image-box\" data-id=\"06ea1f2\" data-element_type=\"widget\" data-e-type=\"widget\" data-widget_type=\"image-box.default\">\n\t\t\t\t\t<div class=\"elementor-image-box-wrapper\"><figure class=\"elementor-image-box-img\"><img decoding=\"async\" width=\"200\" height=\"200\" src=\"https:\/\/dongoufilter.com\/wp-content\/uploads\/2025\/09\/Dual-filtration-zones.png\" class=\"attachment-full size-full wp-image-2308\" alt=\"\" srcset=\"https:\/\/dongoufilter.com\/wp-content\/uploads\/2025\/09\/Dual-filtration-zones.png 200w, https:\/\/dongoufilter.com\/wp-content\/uploads\/2025\/09\/Dual-filtration-zones-150x150.png 150w, https:\/\/dongoufilter.com\/wp-content\/uploads\/2025\/09\/Dual-filtration-zones-100x100.png 100w\" sizes=\"(max-width: 200px) 100vw, 200px\" \/><\/figure><div class=\"elementor-image-box-content\"><h3 class=\"elementor-image-box-title\">Zonas de filtraci\u00f3n dobles<\/h3><p class=\"elementor-image-box-description\">Secci\u00f3n del tubo del filtro principal para una r\u00e1pida filtraci\u00f3n de lodos, adem\u00e1s de placa de filtro inferior auxiliar para una captura completa de residuos.<\/p><\/div><\/div>\t\t\t\t<\/div>\n\t\t\t\t<div class=\"elementor-element elementor-element-4c2ce5d elementor-position-top elementor-widget elementor-widget-image-box\" data-id=\"4c2ce5d\" data-element_type=\"widget\" data-e-type=\"widget\" data-widget_type=\"image-box.default\">\n\t\t\t\t\t<div class=\"elementor-image-box-wrapper\"><figure class=\"elementor-image-box-img\"><img decoding=\"async\" width=\"225\" height=\"200\" src=\"https:\/\/dongoufilter.com\/wp-content\/uploads\/2025\/09\/Integrated-washing-drying.png\" class=\"attachment-full size-full wp-image-2311\" alt=\"\" \/><\/figure><div class=\"elementor-image-box-content\"><h3 class=\"elementor-image-box-title\">Lavado y secado integrados<\/h3><p class=\"elementor-image-box-description\">Combina filtraci\u00f3n, lavado de lechada y secado a presi\u00f3n en un sistema sellado, evitando la contaminaci\u00f3n de la torta.<\/p><\/div><\/div>\t\t\t\t<\/div>\n\t\t\t\t<div class=\"elementor-element elementor-element-55565e3 elementor-position-top elementor-widget elementor-widget-image-box\" data-id=\"55565e3\" data-element_type=\"widget\" data-e-type=\"widget\" data-widget_type=\"image-box.default\">\n\t\t\t\t\t<div class=\"elementor-image-box-wrapper\"><figure class=\"elementor-image-box-img\"><img loading=\"lazy\" decoding=\"async\" width=\"200\" height=\"200\" src=\"https:\/\/dongoufilter.com\/wp-content\/uploads\/2025\/09\/rotatable-mechanism.png\" class=\"attachment-full size-full wp-image-2314\" alt=\"\" srcset=\"https:\/\/dongoufilter.com\/wp-content\/uploads\/2025\/09\/rotatable-mechanism.png 200w, https:\/\/dongoufilter.com\/wp-content\/uploads\/2025\/09\/rotatable-mechanism-150x150.png 150w, https:\/\/dongoufilter.com\/wp-content\/uploads\/2025\/09\/rotatable-mechanism-100x100.png 100w\" sizes=\"(max-width: 200px) 100vw, 200px\" \/><\/figure><div class=\"elementor-image-box-content\"><h3 class=\"elementor-image-box-title\">Mecanismo giratorio y de apertura r\u00e1pida<\/h3><p class=\"elementor-image-box-description\">Permite un desmontaje r\u00e1pido, un mantenimiento conveniente y una descarga eficiente de la torta.<\/p><\/div><\/div>\t\t\t\t<\/div>\n\t\t\t\t<div class=\"elementor-element elementor-element-ed4b09e elementor-position-top elementor-widget elementor-widget-image-box\" data-id=\"ed4b09e\" data-element_type=\"widget\" data-e-type=\"widget\" data-widget_type=\"image-box.default\">\n\t\t\t\t\t<div class=\"elementor-image-box-wrapper\"><figure class=\"elementor-image-box-img\"><img loading=\"lazy\" decoding=\"async\" width=\"200\" height=\"200\" src=\"https:\/\/dongoufilter.com\/wp-content\/uploads\/2025\/09\/Large-batch-handling.png\" class=\"attachment-full size-full wp-image-2312\" alt=\"\" srcset=\"https:\/\/dongoufilter.com\/wp-content\/uploads\/2025\/09\/Large-batch-handling.png 200w, https:\/\/dongoufilter.com\/wp-content\/uploads\/2025\/09\/Large-batch-handling-150x150.png 150w, https:\/\/dongoufilter.com\/wp-content\/uploads\/2025\/09\/Large-batch-handling-100x100.png 100w\" sizes=\"(max-width: 200px) 100vw, 200px\" \/><\/figure><div class=\"elementor-image-box-content\"><h3 class=\"elementor-image-box-title\">  Manipulaci\u00f3n de lotes grandes<\/h3><p class=\"elementor-image-box-description\">El \u00e1rea de la placa del filtro inferior es un 20% m\u00e1s grande que los modelos verticales comparables, lo que ofrece un mayor rendimiento por ciclo.<\/p><\/div><\/div>\t\t\t\t<\/div>\n\t\t\t\t<div class=\"elementor-element elementor-element-3345ea4 elementor-position-top elementor-widget elementor-widget-image-box\" data-id=\"3345ea4\" data-element_type=\"widget\" data-e-type=\"widget\" data-widget_type=\"image-box.default\">\n\t\t\t\t\t<div class=\"elementor-image-box-wrapper\"><figure class=\"elementor-image-box-img\"><img loading=\"lazy\" decoding=\"async\" width=\"200\" height=\"200\" src=\"https:\/\/dongoufilter.com\/wp-content\/uploads\/2025\/09\/Flexible-material-2.png\" class=\"attachment-full size-full wp-image-2309\" alt=\"\" srcset=\"https:\/\/dongoufilter.com\/wp-content\/uploads\/2025\/09\/Flexible-material-2.png 200w, https:\/\/dongoufilter.com\/wp-content\/uploads\/2025\/09\/Flexible-material-2-150x150.png 150w, https:\/\/dongoufilter.com\/wp-content\/uploads\/2025\/09\/Flexible-material-2-100x100.png 100w\" sizes=\"(max-width: 200px) 100vw, 200px\" \/><\/figure><div class=\"elementor-image-box-content\"><h3 class=\"elementor-image-box-title\">Opciones de materiales flexibles  <\/h3><p class=\"elementor-image-box-description\">Piezas h\u00famedas disponibles en revestimiento de pl\u00e1stico, acero inoxidable o titanio para cumplir con los requisitos de resistencia a la corrosi\u00f3n.<\/p><\/div><\/div>\t\t\t\t<\/div>\n\t\t\t\t<div class=\"elementor-element elementor-element-11ac961 elementor-position-top elementor-widget elementor-widget-image-box\" data-id=\"11ac961\" data-element_type=\"widget\" data-e-type=\"widget\" data-widget_type=\"image-box.default\">\n\t\t\t\t\t<div class=\"elementor-image-box-wrapper\"><figure class=\"elementor-image-box-img\"><img loading=\"lazy\" decoding=\"async\" width=\"236\" height=\"200\" src=\"https:\/\/dongoufilter.com\/wp-content\/uploads\/2025\/09\/Automated-operation-1.png\" class=\"attachment-full size-full wp-image-2307\" alt=\"\" \/><\/figure><div class=\"elementor-image-box-content\"><h3 class=\"elementor-image-box-title\">Operaci\u00f3n automatizada<\/h3><p class=\"elementor-image-box-description\">Filtraci\u00f3n cerrada, retrolavado, regeneraci\u00f3n qu\u00edmica y sincronizaci\u00f3n de unidades m\u00faltiples.<\/p><\/div><\/div>\t\t\t\t<\/div>\n\t\t\t\t<\/div>\n\t\t\t\t<\/div>\n\t\t\t\t<\/div>\n\t\t","protected":false},"excerpt":{"rendered":"<p>La lavadora de filtro prensa horizontal PGT est\u00e1 dise\u00f1ada para la clarificaci\u00f3n de precisi\u00f3n de gran volumen y la separaci\u00f3n s\u00f3lido-l\u00edquido. Con una estructura horizontal de baja altura y un mecanismo de apertura r\u00e1pida, puede reemplazar directamente los filtros prensa tradicionales de placa y marco en las plantas existentes, sin necesidad de modificaciones civiles adicionales. El sistema integra filtraci\u00f3n, lavado y secado a presi\u00f3n en una unidad cerrada, lo que reduce los riesgos de contaminaci\u00f3n y el consumo de energ\u00eda al tiempo que garantiza una producci\u00f3n limpia y eficiente. Se ha aplicado con \u00e9xito en polvos met\u00e1licos, sales inorg\u00e1nicas, productos cristalinos y procesamiento de tierras raras.   <\/p>\n","protected":false},"featured_media":2145,"template":"","meta":{"_acf_changed":false},"product_brand":[],"product_cat":[49],"product_tag":[],"class_list":{"0":"post-2304","1":"product","2":"type-product","3":"status-publish","4":"has-post-thumbnail","6":"product_cat-sin-categoria","8":"first","9":"instock","10":"shipping-taxable","11":"product-type-simple"},"acf":[],"_links":{"self":[{"href":"https:\/\/dongoufilter.com\/es\/wp-json\/wp\/v2\/product\/2304","targetHints":{"allow":["GET"]}}],"collection":[{"href":"https:\/\/dongoufilter.com\/es\/wp-json\/wp\/v2\/product"}],"about":[{"href":"https:\/\/dongoufilter.com\/es\/wp-json\/wp\/v2\/types\/product"}],"version-history":[{"count":4,"href":"https:\/\/dongoufilter.com\/es\/wp-json\/wp\/v2\/product\/2304\/revisions"}],"predecessor-version":[{"id":3875,"href":"https:\/\/dongoufilter.com\/es\/wp-json\/wp\/v2\/product\/2304\/revisions\/3875"}],"wp:featuredmedia":[{"embeddable":true,"href":"https:\/\/dongoufilter.com\/es\/wp-json\/wp\/v2\/media\/2145"}],"wp:attachment":[{"href":"https:\/\/dongoufilter.com\/es\/wp-json\/wp\/v2\/media?parent=2304"}],"wp:term":[{"taxonomy":"product_brand","embeddable":true,"href":"https:\/\/dongoufilter.com\/es\/wp-json\/wp\/v2\/product_brand?post=2304"},{"taxonomy":"product_cat","embeddable":true,"href":"https:\/\/dongoufilter.com\/es\/wp-json\/wp\/v2\/product_cat?post=2304"},{"taxonomy":"product_tag","embeddable":true,"href":"https:\/\/dongoufilter.com\/es\/wp-json\/wp\/v2\/product_tag?post=2304"}],"curies":[{"name":"wp","href":"https:\/\/api.w.org\/{rel}","templated":true}]}}