{"id":2233,"date":"2025-09-25T09:39:25","date_gmt":"2025-09-25T01:39:25","guid":{"rendered":"https:\/\/dongoufilter.com\/product\/lavadora-con-filtro-prensa-pgpx\/"},"modified":"2025-11-26T10:42:35","modified_gmt":"2025-11-26T02:42:35","slug":"lavadora-con-filtro-prensa-pgpx","status":"publish","type":"product","link":"https:\/\/dongoufilter.com\/es\/producto\/lavadora-con-filtro-prensa-pgpx\/","title":{"rendered":"Lavadora con filtro prensa PGPX"},"content":{"rendered":"\t\t<div data-elementor-type=\"product-post\" data-elementor-id=\"2233\" class=\"elementor elementor-2233 elementor-431\" data-elementor-post-type=\"product\">\n\t\t\t\t<div class=\"elementor-element elementor-element-508ca7f e-con-full e-flex e-con e-parent\" data-id=\"508ca7f\" data-element_type=\"container\" data-e-type=\"container\">\n\t\t<div class=\"elementor-element elementor-element-8b1e1e5 e-grid e-con-full e-con e-child\" data-id=\"8b1e1e5\" data-element_type=\"container\" data-e-type=\"container\">\n\t\t\t\t<div class=\"elementor-element elementor-element-86e508b elementor-position-top elementor-widget elementor-widget-image-box\" data-id=\"86e508b\" data-element_type=\"widget\" data-e-type=\"widget\" data-widget_type=\"image-box.default\">\n\t\t\t\t\t<div class=\"elementor-image-box-wrapper\"><figure class=\"elementor-image-box-img\"><img decoding=\"async\" width=\"200\" height=\"200\" src=\"https:\/\/dongoufilter.com\/wp-content\/uploads\/2025\/09\/Agitated-washing-design.png\" class=\"attachment-full size-full wp-image-2245\" alt=\"\" srcset=\"https:\/\/dongoufilter.com\/wp-content\/uploads\/2025\/09\/Agitated-washing-design.png 200w, https:\/\/dongoufilter.com\/wp-content\/uploads\/2025\/09\/Agitated-washing-design-150x150.png 150w, https:\/\/dongoufilter.com\/wp-content\/uploads\/2025\/09\/Agitated-washing-design-100x100.png 100w\" sizes=\"(max-width: 200px) 100vw, 200px\" \/><\/figure><div class=\"elementor-image-box-content\"><h3 class=\"elementor-image-box-title\">Dise\u00f1o de lavado agitado<\/h3><p class=\"elementor-image-box-description\">  El agitador integrado proporciona un lavado uniforme, lo que reduce el consumo de disolventes de lavado y mejora la eliminaci\u00f3n de impurezas.\n<\/p><\/div><\/div>\t\t\t\t<\/div>\n\t\t\t\t<div class=\"elementor-element elementor-element-c918078 elementor-position-top elementor-widget elementor-widget-image-box\" data-id=\"c918078\" data-element_type=\"widget\" data-e-type=\"widget\" data-widget_type=\"image-box.default\">\n\t\t\t\t\t<div class=\"elementor-image-box-wrapper\"><figure class=\"elementor-image-box-img\"><img decoding=\"async\" width=\"200\" height=\"200\" src=\"https:\/\/dongoufilter.com\/wp-content\/uploads\/2025\/09\/Quick-opening.png\" class=\"attachment-full size-full wp-image-2250\" alt=\"\" srcset=\"https:\/\/dongoufilter.com\/wp-content\/uploads\/2025\/09\/Quick-opening.png 200w, https:\/\/dongoufilter.com\/wp-content\/uploads\/2025\/09\/Quick-opening-150x150.png 150w, https:\/\/dongoufilter.com\/wp-content\/uploads\/2025\/09\/Quick-opening-100x100.png 100w\" sizes=\"(max-width: 200px) 100vw, 200px\" \/><\/figure><div class=\"elementor-image-box-content\"><h3 class=\"elementor-image-box-title\">Descarga inferior de apertura r\u00e1pida con elementos microporosos<\/h3><p class=\"elementor-image-box-description\">Garantiza una descarga sin residuos, evitando la contaminaci\u00f3n entre lotes.<\/p><\/div><\/div>\t\t\t\t<\/div>\n\t\t\t\t<div class=\"elementor-element elementor-element-15079cb elementor-position-top elementor-widget elementor-widget-image-box\" data-id=\"15079cb\" data-element_type=\"widget\" data-e-type=\"widget\" data-widget_type=\"image-box.default\">\n\t\t\t\t\t<div class=\"elementor-image-box-wrapper\"><figure class=\"elementor-image-box-img\"><img decoding=\"async\" width=\"200\" height=\"200\" src=\"https:\/\/dongoufilter.com\/wp-content\/uploads\/2025\/09\/Pressure-drying.png\" class=\"attachment-full size-full wp-image-2249\" alt=\"\" srcset=\"https:\/\/dongoufilter.com\/wp-content\/uploads\/2025\/09\/Pressure-drying.png 200w, https:\/\/dongoufilter.com\/wp-content\/uploads\/2025\/09\/Pressure-drying-150x150.png 150w, https:\/\/dongoufilter.com\/wp-content\/uploads\/2025\/09\/Pressure-drying-100x100.png 100w\" sizes=\"(max-width: 200px) 100vw, 200px\" \/><\/figure><div class=\"elementor-image-box-content\"><h3 class=\"elementor-image-box-title\">Capacidad de secado a presi\u00f3n  <\/h3><p class=\"elementor-image-box-description\">El secado a presi\u00f3n positiva y los ciclos de soplado controlados logran una mayor sequedad de la torta que los m\u00e9todos convencionales.\n<\/p><\/div><\/div>\t\t\t\t<\/div>\n\t\t\t\t<div class=\"elementor-element elementor-element-a77e68f elementor-position-top elementor-widget elementor-widget-image-box\" data-id=\"a77e68f\" data-element_type=\"widget\" data-e-type=\"widget\" data-widget_type=\"image-box.default\">\n\t\t\t\t\t<div class=\"elementor-image-box-wrapper\"><figure class=\"elementor-image-box-img\"><img loading=\"lazy\" decoding=\"async\" width=\"200\" height=\"200\" src=\"https:\/\/dongoufilter.com\/wp-content\/uploads\/2025\/09\/Large-filtration-area-1.png\" class=\"attachment-full size-full wp-image-2248\" alt=\"\" srcset=\"https:\/\/dongoufilter.com\/wp-content\/uploads\/2025\/09\/Large-filtration-area-1.png 200w, https:\/\/dongoufilter.com\/wp-content\/uploads\/2025\/09\/Large-filtration-area-1-150x150.png 150w, https:\/\/dongoufilter.com\/wp-content\/uploads\/2025\/09\/Large-filtration-area-1-100x100.png 100w\" sizes=\"(max-width: 200px) 100vw, 200px\" \/><\/figure><div class=\"elementor-image-box-content\"><h3 class=\"elementor-image-box-title\">Gran \u00e1rea de filtraci\u00f3n  <\/h3><p class=\"elementor-image-box-description\">Superficie de una sola unidad de hasta 200 m\u00b2; Di\u00e1metro de la puerta de apertura r\u00e1pida de hasta 2 m para una descarga eficiente de la torta.\n<\/p><\/div><\/div>\t\t\t\t<\/div>\n\t\t\t\t<div class=\"elementor-element elementor-element-94c49c4 elementor-position-top elementor-widget elementor-widget-image-box\" data-id=\"94c49c4\" data-element_type=\"widget\" data-e-type=\"widget\" data-widget_type=\"image-box.default\">\n\t\t\t\t\t<div class=\"elementor-image-box-wrapper\"><figure class=\"elementor-image-box-img\"><img loading=\"lazy\" decoding=\"async\" width=\"200\" height=\"200\" src=\"https:\/\/dongoufilter.com\/wp-content\/uploads\/2025\/09\/Flexible-material.png\" class=\"attachment-full size-full wp-image-2246\" alt=\"\" srcset=\"https:\/\/dongoufilter.com\/wp-content\/uploads\/2025\/09\/Flexible-material.png 200w, https:\/\/dongoufilter.com\/wp-content\/uploads\/2025\/09\/Flexible-material-150x150.png 150w, https:\/\/dongoufilter.com\/wp-content\/uploads\/2025\/09\/Flexible-material-100x100.png 100w\" sizes=\"(max-width: 200px) 100vw, 200px\" \/><\/figure><div class=\"elementor-image-box-content\"><h3 class=\"elementor-image-box-title\">Opciones de materiales flexibles  <\/h3><p class=\"elementor-image-box-description\">Piezas h\u00famedas disponibles en revestimiento de pl\u00e1stico, acero inoxidable o titanio para cumplir con diversas condiciones de lodo.<\/p><\/div><\/div>\t\t\t\t<\/div>\n\t\t\t\t<div class=\"elementor-element elementor-element-44cec2e elementor-position-top elementor-widget elementor-widget-image-box\" data-id=\"44cec2e\" data-element_type=\"widget\" data-e-type=\"widget\" data-widget_type=\"image-box.default\">\n\t\t\t\t\t<div class=\"elementor-image-box-wrapper\"><figure class=\"elementor-image-box-img\"><img loading=\"lazy\" decoding=\"async\" width=\"200\" height=\"200\" src=\"https:\/\/dongoufilter.com\/wp-content\/uploads\/2025\/09\/Fully-automated-operation.png\" class=\"attachment-full size-full wp-image-2247\" alt=\"\" srcset=\"https:\/\/dongoufilter.com\/wp-content\/uploads\/2025\/09\/Fully-automated-operation.png 200w, https:\/\/dongoufilter.com\/wp-content\/uploads\/2025\/09\/Fully-automated-operation-150x150.png 150w, https:\/\/dongoufilter.com\/wp-content\/uploads\/2025\/09\/Fully-automated-operation-100x100.png 100w\" sizes=\"(max-width: 200px) 100vw, 200px\" \/><\/figure><div class=\"elementor-image-box-content\"><h3 class=\"elementor-image-box-title\">Operaci\u00f3n totalmente automatizada  <\/h3><p class=\"elementor-image-box-description\">Filtraci\u00f3n sellada, lavado por agitaci\u00f3n, secado a presi\u00f3n, descarga de apertura de tapa y sincronizaci\u00f3n de unidades m\u00faltiples.<\/p><\/div><\/div>\t\t\t\t<\/div>\n\t\t\t\t<\/div>\n\t\t<div class=\"elementor-element elementor-element-094addb e-con-full e-flex e-con e-child\" data-id=\"094addb\" data-element_type=\"container\" data-e-type=\"container\" data-settings=\"{&quot;background_background&quot;:&quot;classic&quot;}\">\n\t\t\t\t<div class=\"elementor-element elementor-element-8857018 elementor-widget elementor-widget-heading\" data-id=\"8857018\" data-element_type=\"widget\" data-e-type=\"widget\" data-widget_type=\"heading.default\">\n\t\t\t\t\t<h2 class=\"elementor-heading-title elementor-size-default\">Rendimiento del proceso<\/h2>\t\t\t\t<\/div>\n\t\t\t\t<\/div>\n\t\t<div class=\"elementor-element elementor-element-e5810ac e-con-full e-flex e-con e-child\" data-id=\"e5810ac\" data-element_type=\"container\" data-e-type=\"container\">\n\t\t<div class=\"elementor-element elementor-element-30add6b e-con-full e-flex e-con e-child\" data-id=\"30add6b\" data-element_type=\"container\" data-e-type=\"container\">\n\t\t\t\t<div class=\"elementor-element elementor-element-46ea4b2 elementor-widget elementor-widget-image\" data-id=\"46ea4b2\" data-element_type=\"widget\" data-e-type=\"widget\" data-widget_type=\"image.default\">\n\t\t\t\t\t\t\t\t\t\t\t\t\t\t\t<img loading=\"lazy\" decoding=\"async\" width=\"1073\" height=\"913\" src=\"https:\/\/dongoufilter.com\/wp-content\/uploads\/2025\/09\/PGPX\u6d41\u7a0b\u56fe\u82f1\u6587.png\" class=\"attachment-full size-full wp-image-2251\" alt=\"\" srcset=\"https:\/\/dongoufilter.com\/wp-content\/uploads\/2025\/09\/PGPX\u6d41\u7a0b\u56fe\u82f1\u6587.png 1073w, https:\/\/dongoufilter.com\/wp-content\/uploads\/2025\/09\/PGPX\u6d41\u7a0b\u56fe\u82f1\u6587-300x255.png 300w, https:\/\/dongoufilter.com\/wp-content\/uploads\/2025\/09\/PGPX\u6d41\u7a0b\u56fe\u82f1\u6587-1024x871.png 1024w, https:\/\/dongoufilter.com\/wp-content\/uploads\/2025\/09\/PGPX\u6d41\u7a0b\u56fe\u82f1\u6587-768x653.png 768w, https:\/\/dongoufilter.com\/wp-content\/uploads\/2025\/09\/PGPX\u6d41\u7a0b\u56fe\u82f1\u6587-600x511.png 600w\" sizes=\"(max-width: 1073px) 100vw, 1073px\" \/>\t\t\t\t\t\t\t\t\t\t\t\t\t\t\t<\/div>\n\t\t\t\t<\/div>\n\t\t<div class=\"elementor-element elementor-element-03d912e e-con-full e-flex e-con e-child\" data-id=\"03d912e\" data-element_type=\"container\" data-e-type=\"container\">\n\t\t\t\t<div class=\"elementor-element elementor-element-bb1c45f elementor-widget elementor-widget-text-editor\" data-id=\"bb1c45f\" data-element_type=\"widget\" data-e-type=\"widget\" data-widget_type=\"text-editor.default\">\n\t\t\t\t\t\t\t\t\t<p>Alta sequedad de la torta para la manipulaci\u00f3n posterior: combina el lavado y el secado a presi\u00f3n para entregar tortas con bajo contenido de humedad, lo que reduce los costos de secado posteriores y mejora la eficiencia del transporte.<\/p><p>Descarga sin residuos: el fondo de apertura r\u00e1pida con dise\u00f1o microporoso garantiza la eliminaci\u00f3n completa del l\u00edquido, eliminando los riesgos entre lotes en las industrias reguladas.<\/p><p>Eficiencia de lavado uniforme: el agitador garantiza que el l\u00edquido de lavado penetre uniformemente en la torta, produciendo productos cristalinos de alta pureza con un uso reducido de solventes.<\/p><p>Precisi\u00f3n con polvos ultrafinos: Procesa polvos sensibles mientras logra una alta sequedad y preserva la integridad de las part\u00edculas, ideal para productos qu\u00edmicos especiales y API.<\/p><p>De confianza en la producci\u00f3n de alto valor: Ampliamente utilizado en productos qu\u00edmicos finos, API, aditivos alimentarios y polvos especiales, donde se requiere un estricto control de lotes y manejo de tortas secas.<\/p>\t\t\t\t\t\t\t\t<\/div>\n\t\t\t\t<\/div>\n\t\t\t\t<\/div>\n\t\t\t\t<\/div>\n\t\t\t\t<\/div>\n\t\t","protected":false},"excerpt":{"rendered":"<p>La lavadora de filtros PGPX est\u00e1 dise\u00f1ada espec\u00edficamente para el lavado de lodos, la filtraci\u00f3n y el secado a presi\u00f3n, donde la alta sequedad de la torta y la estricta separaci\u00f3n de lotes son fundamentales. Con un agitador integrado y una descarga inferior de apertura r\u00e1pida con elementos microporosos, PGPX logra una descarga sin residuos al tiempo que ofrece un rendimiento de lavado superior. Es ampliamente adoptado en productos qu\u00edmicos finos, API farmac\u00e9uticos, aditivos alimentarios y polvos especiales, donde la calidad del producto y el estricto control del proceso son esenciales.  <\/p>\n","protected":false},"featured_media":4925,"template":"","meta":{"_acf_changed":false},"product_brand":[],"product_cat":[49],"product_tag":[],"class_list":{"0":"post-2233","1":"product","2":"type-product","3":"status-publish","4":"has-post-thumbnail","6":"product_cat-sin-categoria","8":"first","9":"instock","10":"shipping-taxable","11":"product-type-simple"},"acf":[],"_links":{"self":[{"href":"https:\/\/dongoufilter.com\/es\/wp-json\/wp\/v2\/product\/2233","targetHints":{"allow":["GET"]}}],"collection":[{"href":"https:\/\/dongoufilter.com\/es\/wp-json\/wp\/v2\/product"}],"about":[{"href":"https:\/\/dongoufilter.com\/es\/wp-json\/wp\/v2\/types\/product"}],"version-history":[{"count":2,"href":"https:\/\/dongoufilter.com\/es\/wp-json\/wp\/v2\/product\/2233\/revisions"}],"predecessor-version":[{"id":3977,"href":"https:\/\/dongoufilter.com\/es\/wp-json\/wp\/v2\/product\/2233\/revisions\/3977"}],"wp:featuredmedia":[{"embeddable":true,"href":"https:\/\/dongoufilter.com\/es\/wp-json\/wp\/v2\/media\/4925"}],"wp:attachment":[{"href":"https:\/\/dongoufilter.com\/es\/wp-json\/wp\/v2\/media?parent=2233"}],"wp:term":[{"taxonomy":"product_brand","embeddable":true,"href":"https:\/\/dongoufilter.com\/es\/wp-json\/wp\/v2\/product_brand?post=2233"},{"taxonomy":"product_cat","embeddable":true,"href":"https:\/\/dongoufilter.com\/es\/wp-json\/wp\/v2\/product_cat?post=2233"},{"taxonomy":"product_tag","embeddable":true,"href":"https:\/\/dongoufilter.com\/es\/wp-json\/wp\/v2\/product_tag?post=2233"}],"curies":[{"name":"wp","href":"https:\/\/api.w.org\/{rel}","templated":true}]}}