{"id":2135,"date":"2025-09-25T09:39:25","date_gmt":"2025-09-25T01:39:25","guid":{"rendered":"https:\/\/dongoufilter.com\/product\/lavadora-con-filtro-prensa-pgz\/"},"modified":"2025-11-06T17:03:15","modified_gmt":"2025-11-06T09:03:15","slug":"lavadora-con-filtro-prensa-pgz","status":"publish","type":"product","link":"https:\/\/dongoufilter.com\/es\/producto\/lavadora-con-filtro-prensa-pgz\/","title":{"rendered":"Lavadora con filtro prensa PGZ"},"content":{"rendered":"\t\t<div data-elementor-type=\"product-post\" data-elementor-id=\"2135\" class=\"elementor elementor-2135 elementor-430\" data-elementor-post-type=\"product\">\n\t\t\t\t<div class=\"elementor-element elementor-element-8083c9e e-con-full e-flex e-con e-parent\" data-id=\"8083c9e\" data-element_type=\"container\" data-e-type=\"container\">\n\t\t<div class=\"elementor-element elementor-element-cbfa4d0 e-grid e-con-full e-con e-child\" data-id=\"cbfa4d0\" data-element_type=\"container\" data-e-type=\"container\">\n\t\t\t\t<div class=\"elementor-element elementor-element-27843cd elementor-position-top elementor-widget elementor-widget-image-box\" data-id=\"27843cd\" data-element_type=\"widget\" data-e-type=\"widget\" data-widget_type=\"image-box.default\">\n\t\t\t\t\t<div class=\"elementor-image-box-wrapper\"><figure class=\"elementor-image-box-img\"><img decoding=\"async\" width=\"228\" height=\"200\" src=\"https:\/\/dongoufilter.com\/wp-content\/uploads\/2025\/09\/Vertical-inverting-vessel.png\" class=\"attachment-full size-full wp-image-2141\" alt=\"\" \/><\/figure><div class=\"elementor-image-box-content\"><h3 class=\"elementor-image-box-title\">Recipiente inversor vertical  <\/h3><p class=\"elementor-image-box-description\">Permite una descarga completa y una limpieza a fondo, reduciendo la intervenci\u00f3n manual y asegurando que no haya residuos de material.\n<\/p><\/div><\/div>\t\t\t\t<\/div>\n\t\t\t\t<div class=\"elementor-element elementor-element-890cf0c elementor-position-top elementor-widget elementor-widget-image-box\" data-id=\"890cf0c\" data-element_type=\"widget\" data-e-type=\"widget\" data-widget_type=\"image-box.default\">\n\t\t\t\t\t<div class=\"elementor-image-box-wrapper\"><figure class=\"elementor-image-box-img\"><img decoding=\"async\" width=\"200\" height=\"200\" src=\"https:\/\/dongoufilter.com\/wp-content\/uploads\/2025\/09\/Large-diameter.png\" class=\"attachment-full size-full wp-image-2142\" alt=\"\" srcset=\"https:\/\/dongoufilter.com\/wp-content\/uploads\/2025\/09\/Large-diameter.png 200w, https:\/\/dongoufilter.com\/wp-content\/uploads\/2025\/09\/Large-diameter-150x150.png 150w, https:\/\/dongoufilter.com\/wp-content\/uploads\/2025\/09\/Large-diameter-100x100.png 100w\" sizes=\"(max-width: 200px) 100vw, 200px\" \/><\/figure><div class=\"elementor-image-box-content\"><h3 class=\"elementor-image-box-title\">Placas filtrantes de gran di\u00e1metro  <\/h3><p class=\"elementor-image-box-description\">Hasta 3 m, proporcionando una alta capacidad de filtraci\u00f3n por lote.<\/p><\/div><\/div>\t\t\t\t<\/div>\n\t\t\t\t<div class=\"elementor-element elementor-element-f49d72b elementor-position-top elementor-widget elementor-widget-image-box\" data-id=\"f49d72b\" data-element_type=\"widget\" data-e-type=\"widget\" data-widget_type=\"image-box.default\">\n\t\t\t\t\t<div class=\"elementor-image-box-wrapper\"><figure class=\"elementor-image-box-img\"><img decoding=\"async\" width=\"200\" height=\"200\" src=\"https:\/\/dongoufilter.com\/wp-content\/uploads\/2025\/09\/Sealed-and-automated-operation.png\" class=\"attachment-full size-full wp-image-2140\" alt=\"\" srcset=\"https:\/\/dongoufilter.com\/wp-content\/uploads\/2025\/09\/Sealed-and-automated-operation.png 200w, https:\/\/dongoufilter.com\/wp-content\/uploads\/2025\/09\/Sealed-and-automated-operation-150x150.png 150w, https:\/\/dongoufilter.com\/wp-content\/uploads\/2025\/09\/Sealed-and-automated-operation-100x100.png 100w\" sizes=\"(max-width: 200px) 100vw, 200px\" \/><\/figure><div class=\"elementor-image-box-content\"><h3 class=\"elementor-image-box-title\">Operaci\u00f3n sellada y automatizada  <\/h3><p class=\"elementor-image-box-description\">El sistema cerrado evita la contaminaci\u00f3n, con secado a presi\u00f3n automatizado, descarga de torta y sincronizaci\u00f3n de m\u00faltiples unidades.\n<\/p><\/div><\/div>\t\t\t\t<\/div>\n\t\t\t\t<div class=\"elementor-element elementor-element-04c6aef elementor-position-top elementor-widget elementor-widget-image-box\" data-id=\"04c6aef\" data-element_type=\"widget\" data-e-type=\"widget\" data-widget_type=\"image-box.default\">\n\t\t\t\t\t<div class=\"elementor-image-box-wrapper\"><figure class=\"elementor-image-box-img\"><img loading=\"lazy\" decoding=\"async\" width=\"200\" height=\"200\" src=\"https:\/\/dongoufilter.com\/wp-content\/uploads\/2025\/09\/Flexible-material-1.png\" class=\"attachment-full size-full wp-image-2144\" alt=\"\" srcset=\"https:\/\/dongoufilter.com\/wp-content\/uploads\/2025\/09\/Flexible-material-1.png 200w, https:\/\/dongoufilter.com\/wp-content\/uploads\/2025\/09\/Flexible-material-1-150x150.png 150w, https:\/\/dongoufilter.com\/wp-content\/uploads\/2025\/09\/Flexible-material-1-100x100.png 100w\" sizes=\"(max-width: 200px) 100vw, 200px\" \/><\/figure><div class=\"elementor-image-box-content\"><h3 class=\"elementor-image-box-title\">Opciones de materiales flexibles<\/h3><p class=\"elementor-image-box-description\">  Piezas h\u00famedas disponibles en revestimiento de pl\u00e1stico, acero inoxidable o titanio para resistencia a la corrosi\u00f3n.<\/p><\/div><\/div>\t\t\t\t<\/div>\n\t\t\t\t<div class=\"elementor-element elementor-element-bade109 elementor-position-top elementor-widget elementor-widget-image-box\" data-id=\"bade109\" data-element_type=\"widget\" data-e-type=\"widget\" data-widget_type=\"image-box.default\">\n\t\t\t\t\t<div class=\"elementor-image-box-wrapper\"><figure class=\"elementor-image-box-img\"><img loading=\"lazy\" decoding=\"async\" width=\"200\" height=\"200\" src=\"https:\/\/dongoufilter.com\/wp-content\/uploads\/2025\/09\/Efficient-washing.png\" class=\"attachment-full size-full wp-image-2143\" alt=\"\" srcset=\"https:\/\/dongoufilter.com\/wp-content\/uploads\/2025\/09\/Efficient-washing.png 200w, https:\/\/dongoufilter.com\/wp-content\/uploads\/2025\/09\/Efficient-washing-150x150.png 150w, https:\/\/dongoufilter.com\/wp-content\/uploads\/2025\/09\/Efficient-washing-100x100.png 100w\" sizes=\"(max-width: 200px) 100vw, 200px\" \/><\/figure><div class=\"elementor-image-box-content\"><h3 class=\"elementor-image-box-title\">Lavado y secado eficientes<\/h3><p class=\"elementor-image-box-description\">Los ciclos de secado y lavado a presi\u00f3n positiva brindan una alta sequedad de la torta y reducen los costos de energ\u00eda aguas abajo.<\/p><\/div><\/div>\t\t\t\t<\/div>\n\t\t\t\t<\/div>\n\t\t\t\t<\/div>\n\t\t\t\t<\/div>\n\t\t","protected":false},"excerpt":{"rendered":"<p>La lavadora de filtro prensa inversor PGZ es un sistema vertical sellado dise\u00f1ado para la filtraci\u00f3n, el lavado y el secado a presi\u00f3n de lodos con alto contenido de s\u00f3lidos. Su dise\u00f1o de recipiente inversor permite la descarga completa de la torta sin asistencia manual, lo que garantiza una limpieza m\u00e1s r\u00e1pida y un tiempo de inactividad minimizado. Con placas filtrantes de hasta 3 metros de di\u00e1metro y funcionamiento totalmente automatizado, PGZ se aplica ampliamente en filtraci\u00f3n de carb\u00f3n activado, soluciones cristalinas y polvos ultrafinos, donde el lavado, el secado y la descarga sin contaminaci\u00f3n eficientes son fundamentales.  <\/p>\n","protected":false},"featured_media":2146,"template":"","meta":{"_acf_changed":false},"product_brand":[],"product_cat":[49],"product_tag":[],"class_list":{"0":"post-2135","1":"product","2":"type-product","3":"status-publish","4":"has-post-thumbnail","6":"product_cat-sin-categoria","8":"first","9":"instock","10":"shipping-taxable","11":"product-type-simple"},"acf":[],"_links":{"self":[{"href":"https:\/\/dongoufilter.com\/es\/wp-json\/wp\/v2\/product\/2135","targetHints":{"allow":["GET"]}}],"collection":[{"href":"https:\/\/dongoufilter.com\/es\/wp-json\/wp\/v2\/product"}],"about":[{"href":"https:\/\/dongoufilter.com\/es\/wp-json\/wp\/v2\/types\/product"}],"version-history":[{"count":3,"href":"https:\/\/dongoufilter.com\/es\/wp-json\/wp\/v2\/product\/2135\/revisions"}],"predecessor-version":[{"id":3858,"href":"https:\/\/dongoufilter.com\/es\/wp-json\/wp\/v2\/product\/2135\/revisions\/3858"}],"wp:featuredmedia":[{"embeddable":true,"href":"https:\/\/dongoufilter.com\/es\/wp-json\/wp\/v2\/media\/2146"}],"wp:attachment":[{"href":"https:\/\/dongoufilter.com\/es\/wp-json\/wp\/v2\/media?parent=2135"}],"wp:term":[{"taxonomy":"product_brand","embeddable":true,"href":"https:\/\/dongoufilter.com\/es\/wp-json\/wp\/v2\/product_brand?post=2135"},{"taxonomy":"product_cat","embeddable":true,"href":"https:\/\/dongoufilter.com\/es\/wp-json\/wp\/v2\/product_cat?post=2135"},{"taxonomy":"product_tag","embeddable":true,"href":"https:\/\/dongoufilter.com\/es\/wp-json\/wp\/v2\/product_tag?post=2135"}],"curies":[{"name":"wp","href":"https:\/\/api.w.org\/{rel}","templated":true}]}}