{"id":7194,"date":"2026-04-09T15:52:39","date_gmt":"2026-04-09T07:52:39","guid":{"rendered":"https:\/\/dongoufilter.com\/filtracion-internacionalmente-avanzada-para-separacion-hidrometalurgica-lograda\/"},"modified":"2026-04-09T15:53:22","modified_gmt":"2026-04-09T07:53:22","slug":"filtracion-internacionalmente-avanzada-para-separacion-hidrometalurgica-lograda","status":"publish","type":"page","link":"https:\/\/dongoufilter.com\/es\/filtracion-internacionalmente-avanzada-para-separacion-hidrometalurgica-lograda\/","title":{"rendered":"Filtraci\u00f3n internacionalmente avanzada para separaci\u00f3n hidrometal\u00fargica \u2013 lograda"},"content":{"rendered":"\t\t<div data-elementor-type=\"wp-post\" data-elementor-id=\"7194\" class=\"elementor elementor-7194 elementor-7185\" data-elementor-post-type=\"page\">\n\t\t\t\t<div class=\"elementor-element elementor-element-13ee3c4 e-flex e-con-boxed e-con e-parent\" data-id=\"13ee3c4\" data-element_type=\"container\" data-e-type=\"container\">\n\t\t\t\t\t<div class=\"e-con-inner\">\n\t\t\t\t<div class=\"elementor-element elementor-element-30526ba elementor-widget elementor-widget-text-editor\" data-id=\"30526ba\" data-element_type=\"widget\" data-e-type=\"widget\" data-widget_type=\"text-editor.default\">\n\t\t\t\t\t\t\t\t\t<p><strong><b>Filtraci\u00f3n internacionalmente avanzada para separaci\u00f3n hidrometal\u00fargica \u2013 lograda<\/b><\/strong><\/p><p>El MF de Dongou, junto con la Universidad de Zhejiang, ha superado con \u00e9xito la evaluaci\u00f3n t\u00e9cnica de su <a href=\"https:\/\/dongoufilter.com\/es\/product-category\/sin-categoria\/\">membrana microporosa tubular org\u00e1nica y su sistema completo de equipos<\/a>.<\/p><p>\u2705 3 avances principales | 98,10% de rendimiento del producto<br>\u2705 100+ empresas | Sirviendo a GEM, CATL &amp; BYD<br>\u2705 Posibilitando una recuperaci\u00f3n de alto valor | Impulsando la mejora ecol\u00f3gica industrial<\/p><p>Como un \u00abPeque\u00f1o Gigante\u00bb nacional con 40 a\u00f1os de experiencia en filtraci\u00f3n, lideramos el futuro de la filtraci\u00f3n de precisi\u00f3n con pol\u00edmeros en China.<\/p>\t\t\t\t\t\t\t\t<\/div>\n\t\t\t\t<div class=\"elementor-element elementor-element-6a971ca elementor-widget elementor-widget-video\" data-id=\"6a971ca\" data-element_type=\"widget\" data-e-type=\"widget\" data-settings=\"{&quot;youtube_url&quot;:&quot;https:\\\/\\\/www.youtube.com\\\/watch?v=8MH2jDbbagI&quot;,&quot;video_type&quot;:&quot;youtube&quot;,&quot;controls&quot;:&quot;yes&quot;}\" data-widget_type=\"video.default\">\n\t\t\t\t\t\t\t<div class=\"elementor-wrapper elementor-open-inline\">\n\t\t\t<div class=\"elementor-video\"><\/div>\t\t<\/div>\n\t\t\t\t\t\t<\/div>\n\t\t\t\t\t<\/div>\n\t\t\t\t<\/div>\n\t\t\t\t<\/div>\n\t\t","protected":false},"excerpt":{"rendered":"<p>El MF de Dongou, junto con la Universidad de Zhejiang, ha superado con \u00e9xito la evaluaci\u00f3n t\u00e9cnica de su membrana microporosa tubular org\u00e1nica y su sistema completo de equipos.<br \/>\n\u2705 3 avances principales | 98,10% rendimiento<br \/>\n\u2705 producto 100+ empresas | Sirviendo a GEM, CATL &amp; BYD<br \/>\n\u2705 Posibilitando una recuperaci\u00f3n de alto valor | Impulsando la modernizaci\u00f3n<br \/>\nindustrial ecol\u00f3gica Como un \u00abPeque\u00f1o Gigante\u00bb nacional con 40 a\u00f1os de experiencia en filtraci\u00f3n, lideramos el futuro de la filtraci\u00f3n de precisi\u00f3n con pol\u00edmeros en China.<\/p>\n","protected":false},"author":3,"featured_media":0,"parent":0,"menu_order":0,"comment_status":"closed","ping_status":"closed","template":"","meta":{"_acf_changed":false,"footnotes":""},"class_list":["post-7194","page","type-page","status-publish","hentry"],"acf":[],"_links":{"self":[{"href":"https:\/\/dongoufilter.com\/es\/wp-json\/wp\/v2\/pages\/7194","targetHints":{"allow":["GET"]}}],"collection":[{"href":"https:\/\/dongoufilter.com\/es\/wp-json\/wp\/v2\/pages"}],"about":[{"href":"https:\/\/dongoufilter.com\/es\/wp-json\/wp\/v2\/types\/page"}],"author":[{"embeddable":true,"href":"https:\/\/dongoufilter.com\/es\/wp-json\/wp\/v2\/users\/3"}],"replies":[{"embeddable":true,"href":"https:\/\/dongoufilter.com\/es\/wp-json\/wp\/v2\/comments?post=7194"}],"version-history":[{"count":1,"href":"https:\/\/dongoufilter.com\/es\/wp-json\/wp\/v2\/pages\/7194\/revisions"}],"predecessor-version":[{"id":7196,"href":"https:\/\/dongoufilter.com\/es\/wp-json\/wp\/v2\/pages\/7194\/revisions\/7196"}],"wp:attachment":[{"href":"https:\/\/dongoufilter.com\/es\/wp-json\/wp\/v2\/media?parent=7194"}],"curies":[{"name":"wp","href":"https:\/\/api.w.org\/{rel}","templated":true}]}}